{"id":9617,"date":"2021-10-30T00:32:21","date_gmt":"2021-10-30T00:32:21","guid":{"rendered":"https:\/\/dryasinkursadvarsak.com\/?page_id=9617"},"modified":"2025-10-08T13:02:25","modified_gmt":"2025-10-08T10:02:25","slug":"rhinoplasty","status":"publish","type":"page","link":"https:\/\/dryasinkursadvarsak.com\/en\/rhinoplasty\/","title":{"rendered":"Rhinoplasty"},"content":{"rendered":"<div data-elementor-type=\"wp-page\" data-elementor-id=\"9617\" class=\"elementor elementor-9617\" data-elementor-post-type=\"page\">\n\t\t\t\t\t\t<section class=\"elementor-section elementor-top-section elementor-element elementor-element-5b3384a elementor-section-full_width elementor-section-height-default elementor-section-height-default qodef-elementor-content-no\" data-id=\"5b3384a\" data-element_type=\"section\" data-e-type=\"section\">\n\t\t\t\t\t\t<div class=\"elementor-container elementor-column-gap-default\">\n\t\t\t\t\t<div class=\"elementor-column elementor-col-50 elementor-top-column elementor-element elementor-element-23c40b9\" data-id=\"23c40b9\" data-element_type=\"column\" data-e-type=\"column\">\n\t\t\t<div class=\"elementor-widget-wrap elementor-element-populated\">\n\t\t\t\t\t\t<div class=\"elementor-element elementor-element-317c1bc elementor-widget elementor-widget-heading\" data-id=\"317c1bc\" data-element_type=\"widget\" data-e-type=\"widget\" data-widget_type=\"heading.default\">\n\t\t\t\t\t<h4 class=\"elementor-heading-title elementor-size-default\">Rhinoplasty<\/h4>\t\t\t\t<\/div>\n\t\t\t\t<div class=\"elementor-element elementor-element-e0e5553 elementor-widget elementor-widget-text-editor\" data-id=\"e0e5553\" data-element_type=\"widget\" data-e-type=\"widget\" data-widget_type=\"text-editor.default\">\n\t\t\t\t\t\t\t\t\t<p>Deformities in the nose are one of the most important reasons that negatively affect facial aesthetics. In addition to aesthetic problems, cartilage and bone curvatures in the nose and previously formed nasal fractures cause important health problems in breathing. For these reasons, people tend to have rhinoplasty surgeries in order to both breathe healthier and have a more aesthetically acceptable appearance.<\/p>\t\t\t\t\t\t\t\t<\/div>\n\t\t\t\t<div class=\"elementor-element elementor-element-795454e elementor-widget elementor-widget-heading\" data-id=\"795454e\" data-element_type=\"widget\" data-e-type=\"widget\" data-widget_type=\"heading.default\">\n\t\t\t\t\t<h4 class=\"elementor-heading-title elementor-size-default\">How is Rhinoplasty Performed?<\/h4>\t\t\t\t<\/div>\n\t\t\t\t<div class=\"elementor-element elementor-element-26044eb elementor-widget elementor-widget-text-editor\" data-id=\"26044eb\" data-element_type=\"widget\" data-e-type=\"widget\" data-widget_type=\"text-editor.default\">\n\t\t\t\t\t\t\t\t\t<p>The shape and size of the nose are permanently changed by applying various surgical techniques to the cartilage and bone structure of the nose. In this way, the nose can be enlarged or reduced as desired. \nIn some people, while the nose shape is changed, other situations that cause nasal dysfunction can be corrected in the same session.<\/p>\t\t\t\t\t\t\t\t<\/div>\n\t\t\t\t\t<\/div>\n\t\t<\/div>\n\t\t\t\t<div class=\"elementor-column elementor-col-50 elementor-top-column elementor-element elementor-element-14d6737\" data-id=\"14d6737\" data-element_type=\"column\" data-e-type=\"column\">\n\t\t\t<div class=\"elementor-widget-wrap elementor-element-populated\">\n\t\t\t\t\t\t<div class=\"elementor-element elementor-element-a1b7673 elementor-widget elementor-widget-image\" data-id=\"a1b7673\" data-element_type=\"widget\" data-e-type=\"widget\" data-widget_type=\"image.default\">\n\t\t\t\t\t\t\t\t\t\t\t\t\t\t\t<img fetchpriority=\"high\" decoding=\"async\" width=\"626\" height=\"418\" src=\"https:\/\/dryasinkursadvarsak.com\/wp-content\/uploads\/2022\/08\/perfect-slim-toned-young-girl-body-legs-hips-wearing-black-body-swimsuit-example-sports-fitness-plastic-surgery-aesthetic-cosmetology-beige-background-with-shadows-from-sun_78492-9247.png\" class=\"attachment-large size-large wp-image-12165\" alt=\"Istanbul Facial Plastic Surgery\" srcset=\"https:\/\/dryasinkursadvarsak.com\/wp-content\/uploads\/2022\/08\/perfect-slim-toned-young-girl-body-legs-hips-wearing-black-body-swimsuit-example-sports-fitness-plastic-surgery-aesthetic-cosmetology-beige-background-with-shadows-from-sun_78492-9247.png 626w, https:\/\/dryasinkursadvarsak.com\/wp-content\/uploads\/2022\/08\/perfect-slim-toned-young-girl-body-legs-hips-wearing-black-body-swimsuit-example-sports-fitness-plastic-surgery-aesthetic-cosmetology-beige-background-with-shadows-from-sun_78492-9247-300x200.png 300w\" sizes=\"(max-width: 626px) 100vw, 626px\" \/>\t\t\t\t\t\t\t\t\t\t\t\t\t\t\t<\/div>\n\t\t\t\t\t<\/div>\n\t\t<\/div>\n\t\t\t\t\t<\/div>\n\t\t<\/section>\n\t\t\t\t<section class=\"elementor-section elementor-top-section elementor-element elementor-element-0ac1667 elementor-section-full_width elementor-section-height-default elementor-section-height-default qodef-elementor-content-no\" data-id=\"0ac1667\" data-element_type=\"section\" data-e-type=\"section\">\n\t\t\t\t\t\t<div class=\"elementor-container elementor-column-gap-default\">\n\t\t\t\t\t<div class=\"elementor-column elementor-col-100 elementor-top-column elementor-element elementor-element-f0d6da8\" data-id=\"f0d6da8\" data-element_type=\"column\" data-e-type=\"column\">\n\t\t\t<div class=\"elementor-widget-wrap elementor-element-populated\">\n\t\t\t\t\t\t<div class=\"elementor-element elementor-element-28bf1b5 elementor-widget elementor-widget-heading\" data-id=\"28bf1b5\" data-element_type=\"widget\" data-e-type=\"widget\" data-widget_type=\"heading.default\">\n\t\t\t\t\t<h4 class=\"elementor-heading-title elementor-size-default\">Rhinoplasty Surgery Techniques<\/h4>\t\t\t\t<\/div>\n\t\t\t\t<div class=\"elementor-element elementor-element-e909c8f elementor-widget elementor-widget-text-editor\" data-id=\"e909c8f\" data-element_type=\"widget\" data-e-type=\"widget\" data-widget_type=\"text-editor.default\">\n\t\t\t\t\t\t\t\t\t<p>Rhinoplasty surgeries are performed in two ways; closed and open. Closed nose surgery may be insufficient in people who have had surgery before. Closed Technique and Open Technique have advantages over each other, the important thing is that the surgeon uses the technique he is used to in order to get better results. Generally, I perform 95% of the rhinoplasty that I do in people who have not had surgery before, as closed rhinoplasty. I prefer open technique rhinoplasty in some cases and revision surgeries.<\/p>\t\t\t\t\t\t\t\t<\/div>\n\t\t\t\t\t<\/div>\n\t\t<\/div>\n\t\t\t\t\t<\/div>\n\t\t<\/section>\n\t\t\t\t<section class=\"elementor-section elementor-top-section elementor-element elementor-element-8ffa28a elementor-section-full_width elementor-section-height-default elementor-section-height-default qodef-elementor-content-no\" data-id=\"8ffa28a\" data-element_type=\"section\" data-e-type=\"section\">\n\t\t\t\t\t\t<div class=\"elementor-container elementor-column-gap-default\">\n\t\t\t\t\t<div class=\"elementor-column elementor-col-100 elementor-top-column elementor-element elementor-element-f3b711b\" data-id=\"f3b711b\" data-element_type=\"column\" data-e-type=\"column\">\n\t\t\t<div class=\"elementor-widget-wrap elementor-element-populated\">\n\t\t\t\t\t\t<div class=\"elementor-element elementor-element-2ba351e elementor-widget elementor-widget-heading\" data-id=\"2ba351e\" data-element_type=\"widget\" data-e-type=\"widget\" data-widget_type=\"heading.default\">\n\t\t\t\t\t<h4 class=\"elementor-heading-title elementor-size-default\">The advantages and disadvantages of the Open and Closed Technique are given in the chart.<\/h4>\t\t\t\t<\/div>\n\t\t\t\t<div class=\"elementor-element elementor-element-cf5a3d6 elementor-widget elementor-widget-text-editor\" data-id=\"cf5a3d6\" data-element_type=\"widget\" data-e-type=\"widget\" data-widget_type=\"text-editor.default\">\n\t\t\t\t\t\t\t\t\t<p><strong>Closed Technique and Open Technique<\/strong><\/p><table><tbody><tr><td width=\"387\"><p><strong>\u00a0<\/strong><\/p><\/td><td width=\"16\"><p><strong>CLOSED TECHNIQUE<\/strong><\/p><\/td><td width=\"88\"><p><strong>OPEN TECHNIQUE<\/strong><\/p><\/td><\/tr><tr><td width=\"387\"><p><strong>SKIN INJURY AND STITCHING AT THE TIP OF THE NOSE<\/strong><\/p><\/td><td width=\"16\"><p><strong>\u00a0<\/strong><\/p><p><strong>NO<\/strong><\/p><\/td><td width=\"88\"><p><strong>\u00a0<\/strong><\/p><p><strong>YES<\/strong><\/p><\/td><\/tr><tr><td width=\"387\"><p><strong>NOSE TIP DROP, AND LOSS OF SENSATION<\/strong><\/p><\/td><td width=\"16\"><p><strong>NO<\/strong><\/p><\/td><td width=\"88\"><p><strong>YES<\/strong><\/p><\/td><\/tr><tr><td width=\"387\"><p><strong>WOUND HEALING<\/strong><\/p><\/td><td width=\"16\"><p><strong>FASTER<\/strong><\/p><\/td><td width=\"88\"><p><strong>FAST<\/strong><\/p><\/td><\/tr><tr><td width=\"387\"><p><strong>TRAUMATIC<\/strong><\/p><\/td><td width=\"16\"><p><strong>LESS<\/strong><\/p><\/td><td width=\"88\"><p><strong>MORE<\/strong><\/p><\/td><\/tr><tr><td width=\"387\"><p><strong>PROTECTION OF VESSELS, NERVE, CONNECTIVE TISSUES ON THE NOSE <\/strong><\/p><\/td><td width=\"16\"><p><strong>YES<\/strong><\/p><\/td><td width=\"88\"><p><strong>NO<\/strong><\/p><\/td><\/tr><tr><td width=\"387\"><p><strong>VIEWING AREA<\/strong><\/p><\/td><td width=\"16\"><p><strong>NARROW<\/strong><\/p><\/td><td width=\"88\"><p><strong>WIDE<\/strong><\/p><\/td><\/tr><tr><td width=\"387\"><p><strong>NOSE TIP CONTROL DURING SURGERY<\/strong><\/p><\/td><td width=\"16\"><p><strong>POSSIBLE<\/strong><\/p><\/td><td width=\"88\"><p><strong>IMPOSSIBLE<\/strong><\/p><\/td><\/tr><\/tbody><\/table><p><strong>\u00a0<\/strong><\/p>\t\t\t\t\t\t\t\t<\/div>\n\t\t\t\t\t<\/div>\n\t\t<\/div>\n\t\t\t\t\t<\/div>\n\t\t<\/section>\n\t\t\t\t<section class=\"elementor-section elementor-top-section elementor-element elementor-element-c4417a7 elementor-section-full_width elementor-section-height-default elementor-section-height-default qodef-elementor-content-no\" data-id=\"c4417a7\" data-element_type=\"section\" data-e-type=\"section\">\n\t\t\t\t\t\t<div class=\"elementor-container elementor-column-gap-default\">\n\t\t\t\t\t<div class=\"elementor-column elementor-col-50 elementor-top-column elementor-element elementor-element-d07c703\" data-id=\"d07c703\" data-element_type=\"column\" data-e-type=\"column\">\n\t\t\t<div class=\"elementor-widget-wrap elementor-element-populated\">\n\t\t\t\t\t\t<div class=\"elementor-element elementor-element-278d642 elementor-widget elementor-widget-heading\" data-id=\"278d642\" data-element_type=\"widget\" data-e-type=\"widget\" data-widget_type=\"heading.default\">\n\t\t\t\t\t<h4 class=\"elementor-heading-title elementor-size-default\">The Ridge Of The Nose Protector Technique <\/h4>\t\t\t\t<\/div>\n\t\t\t\t<div class=\"elementor-element elementor-element-d7b1271 elementor-widget elementor-widget-text-editor\" data-id=\"d7b1271\" data-element_type=\"widget\" data-e-type=\"widget\" data-widget_type=\"text-editor.default\">\n\t\t\t\t\t\t\t\t\t<p>In classical rhinoplasty, the natural nasal structures are deteriorated during the narrowing of the nasal ridge and removal of the nasal arch. For this reason, the nose may lose its natural appearance. In nasal ridge protective techniques, the arch can be removed without losing its naturalness and the nasal ridge can be narrowed. In this way, natural light reflections are preserved. One of the main advantages of this technique is that, unlike classical rhinoplasty, there are fewer long-term problems.<\/p>\t\t\t\t\t\t\t\t<\/div>\n\t\t\t\t<div class=\"elementor-element elementor-element-debdf82 elementor-widget elementor-widget-heading\" data-id=\"debdf82\" data-element_type=\"widget\" data-e-type=\"widget\" data-widget_type=\"heading.default\">\n\t\t\t\t\t<h4 class=\"elementor-heading-title elementor-size-default\">What Is Septum Deviation?<\/h4>\t\t\t\t<\/div>\n\t\t\t\t<div class=\"elementor-element elementor-element-dcfc266 elementor-widget elementor-widget-text-editor\" data-id=\"dcfc266\" data-element_type=\"widget\" data-e-type=\"widget\" data-widget_type=\"text-editor.default\">\n\t\t\t\t\t\t\t\t\t<p>The structure consisting of cartilage and bone that separates the two nostrils is called the nasal septum. Curvatures in this structure are described as septum deviation. This situation is quite common in society. . Most of the time, surgical correction is not necessary. Since the physiology of the nose has a very complex structure, septum deviations sometimes cause very serious breathing problems and sometimes they are not noticed by the patients. Septoplasty, that is, correction of septum deviation, although it is a very common operation, does not always guarantee correcting the lack of air in the nose. Septum deviasypon surgeries are operations that can be performed either together with rhinoplasty or alone.<\/p>\t\t\t\t\t\t\t\t<\/div>\n\t\t\t\t<div class=\"elementor-element elementor-element-78a5d33 elementor-widget elementor-widget-heading\" data-id=\"78a5d33\" data-element_type=\"widget\" data-e-type=\"widget\" data-widget_type=\"heading.default\">\n\t\t\t\t\t<h4 class=\"elementor-heading-title elementor-size-default\">Before Operation <\/h4>\t\t\t\t<\/div>\n\t\t\t\t<div class=\"elementor-element elementor-element-df2964b elementor-widget elementor-widget-text-editor\" data-id=\"df2964b\" data-element_type=\"widget\" data-e-type=\"widget\" data-widget_type=\"text-editor.default\">\n\t\t\t\t\t\t\t\t\t<p>With the preliminary examination, detailed information is given to the patient about the procedure to be performed. The conditions that the patient should pay attention to before the operation are reported by the doctor.\nThe patient is examined and evaluated both functionally and aesthetically. The person's expectations are revealed with the help of the computerized simulation made after the photo shoot and the patient is informed about the appropriate intervention. Anesthesia consultation is requested together with the necessary analyzes before the operation.<\/p>\t\t\t\t\t\t\t\t<\/div>\n\t\t\t\t\t<\/div>\n\t\t<\/div>\n\t\t\t\t<div class=\"elementor-column elementor-col-50 elementor-top-column elementor-element elementor-element-0badb43\" data-id=\"0badb43\" data-element_type=\"column\" data-e-type=\"column\">\n\t\t\t<div class=\"elementor-widget-wrap elementor-element-populated\">\n\t\t\t\t\t\t<div class=\"elementor-element elementor-element-59ae1f4 elementor-widget elementor-widget-heading\" data-id=\"59ae1f4\" data-element_type=\"widget\" data-e-type=\"widget\" data-widget_type=\"heading.default\">\n\t\t\t\t\t<h4 class=\"elementor-heading-title elementor-size-default\">After Operation<\/h4>\t\t\t\t<\/div>\n\t\t\t\t<div class=\"elementor-element elementor-element-8f1e6d7 elementor-widget elementor-widget-text-editor\" data-id=\"8f1e6d7\" data-element_type=\"widget\" data-e-type=\"widget\" data-widget_type=\"text-editor.default\">\n\t\t\t\t\t\t\t\t\t<p>In the postoperative period, sometimes one night hospitalization is required. Bruising caused by small blood leaks in the subcutaneous capillaries and swelling due to skin and subcutaneous tissue edema may occur. Bruising and swelling, which varies completely from person to person, may not be present in some patients, and in some patients it may be more than expected. Although bruising and swelling do not affect the outcome of the surgery, they usually regress within a week or ten days.<\/p>\t\t\t\t\t\t\t\t<\/div>\n\t\t\t\t<div class=\"elementor-element elementor-element-5699fb7 elementor-widget elementor-widget-heading\" data-id=\"5699fb7\" data-element_type=\"widget\" data-e-type=\"widget\" data-widget_type=\"heading.default\">\n\t\t\t\t\t<h4 class=\"elementor-heading-title elementor-size-default\">Plaster and Tampon<\/h4>\t\t\t\t<\/div>\n\t\t\t\t<div class=\"elementor-element elementor-element-e646e38 elementor-widget elementor-widget-text-editor\" data-id=\"e646e38\" data-element_type=\"widget\" data-e-type=\"widget\" data-widget_type=\"text-editor.default\">\n\t\t\t\t\t\t\t\t\t<p>In classical rhinoplasty surgeries, plaster is mostly used to keep the bone and cartilage structure of the nose stable during the healing process, and the tampon is mostly used to prevent blood accumulation under the tissues in the nose. In the above-mentioned nasal ridge protective techniques, there is no need to put a plaster cast since the integrity of the nasal cartilage and bone structure is preserved during the surgery.<\/p>\t\t\t\t\t\t\t\t<\/div>\n\t\t\t\t<div class=\"elementor-element elementor-element-fe54a45 elementor-widget elementor-widget-heading\" data-id=\"fe54a45\" data-element_type=\"widget\" data-e-type=\"widget\" data-widget_type=\"heading.default\">\n\t\t\t\t\t<h4 class=\"elementor-heading-title elementor-size-default\">Healing Process<\/h4>\t\t\t\t<\/div>\n\t\t\t\t<div class=\"elementor-element elementor-element-f167346 elementor-widget elementor-widget-text-editor\" data-id=\"f167346\" data-element_type=\"widget\" data-e-type=\"widget\" data-widget_type=\"text-editor.default\">\n\t\t\t\t\t\t\t\t\t<p>Although crusting in the nose and nasal congestion are frequently encountered in the early period, they improve within weeks. It should be noted that most of the time, rhinoplasty is a narrowing operation, so there is a 5%-8% narrowing. Contrary to popular belief, patients describe pain after this surgery or feel a pain that can be relieved with a simple painkiller. Bruising and swelling regress within 1 week, and the nose becomes acceptable in the first month. It takes one year for the nose to take its final shape.<\/p>\t\t\t\t\t\t\t\t<\/div>\n\t\t\t\t\t<\/div>\n\t\t<\/div>\n\t\t\t\t\t<\/div>\n\t\t<\/section>\n\t\t\t\t<\/div>","protected":false},"excerpt":{"rendered":"<p>Burun Esteti\u011fi Nedir? Burundaki \u015fekil bozukluklar\u0131 y\u00fcz esteti\u011fini olumsuz y\u00f6nde etkileyen en \u00f6nemli nedenlerden bir tanesidir. Estetik problemlerin yan\u0131 s\u0131ra burun i\u00e7erisindeki k\u0131k\u0131rdak ve kemik e\u011frilikleri ve daha \u00f6nce olu\u015fmu\u015f burun k\u0131r\u0131klar\u0131 nefes alma konusunda \u00f6nemli sa\u011fl\u0131k problemlerine sebebiyet vermektedir. Bu sebepler dolay\u0131s\u0131yla ki\u015filer hem daha sa\u011fl\u0131kl\u0131 nefes almak, hem de estetik a\u00e7\u0131dan daha kabul [&hellip;]<\/p>\n","protected":false},"author":3,"featured_media":0,"parent":0,"menu_order":0,"comment_status":"closed","ping_status":"closed","template":"","meta":{"footnotes":""},"class_list":["post-9617","page","type-page","status-publish","hentry"],"_links":{"self":[{"href":"https:\/\/dryasinkursadvarsak.com\/en\/wp-json\/wp\/v2\/pages\/9617","targetHints":{"allow":["GET"]}}],"collection":[{"href":"https:\/\/dryasinkursadvarsak.com\/en\/wp-json\/wp\/v2\/pages"}],"about":[{"href":"https:\/\/dryasinkursadvarsak.com\/en\/wp-json\/wp\/v2\/types\/page"}],"author":[{"embeddable":true,"href":"https:\/\/dryasinkursadvarsak.com\/en\/wp-json\/wp\/v2\/users\/3"}],"replies":[{"embeddable":true,"href":"https:\/\/dryasinkursadvarsak.com\/en\/wp-json\/wp\/v2\/comments?post=9617"}],"version-history":[{"count":13,"href":"https:\/\/dryasinkursadvarsak.com\/en\/wp-json\/wp\/v2\/pages\/9617\/revisions"}],"predecessor-version":[{"id":14139,"href":"https:\/\/dryasinkursadvarsak.com\/en\/wp-json\/wp\/v2\/pages\/9617\/revisions\/14139"}],"wp:attachment":[{"href":"https:\/\/dryasinkursadvarsak.com\/en\/wp-json\/wp\/v2\/media?parent=9617"}],"curies":[{"name":"wp","href":"https:\/\/api.w.org\/{rel}","templated":true}]}}