{"id":9611,"date":"2021-10-30T00:29:38","date_gmt":"2021-10-30T00:29:38","guid":{"rendered":"https:\/\/dryasinkursadvarsak.com\/?page_id=9611"},"modified":"2025-10-08T13:05:32","modified_gmt":"2025-10-08T10:05:32","slug":"revizyon-burun-estetigi","status":"publish","type":"page","link":"https:\/\/dryasinkursadvarsak.com\/en\/revizyon-burun-estetigi\/","title":{"rendered":"Revision Rhinoplasty"},"content":{"rendered":"<div data-elementor-type=\"wp-page\" data-elementor-id=\"9611\" class=\"elementor elementor-9611\" data-elementor-post-type=\"page\">\n\t\t\t\t\t\t<section class=\"elementor-section elementor-top-section elementor-element elementor-element-5b3384a elementor-section-full_width elementor-section-height-default elementor-section-height-default qodef-elementor-content-no\" data-id=\"5b3384a\" data-element_type=\"section\" data-e-type=\"section\">\n\t\t\t\t\t\t<div class=\"elementor-container elementor-column-gap-default\">\n\t\t\t\t\t<div class=\"elementor-column elementor-col-50 elementor-top-column elementor-element elementor-element-23c40b9\" data-id=\"23c40b9\" data-element_type=\"column\" data-e-type=\"column\">\n\t\t\t<div class=\"elementor-widget-wrap elementor-element-populated\">\n\t\t\t\t\t\t<div class=\"elementor-element elementor-element-5d4b1e4 elementor-widget elementor-widget-heading\" data-id=\"5d4b1e4\" data-element_type=\"widget\" data-e-type=\"widget\" data-widget_type=\"heading.default\">\n\t\t\t\t\t<h4 class=\"elementor-heading-title elementor-size-default\">Revision Rhinoplasty <\/h4>\t\t\t\t<\/div>\n\t\t\t\t<div class=\"elementor-element elementor-element-66f6438 elementor-widget elementor-widget-text-editor\" data-id=\"66f6438\" data-element_type=\"widget\" data-e-type=\"widget\" data-widget_type=\"text-editor.default\">\n\t\t\t\t\t\t\t\t\t<p>Revision Rhinoplasty is a surgical operation performed for people who have had rhinoplasty before, but who encountering complications after rhinoplasty and cannot achieve aesthetically satisfactory results or have breathing problems. Revision rhinoplasty can be performed by the doctor who performed the first operation or by another doctor. The preliminary examination between the patient and the doctor is of critical importance when deciding on the correction procedure to be performed in revision rhinoplasty surgeries. Patients can have more than one revision rhinoplasty, as the number of revisions increases, the operation becomes more difficult. The deformation of the cartilage and bone structure, loss of integrity, loss of support, the bending collapse unwanted protrusions from the skin,  V deformity ,falling from the tip of the nose, beak nose, various deformities can be corrected with revision rhinoplasty.<\/p>\t\t\t\t\t\t\t\t<\/div>\n\t\t\t\t\t<\/div>\n\t\t<\/div>\n\t\t\t\t<div class=\"elementor-column elementor-col-50 elementor-top-column elementor-element elementor-element-6c6d17e\" data-id=\"6c6d17e\" data-element_type=\"column\" data-e-type=\"column\">\n\t\t\t<div class=\"elementor-widget-wrap elementor-element-populated\">\n\t\t\t\t\t\t<div class=\"elementor-element elementor-element-86483cc elementor-widget elementor-widget-image\" data-id=\"86483cc\" data-element_type=\"widget\" data-e-type=\"widget\" data-widget_type=\"image.default\">\n\t\t\t\t\t\t\t\t\t\t\t\t\t\t\t<img fetchpriority=\"high\" decoding=\"async\" width=\"2060\" height=\"2060\" src=\"https:\/\/dryasinkursadvarsak.com\/wp-content\/uploads\/2022\/08\/Yuz-Germe.jpg\" class=\"attachment-full size-full wp-image-12178\" alt=\"Istanbul Facial Plastic Surgery\" srcset=\"https:\/\/dryasinkursadvarsak.com\/wp-content\/uploads\/2022\/08\/Yuz-Germe.jpg 2060w, https:\/\/dryasinkursadvarsak.com\/wp-content\/uploads\/2022\/08\/Yuz-Germe-300x300.jpg 300w, https:\/\/dryasinkursadvarsak.com\/wp-content\/uploads\/2022\/08\/Yuz-Germe-1024x1024.jpg 1024w, https:\/\/dryasinkursadvarsak.com\/wp-content\/uploads\/2022\/08\/Yuz-Germe-150x150.jpg 150w, https:\/\/dryasinkursadvarsak.com\/wp-content\/uploads\/2022\/08\/Yuz-Germe-768x768.jpg 768w, https:\/\/dryasinkursadvarsak.com\/wp-content\/uploads\/2022\/08\/Yuz-Germe-1536x1536.jpg 1536w, https:\/\/dryasinkursadvarsak.com\/wp-content\/uploads\/2022\/08\/Yuz-Germe-2048x2048.jpg 2048w, https:\/\/dryasinkursadvarsak.com\/wp-content\/uploads\/2022\/08\/Yuz-Germe-650x650.jpg 650w, https:\/\/dryasinkursadvarsak.com\/wp-content\/uploads\/2022\/08\/Yuz-Germe-1300x1300.jpg 1300w\" sizes=\"(max-width: 2060px) 100vw, 2060px\" \/>\t\t\t\t\t\t\t\t\t\t\t\t\t\t\t<\/div>\n\t\t\t\t\t<\/div>\n\t\t<\/div>\n\t\t\t\t\t<\/div>\n\t\t<\/section>\n\t\t\t\t<\/div>","protected":false},"excerpt":{"rendered":"<p>Revizyon Burun Esteti\u011fi Revizyon Burun Esteti\u011fi, daha \u00f6nce burun esteti\u011fi ge\u00e7irmi\u015f olan ancak burun esteti\u011fi sonras\u0131 komplikasyonlar geli\u015fen ve estetik a\u00e7\u0131dan tatmin edici sonu\u00e7lar\u0131 elde edemeyen veya nefes alma sorunlar\u0131 ya\u015fayan ki\u015filer i\u00e7in uygulanan bir cerrahi operasyondur. Revizyon burun esteti\u011fi ilk operasyonu ger\u00e7ekle\u015ftiren hekim taraf\u0131ndan veya ba\u015fka bir hekim taraf\u0131ndan ger\u00e7ekle\u015ftirilebilmektedir. Revizyon burun esteti\u011fi ameliyatlar\u0131nda [&hellip;]<\/p>\n","protected":false},"author":3,"featured_media":0,"parent":0,"menu_order":0,"comment_status":"closed","ping_status":"closed","template":"","meta":{"footnotes":""},"class_list":["post-9611","page","type-page","status-publish","hentry"],"_links":{"self":[{"href":"https:\/\/dryasinkursadvarsak.com\/en\/wp-json\/wp\/v2\/pages\/9611","targetHints":{"allow":["GET"]}}],"collection":[{"href":"https:\/\/dryasinkursadvarsak.com\/en\/wp-json\/wp\/v2\/pages"}],"about":[{"href":"https:\/\/dryasinkursadvarsak.com\/en\/wp-json\/wp\/v2\/types\/page"}],"author":[{"embeddable":true,"href":"https:\/\/dryasinkursadvarsak.com\/en\/wp-json\/wp\/v2\/users\/3"}],"replies":[{"embeddable":true,"href":"https:\/\/dryasinkursadvarsak.com\/en\/wp-json\/wp\/v2\/comments?post=9611"}],"version-history":[{"count":13,"href":"https:\/\/dryasinkursadvarsak.com\/en\/wp-json\/wp\/v2\/pages\/9611\/revisions"}],"predecessor-version":[{"id":14145,"href":"https:\/\/dryasinkursadvarsak.com\/en\/wp-json\/wp\/v2\/pages\/9611\/revisions\/14145"}],"wp:attachment":[{"href":"https:\/\/dryasinkursadvarsak.com\/en\/wp-json\/wp\/v2\/media?parent=9611"}],"curies":[{"name":"wp","href":"https:\/\/api.w.org\/{rel}","templated":true}]}}