{"id":9606,"date":"2021-10-30T00:24:50","date_gmt":"2021-10-30T00:24:50","guid":{"rendered":"https:\/\/dryasinkursadvarsak.com\/?page_id=9606"},"modified":"2025-10-08T13:06:00","modified_gmt":"2025-10-08T10:06:00","slug":"etnik-rinoplasti-nedir-kimlere-yapilir","status":"publish","type":"page","link":"https:\/\/dryasinkursadvarsak.com\/en\/etnik-rinoplasti-nedir-kimlere-yapilir\/","title":{"rendered":"What is ethnic rhinoplasty?<br> Who is it suitable for?"},"content":{"rendered":"<div data-elementor-type=\"wp-page\" data-elementor-id=\"9606\" class=\"elementor elementor-9606\" data-elementor-post-type=\"page\">\n\t\t\t\t\t\t<section class=\"elementor-section elementor-top-section elementor-element elementor-element-5b3384a elementor-section-full_width elementor-section-height-default elementor-section-height-default qodef-elementor-content-no\" data-id=\"5b3384a\" data-element_type=\"section\" data-e-type=\"section\">\n\t\t\t\t\t\t<div class=\"elementor-container elementor-column-gap-default\">\n\t\t\t\t\t<div class=\"elementor-column elementor-col-50 elementor-top-column elementor-element elementor-element-23c40b9\" data-id=\"23c40b9\" data-element_type=\"column\" data-e-type=\"column\">\n\t\t\t<div class=\"elementor-widget-wrap elementor-element-populated\">\n\t\t\t\t\t\t<div class=\"elementor-element elementor-element-12dbf33 elementor-widget elementor-widget-heading\" data-id=\"12dbf33\" data-element_type=\"widget\" data-e-type=\"widget\" data-widget_type=\"heading.default\">\n\t\t\t\t\t<h4 class=\"elementor-heading-title elementor-size-default\">What is ethnic rhinoplasty?<br> Who is it suitable for?<\/h4>\t\t\t\t<\/div>\n\t\t\t\t<div class=\"elementor-element elementor-element-4ee8068 elementor-widget elementor-widget-text-editor\" data-id=\"4ee8068\" data-element_type=\"widget\" data-e-type=\"widget\" data-widget_type=\"text-editor.default\">\n\t\t\t\t\t\t\t\t\t<p>Ethnic Rhinoplasty describes the aesthetic operation performed on the noses of people of different races (African, Middle Eastern, Latin American, Asian and Hispanic). Different races have their own characteristics. The main goal is to obtain a more aesthetically acceptable nose that is compatible with the facial structure and ethnic characteristics of the face. In the white race, there is usually nose reduction in nasal arch narrowing and removal surgeries. In ethnic rhinoplasty, there is often a need to add cartilage and bone to shape the nose. The important thing here is to obtain results that are compatible with the facial features of the patients bearing traces of their ethnic background. Ethnic Rhinoplasty can be performed by surgeons who have sufficient knowledge and experience about the anatomical structures of different ethnicities. In these operations, grafts taken from the patient's own (rib cartilage) or externally supplied cartilage grafts (external graft) may be needed to obtain a more prominent and raised nasal dorsum structure. Rib cartilage is the most important material needed in rhinoplasty. Recent years, highly non-invasive methods have been developed for rib cartilage removal. Minimal pain and scarring occur in the operation area, so patients have a more comfortable operation process.<\/p>\t\t\t\t\t\t\t\t<\/div>\n\t\t\t\t\t<\/div>\n\t\t<\/div>\n\t\t\t\t<div class=\"elementor-column elementor-col-50 elementor-top-column elementor-element elementor-element-6cbad97\" data-id=\"6cbad97\" data-element_type=\"column\" data-e-type=\"column\">\n\t\t\t<div class=\"elementor-widget-wrap elementor-element-populated\">\n\t\t\t\t\t\t<div class=\"elementor-element elementor-element-deed9dd elementor-widget elementor-widget-image\" data-id=\"deed9dd\" data-element_type=\"widget\" data-e-type=\"widget\" data-widget_type=\"image.default\">\n\t\t\t\t\t\t\t\t\t\t\t\t\t\t\t<img fetchpriority=\"high\" decoding=\"async\" width=\"1000\" height=\"593\" src=\"https:\/\/dryasinkursadvarsak.com\/wp-content\/uploads\/2022\/08\/GetPaidStock.com-62e2caab87068.jpg\" class=\"attachment-large size-large wp-image-12156\" alt=\"Istanbul Facial Plastic Surgery\" srcset=\"https:\/\/dryasinkursadvarsak.com\/wp-content\/uploads\/2022\/08\/GetPaidStock.com-62e2caab87068.jpg 1000w, https:\/\/dryasinkursadvarsak.com\/wp-content\/uploads\/2022\/08\/GetPaidStock.com-62e2caab87068-300x178.jpg 300w, https:\/\/dryasinkursadvarsak.com\/wp-content\/uploads\/2022\/08\/GetPaidStock.com-62e2caab87068-768x455.jpg 768w\" sizes=\"(max-width: 1000px) 100vw, 1000px\" \/>\t\t\t\t\t\t\t\t\t\t\t\t\t\t\t<\/div>\n\t\t\t\t\t<\/div>\n\t\t<\/div>\n\t\t\t\t\t<\/div>\n\t\t<\/section>\n\t\t\t\t<\/div>","protected":false},"excerpt":{"rendered":"<p>Etnik Rinoplasti Nedir? Kimlere Yap\u0131l\u0131r? Etnik Rinoplasti farkl\u0131 \u0131rklardaki (Afrikal\u0131, Orta Do\u011fulu, Latin Amerikal\u0131, Asyal\u0131 ve \u0130spanyol)\u00a0 insanlar\u0131n burunlar\u0131nda yap\u0131lan estetik operasyonu tan\u0131mlar. Farkl\u0131 \u0131rklar\u0131n kendine ait karakteristik \u00f6zellikleri vard\u0131r. Y\u00fcz yap\u0131s\u0131 ve y\u00fcz\u00fcn etnik karakteristikleri ile uyumlu estetik a\u00e7\u0131dan daha kabul edilebilir bir burun elde etmek temel hedeftir. Beyaz \u0131rkta genellikle burun kemeri daraltma [&hellip;]<\/p>\n","protected":false},"author":3,"featured_media":0,"parent":0,"menu_order":0,"comment_status":"closed","ping_status":"closed","template":"","meta":{"footnotes":""},"class_list":["post-9606","page","type-page","status-publish","hentry"],"_links":{"self":[{"href":"https:\/\/dryasinkursadvarsak.com\/en\/wp-json\/wp\/v2\/pages\/9606","targetHints":{"allow":["GET"]}}],"collection":[{"href":"https:\/\/dryasinkursadvarsak.com\/en\/wp-json\/wp\/v2\/pages"}],"about":[{"href":"https:\/\/dryasinkursadvarsak.com\/en\/wp-json\/wp\/v2\/types\/page"}],"author":[{"embeddable":true,"href":"https:\/\/dryasinkursadvarsak.com\/en\/wp-json\/wp\/v2\/users\/3"}],"replies":[{"embeddable":true,"href":"https:\/\/dryasinkursadvarsak.com\/en\/wp-json\/wp\/v2\/comments?post=9606"}],"version-history":[{"count":13,"href":"https:\/\/dryasinkursadvarsak.com\/en\/wp-json\/wp\/v2\/pages\/9606\/revisions"}],"predecessor-version":[{"id":14148,"href":"https:\/\/dryasinkursadvarsak.com\/en\/wp-json\/wp\/v2\/pages\/9606\/revisions\/14148"}],"wp:attachment":[{"href":"https:\/\/dryasinkursadvarsak.com\/en\/wp-json\/wp\/v2\/media?parent=9606"}],"curies":[{"name":"wp","href":"https:\/\/api.w.org\/{rel}","templated":true}]}}