{"id":9601,"date":"2021-10-30T00:19:59","date_gmt":"2021-10-30T00:19:59","guid":{"rendered":"https:\/\/dryasinkursadvarsak.com\/?page_id=9601"},"modified":"2025-10-08T13:32:06","modified_gmt":"2025-10-08T10:32:06","slug":"yuz-bolgesinde-cilt-kanserleri-ve-tedavisi","status":"publish","type":"page","link":"https:\/\/dryasinkursadvarsak.com\/en\/yuz-bolgesinde-cilt-kanserleri-ve-tedavisi\/","title":{"rendered":"Skin Cancers In The Facial Region &amp; Treatmens"},"content":{"rendered":"<div data-elementor-type=\"wp-page\" data-elementor-id=\"9601\" class=\"elementor elementor-9601\" data-elementor-post-type=\"page\">\n\t\t\t\t\t\t<section class=\"elementor-section elementor-top-section elementor-element elementor-element-5b3384a elementor-section-full_width elementor-section-height-default elementor-section-height-default qodef-elementor-content-no\" data-id=\"5b3384a\" data-element_type=\"section\" data-e-type=\"section\">\n\t\t\t\t\t\t<div class=\"elementor-container elementor-column-gap-default\">\n\t\t\t\t\t<div class=\"elementor-column elementor-col-50 elementor-top-column elementor-element elementor-element-23c40b9\" data-id=\"23c40b9\" data-element_type=\"column\" data-e-type=\"column\">\n\t\t\t<div class=\"elementor-widget-wrap elementor-element-populated\">\n\t\t\t\t\t\t<div class=\"elementor-element elementor-element-11c9165 elementor-widget elementor-widget-heading\" data-id=\"11c9165\" data-element_type=\"widget\" data-e-type=\"widget\" data-widget_type=\"heading.default\">\n\t\t\t\t\t<h4 class=\"elementor-heading-title elementor-size-default\">Skin Cancers In The Facial Region &amp; Treatmens <\/h4>\t\t\t\t<\/div>\n\t\t\t\t<div class=\"elementor-element elementor-element-d4b1368 elementor-widget elementor-widget-text-editor\" data-id=\"d4b1368\" data-element_type=\"widget\" data-e-type=\"widget\" data-widget_type=\"text-editor.default\">\n\t\t\t\t\t\t\t\t\t<p>The most common known cause of skin cancers is ultraviolet, UV rays. Since the face area is not covered with clothing, it is more exposed to sunlight compared to other body areas. Skin cancers are seen in the scalp, forehead, eyelids, cheeks, nose, lips, ears, chin and neck area. Skin cancers appear as non-healing wounds or as lesions that change shape over time. Skin cancers can also be caused by innocent-looking nevi, namely \"nevuse\"s.\n\nComplete removal of skin cancers in the face area and repair of tissue defects in a cosmetically acceptable manner using aesthetic surgical techniques are part of facial plastic surgery applications. The main goal in the treatment of skin cancer is to completely destroy the cancer. The method of treatment may vary depending on the location and size of the cancer, the patient's age, general health, and medical history.\nEspecially in the face area, diagnosis and treatment in the early stages before the cancer progresses too much allows the disease to be completely eliminated. When the lesion is small, the treatment is easier and the possibility of permanent scars on the face is reduced.\n\nThe main treatment method of skin cancer is complete surgical removal. \nThe tumor is excised, leaving a safe surgical margin, along with the surrounding healthy tissue, which varies in width depending on its size and location. The scar formed in the area where the tumor was removed can be left to heal on its own; The surrounding skin can be closed by joining, sliding or transplanting the skin from another area. Particularly, the skin parts that are removed from the body parts that are very visible and do not allow tissue loss, such as the face, must be repaired. These repairs are usually made by bringing skin from the surrounding tissues, and because the skin properties of the surrounding tissues are similar, surgeries provide both aesthetic and functional benefits.<\/p>\t\t\t\t\t\t\t\t<\/div>\n\t\t\t\t\t<\/div>\n\t\t<\/div>\n\t\t\t\t<div class=\"elementor-column elementor-col-50 elementor-top-column elementor-element elementor-element-da92242\" data-id=\"da92242\" data-element_type=\"column\" data-e-type=\"column\">\n\t\t\t<div class=\"elementor-widget-wrap elementor-element-populated\">\n\t\t\t\t\t\t<div class=\"elementor-element elementor-element-4395617 elementor-widget elementor-widget-image\" data-id=\"4395617\" data-element_type=\"widget\" data-e-type=\"widget\" data-widget_type=\"image.default\">\n\t\t\t\t\t\t\t\t\t\t\t\t\t\t\t<img fetchpriority=\"high\" decoding=\"async\" width=\"768\" height=\"768\" src=\"https:\/\/dryasinkursadvarsak.com\/wp-content\/uploads\/2022\/08\/36-768x768.png\" class=\"attachment-medium_large size-medium_large wp-image-12122\" alt=\"Istanbul Facial Plastic Surgery\" srcset=\"https:\/\/dryasinkursadvarsak.com\/wp-content\/uploads\/2022\/08\/36-768x768.png 768w, https:\/\/dryasinkursadvarsak.com\/wp-content\/uploads\/2022\/08\/36-300x300.png 300w, https:\/\/dryasinkursadvarsak.com\/wp-content\/uploads\/2022\/08\/36-1024x1024.png 1024w, https:\/\/dryasinkursadvarsak.com\/wp-content\/uploads\/2022\/08\/36-150x150.png 150w, https:\/\/dryasinkursadvarsak.com\/wp-content\/uploads\/2022\/08\/36-650x650.png 650w, https:\/\/dryasinkursadvarsak.com\/wp-content\/uploads\/2022\/08\/36.png 1080w\" sizes=\"(max-width: 768px) 100vw, 768px\" \/>\t\t\t\t\t\t\t\t\t\t\t\t\t\t\t<\/div>\n\t\t\t\t\t<\/div>\n\t\t<\/div>\n\t\t\t\t\t<\/div>\n\t\t<\/section>\n\t\t\t\t<\/div>","protected":false},"excerpt":{"rendered":"<p>Y\u00fcz B\u00f6lgesinde Cilt Kanserleri Ve Tedavisi Deri kanserlerinin bilinen en s\u0131k nedeni ultraviyole, UV \u0131\u015f\u0131nlar\u0131d\u0131r. Y\u00fcz b\u00f6lgesi giysilerle \u00f6rt\u00fclmedi\u011fi i\u00e7in di\u011fer v\u00fccut b\u00f6lgelerine k\u0131yasla g\u00fcne\u015f \u0131\u015f\u0131nlar\u0131na daha \u00e7ok maruz kalmaktad\u0131r.\u00a0 Sa\u00e7l\u0131 deri, al\u0131n, g\u00f6z kapaklar\u0131, yanaklar, burun, dudak, kulaklar, \u00e7ene ve boyun b\u00f6lgesinde cilt kanserleri g\u00f6r\u00fcl\u00fcr. Cilt kanserleri iyile\u015fmeyen yaralar \u015feklinde veya zamanla \u015fekil de\u011fi\u015ftiren [&hellip;]<\/p>\n","protected":false},"author":3,"featured_media":0,"parent":0,"menu_order":0,"comment_status":"closed","ping_status":"closed","template":"","meta":{"footnotes":""},"class_list":["post-9601","page","type-page","status-publish","hentry"],"_links":{"self":[{"href":"https:\/\/dryasinkursadvarsak.com\/en\/wp-json\/wp\/v2\/pages\/9601","targetHints":{"allow":["GET"]}}],"collection":[{"href":"https:\/\/dryasinkursadvarsak.com\/en\/wp-json\/wp\/v2\/pages"}],"about":[{"href":"https:\/\/dryasinkursadvarsak.com\/en\/wp-json\/wp\/v2\/types\/page"}],"author":[{"embeddable":true,"href":"https:\/\/dryasinkursadvarsak.com\/en\/wp-json\/wp\/v2\/users\/3"}],"replies":[{"embeddable":true,"href":"https:\/\/dryasinkursadvarsak.com\/en\/wp-json\/wp\/v2\/comments?post=9601"}],"version-history":[{"count":13,"href":"https:\/\/dryasinkursadvarsak.com\/en\/wp-json\/wp\/v2\/pages\/9601\/revisions"}],"predecessor-version":[{"id":14202,"href":"https:\/\/dryasinkursadvarsak.com\/en\/wp-json\/wp\/v2\/pages\/9601\/revisions\/14202"}],"wp:attachment":[{"href":"https:\/\/dryasinkursadvarsak.com\/en\/wp-json\/wp\/v2\/media?parent=9601"}],"curies":[{"name":"wp","href":"https:\/\/api.w.org\/{rel}","templated":true}]}}