{"id":9597,"date":"2021-10-30T00:02:23","date_gmt":"2021-10-30T00:02:23","guid":{"rendered":"https:\/\/dryasinkursadvarsak.com\/?page_id=9597"},"modified":"2025-10-08T13:11:06","modified_gmt":"2025-10-08T10:11:06","slug":"yuz-germe","status":"publish","type":"page","link":"https:\/\/dryasinkursadvarsak.com\/en\/yuz-germe\/","title":{"rendered":"Face Lift"},"content":{"rendered":"<div data-elementor-type=\"wp-page\" data-elementor-id=\"9597\" class=\"elementor elementor-9597\" data-elementor-post-type=\"page\">\n\t\t\t\t\t\t<section class=\"elementor-section elementor-top-section elementor-element elementor-element-3dc72ae elementor-section-full_width elementor-section-height-default elementor-section-height-default qodef-elementor-content-no\" data-id=\"3dc72ae\" data-element_type=\"section\" data-e-type=\"section\">\n\t\t\t\t\t\t<div class=\"elementor-container elementor-column-gap-default\">\n\t\t\t\t\t<div class=\"elementor-column elementor-col-33 elementor-top-column elementor-element elementor-element-c531a99\" data-id=\"c531a99\" data-element_type=\"column\" data-e-type=\"column\">\n\t\t\t<div class=\"elementor-widget-wrap elementor-element-populated\">\n\t\t\t\t\t\t<div class=\"elementor-element elementor-element-a7f985b elementor-widget elementor-widget-image\" data-id=\"a7f985b\" data-element_type=\"widget\" data-e-type=\"widget\" data-widget_type=\"image.default\">\n\t\t\t\t\t\t\t\t\t\t\t\t\t\t\t<img fetchpriority=\"high\" decoding=\"async\" width=\"1024\" height=\"1024\" src=\"https:\/\/dryasinkursadvarsak.com\/wp-content\/uploads\/2022\/08\/smiley-mature-woman-with-make-up-posing-with-hand-face-1024x1024.jpg\" class=\"attachment-large size-large wp-image-12344\" alt=\"\" srcset=\"https:\/\/dryasinkursadvarsak.com\/wp-content\/uploads\/2022\/08\/smiley-mature-woman-with-make-up-posing-with-hand-face-1024x1024.jpg 1024w, https:\/\/dryasinkursadvarsak.com\/wp-content\/uploads\/2022\/08\/smiley-mature-woman-with-make-up-posing-with-hand-face-300x300.jpg 300w, https:\/\/dryasinkursadvarsak.com\/wp-content\/uploads\/2022\/08\/smiley-mature-woman-with-make-up-posing-with-hand-face-150x150.jpg 150w, https:\/\/dryasinkursadvarsak.com\/wp-content\/uploads\/2022\/08\/smiley-mature-woman-with-make-up-posing-with-hand-face-768x768.jpg 768w, https:\/\/dryasinkursadvarsak.com\/wp-content\/uploads\/2022\/08\/smiley-mature-woman-with-make-up-posing-with-hand-face-1536x1536.jpg 1536w, https:\/\/dryasinkursadvarsak.com\/wp-content\/uploads\/2022\/08\/smiley-mature-woman-with-make-up-posing-with-hand-face-2048x2048.jpg 2048w, https:\/\/dryasinkursadvarsak.com\/wp-content\/uploads\/2022\/08\/smiley-mature-woman-with-make-up-posing-with-hand-face-12x12.jpg 12w, https:\/\/dryasinkursadvarsak.com\/wp-content\/uploads\/2022\/08\/smiley-mature-woman-with-make-up-posing-with-hand-face-650x650.jpg 650w, https:\/\/dryasinkursadvarsak.com\/wp-content\/uploads\/2022\/08\/smiley-mature-woman-with-make-up-posing-with-hand-face-1300x1300.jpg 1300w\" sizes=\"(max-width: 1024px) 100vw, 1024px\" \/>\t\t\t\t\t\t\t\t\t\t\t\t\t\t\t<\/div>\n\t\t\t\t\t<\/div>\n\t\t<\/div>\n\t\t\t\t<div class=\"elementor-column elementor-col-66 elementor-top-column elementor-element elementor-element-3267cf9\" data-id=\"3267cf9\" data-element_type=\"column\" data-e-type=\"column\">\n\t\t\t<div class=\"elementor-widget-wrap elementor-element-populated\">\n\t\t\t\t\t\t<div class=\"elementor-element elementor-element-8f33f11 elementor-widget elementor-widget-heading\" data-id=\"8f33f11\" data-element_type=\"widget\" data-e-type=\"widget\" data-widget_type=\"heading.default\">\n\t\t\t\t\t<h4 class=\"elementor-heading-title elementor-size-default\">Deep Plane Face-Lift Operation<\/h4>\t\t\t\t<\/div>\n\t\t\t\t<div class=\"elementor-element elementor-element-a989e34 elementor-widget elementor-widget-text-editor\" data-id=\"a989e34\" data-element_type=\"widget\" data-e-type=\"widget\" data-widget_type=\"text-editor.default\">\n\t\t\t\t\t\t\t\t\t<p>Facelift can be defined as the surgical correction of anatomical changes in various parts of the face caused by aging, gravity, genetic and environmental factors. Especially the changes in the cheeks, jaw line, jowl area, neck, eyelids cause the person to have an old face appearance. The aim of the face lift operation is to achieve the change needed by the person without disturbing the natural facial features. The way to make this change permanent is to understand the aging face syndrome correctly and to use the right methods.\nIt is not possible to correct the sagging of the subcutaneous connective tissues only by hanging or stretching the skin. For this reason, more satisfactory and permanent results can be obtained when the muscles and connective tissues attached to the facial bones are hung together with the skin as a whole in the surgical facelift procedure.<\/p>\t\t\t\t\t\t\t\t<\/div>\n\t\t\t\t<div class=\"elementor-element elementor-element-46531a2 elementor-widget elementor-widget-heading\" data-id=\"46531a2\" data-element_type=\"widget\" data-e-type=\"widget\" data-widget_type=\"heading.default\">\n\t\t\t\t\t<h4 class=\"elementor-heading-title elementor-size-default\">How is Deep Plan Mid-Face Lift Operation Performed?<\/h4>\t\t\t\t<\/div>\n\t\t\t\t<div class=\"elementor-element elementor-element-3f3e094 elementor-widget elementor-widget-text-editor\" data-id=\"3f3e094\" data-element_type=\"widget\" data-e-type=\"widget\" data-widget_type=\"text-editor.default\">\n\t\t\t\t\t\t\t\t\t<p>Mid face; It is the central region of the face, which is located next to the nose and coincides with the right under the eyes. The loss of volume in the mid-face area and the sagging of the mid-face soft tissues with the effect of gravity during the aging process and the downward positioning of the cheek draw attention. This situation causes the groove between the corner of the nose and mouth, called the nasolabial sulcus, and the under-eye circles to become prominent, as well as the appearance of under-eye bags.<\/p>\t\t\t\t\t\t\t\t<\/div>\n\t\t\t\t\t<\/div>\n\t\t<\/div>\n\t\t\t\t\t<\/div>\n\t\t<\/section>\n\t\t\t\t<section class=\"elementor-section elementor-top-section elementor-element elementor-element-76464e7 elementor-section-full_width elementor-section-height-default elementor-section-height-default qodef-elementor-content-no\" data-id=\"76464e7\" data-element_type=\"section\" data-e-type=\"section\">\n\t\t\t\t\t\t<div class=\"elementor-container elementor-column-gap-default\">\n\t\t\t\t\t<div class=\"elementor-column elementor-col-50 elementor-top-column elementor-element elementor-element-ed1e2c4\" data-id=\"ed1e2c4\" data-element_type=\"column\" data-e-type=\"column\">\n\t\t\t<div class=\"elementor-widget-wrap elementor-element-populated\">\n\t\t\t\t\t\t<div class=\"elementor-element elementor-element-f06a2b0 elementor-widget elementor-widget-heading\" data-id=\"f06a2b0\" data-element_type=\"widget\" data-e-type=\"widget\" data-widget_type=\"heading.default\">\n\t\t\t\t\t<h4 class=\"elementor-heading-title elementor-size-default\">Deep Plane Neck Lift Surgery<\/h4>\t\t\t\t<\/div>\n\t\t\t\t<div class=\"elementor-element elementor-element-211b485 elementor-widget elementor-widget-text-editor\" data-id=\"211b485\" data-element_type=\"widget\" data-e-type=\"widget\" data-widget_type=\"text-editor.default\">\n\t\t\t\t\t\t\t\t\t<p>For double chin removal, an incision of approximately 2 cm is made under the chin and is entered between the subcutaneous tissue and the platysma muscle. The fat layer that makes the double chin, deep underneath the platysma muscle is removed. Then the digastric muscles in the deep plane can be shaved. If the salivary glands are larger than normal in volume, reduction of the salivary glands can be added.<\/p>\t\t\t\t\t\t\t\t<\/div>\n\t\t\t\t<div class=\"elementor-element elementor-element-ecfa6f6 elementor-widget elementor-widget-heading\" data-id=\"ecfa6f6\" data-element_type=\"widget\" data-e-type=\"widget\" data-widget_type=\"heading.default\">\n\t\t\t\t\t<h4 class=\"elementor-heading-title elementor-size-default\">How is Deep Plan Mid-Face Lift Operation Performed?<\/h4>\t\t\t\t<\/div>\n\t\t\t\t<div class=\"elementor-element elementor-element-51d1a31 elementor-widget elementor-widget-text-editor\" data-id=\"51d1a31\" data-element_type=\"widget\" data-e-type=\"widget\" data-widget_type=\"text-editor.default\">\n\t\t\t\t\t\t\t\t\t<p>The important thing in the mid-face lift operation is to release the muscle layer and other deep tissues in this region and to ensure that they are permanently suspended at higher points in order to correct the sagging on the cheek. The facial nerve (facial nerve), which provides facial facial expressions, is quite superficial. Deep plane mid-face lift operations are slightly more risky and less performed because of the facial nerve course. In the deep plan mid-face lift procedure, it is carefully worked away from the facial nerve and proceeds to the corner of the mouth and nose. In this way, it is possible to treat these areas. Later suspension procedures and skin closure techniques are the same as in the classical face lift operation.<\/p>\t\t\t\t\t\t\t\t<\/div>\n\t\t\t\t<div class=\"elementor-element elementor-element-9756c50 elementor-widget elementor-widget-image\" data-id=\"9756c50\" data-element_type=\"widget\" data-e-type=\"widget\" data-widget_type=\"image.default\">\n\t\t\t\t\t\t\t\t\t\t\t\t\t\t\t<img decoding=\"async\" width=\"1000\" height=\"367\" src=\"https:\/\/dryasinkursadvarsak.com\/wp-content\/uploads\/2022\/08\/GetPaidStock.com-62e2ce836f22b.jpg\" class=\"attachment-large size-large wp-image-12810\" alt=\"\" srcset=\"https:\/\/dryasinkursadvarsak.com\/wp-content\/uploads\/2022\/08\/GetPaidStock.com-62e2ce836f22b.jpg 1000w, https:\/\/dryasinkursadvarsak.com\/wp-content\/uploads\/2022\/08\/GetPaidStock.com-62e2ce836f22b-300x110.jpg 300w, https:\/\/dryasinkursadvarsak.com\/wp-content\/uploads\/2022\/08\/GetPaidStock.com-62e2ce836f22b-768x282.jpg 768w, https:\/\/dryasinkursadvarsak.com\/wp-content\/uploads\/2022\/08\/GetPaidStock.com-62e2ce836f22b-18x7.jpg 18w\" sizes=\"(max-width: 1000px) 100vw, 1000px\" \/>\t\t\t\t\t\t\t\t\t\t\t\t\t\t\t<\/div>\n\t\t\t\t<div class=\"elementor-element elementor-element-c89022e elementor-widget elementor-widget-heading\" data-id=\"c89022e\" data-element_type=\"widget\" data-e-type=\"widget\" data-widget_type=\"heading.default\">\n\t\t\t\t\t<h4 class=\"elementor-heading-title elementor-size-default\">Neck Lift Surgery and Deep Plane Jowl Lift <\/h4>\t\t\t\t<\/div>\n\t\t\t\t<div class=\"elementor-element elementor-element-8854427 elementor-widget elementor-widget-text-editor\" data-id=\"8854427\" data-element_type=\"widget\" data-e-type=\"widget\" data-widget_type=\"text-editor.default\">\n\t\t\t\t\t\t\t\t\t<p>The neck skin is a thin skin and is located on a very thin muscle called the platysma. With aging, this muscle loses its tension and begins to sag with the effect of gravity, and wrinkles develop on the neck skin. Decrease in skin elasticity and increase in deep fat tissue in this area cause jowl formation. The loosening of the connective tissues in the neck area causes the loss of a youthful-looking straight jaw line and the formation of sagging called chin. With neck lift surgery, a chin line that provides a smooth and younger appearance is created, the jowl is removed and the neck skin is stretched. During jowl removal, it is essential to remove the deep fat tissue under the platysma muscle rather than the subcutaneous fat tissue. In liposuction procedures to remove the jowl, only a thin layer of subcutaneous adipose tissue is reduced and the jowl is tried to be removed. This process may cause irregularities under the skin, and there should never be an adequate procedure to remove the jowl.<\/p>\t\t\t\t\t\t\t\t<\/div>\n\t\t\t\t<div class=\"elementor-element elementor-element-3a324a7 elementor-widget elementor-widget-heading\" data-id=\"3a324a7\" data-element_type=\"widget\" data-e-type=\"widget\" data-widget_type=\"heading.default\">\n\t\t\t\t\t<h4 class=\"elementor-heading-title elementor-size-default\">How is Neck Lift Surgery and Skin Plane Jowl Removal Performed?<\/h4>\t\t\t\t<\/div>\n\t\t\t\t<div class=\"elementor-element elementor-element-60ec481 elementor-widget elementor-widget-text-editor\" data-id=\"60ec481\" data-element_type=\"widget\" data-e-type=\"widget\" data-widget_type=\"text-editor.default\">\n\t\t\t\t\t\t\t\t\t<p class=\"translation-block\">For chin removal, an incision of approximately 2 cm is made under the chin and is entered between the subcutaneous tissue and the platysma muscle. The fat layer that makes the main jowl in the deep of the platysma muscle is removed. Then digastric muscles in the deep plane can be shaved. If the salivary glands are larger than normal in volume, the salivary glands can be reduced. The deep neck tissues are stretched by incisions and stitches to the platysma muscle. When the stretching process is completed, the excess skin is removed and the incisions are closed with aesthetic sutures.<\/p>\t\t\t\t\t\t\t\t<\/div>\n\t\t\t\t<div class=\"elementor-element elementor-element-cfd72cc elementor-widget elementor-widget-image\" data-id=\"cfd72cc\" data-element_type=\"widget\" data-e-type=\"widget\" data-widget_type=\"image.default\">\n\t\t\t\t\t\t\t\t\t\t\t\t\t\t\t<img decoding=\"async\" width=\"1000\" height=\"305\" src=\"https:\/\/dryasinkursadvarsak.com\/wp-content\/uploads\/2022\/08\/GetPaidStock.com-62e2cd703a574.jpg\" class=\"attachment-large size-large wp-image-12813\" alt=\"\" srcset=\"https:\/\/dryasinkursadvarsak.com\/wp-content\/uploads\/2022\/08\/GetPaidStock.com-62e2cd703a574.jpg 1000w, https:\/\/dryasinkursadvarsak.com\/wp-content\/uploads\/2022\/08\/GetPaidStock.com-62e2cd703a574-300x92.jpg 300w, https:\/\/dryasinkursadvarsak.com\/wp-content\/uploads\/2022\/08\/GetPaidStock.com-62e2cd703a574-768x234.jpg 768w, https:\/\/dryasinkursadvarsak.com\/wp-content\/uploads\/2022\/08\/GetPaidStock.com-62e2cd703a574-18x5.jpg 18w\" sizes=\"(max-width: 1000px) 100vw, 1000px\" \/>\t\t\t\t\t\t\t\t\t\t\t\t\t\t\t<\/div>\n\t\t\t\t\t<\/div>\n\t\t<\/div>\n\t\t\t\t<div class=\"elementor-column elementor-col-50 elementor-top-column elementor-element elementor-element-a941206\" data-id=\"a941206\" data-element_type=\"column\" data-e-type=\"column\">\n\t\t\t<div class=\"elementor-widget-wrap elementor-element-populated\">\n\t\t\t\t\t\t<div class=\"elementor-element elementor-element-24021d0 elementor-widget elementor-widget-image\" data-id=\"24021d0\" data-element_type=\"widget\" data-e-type=\"widget\" data-widget_type=\"image.default\">\n\t\t\t\t\t\t\t\t\t\t\t\t\t\t\t<img loading=\"lazy\" decoding=\"async\" width=\"1000\" height=\"385\" src=\"https:\/\/dryasinkursadvarsak.com\/wp-content\/uploads\/2022\/08\/GetPaidStock.com-62e2ccf2e78e6.jpg\" class=\"attachment-large size-large wp-image-12814\" alt=\"\" srcset=\"https:\/\/dryasinkursadvarsak.com\/wp-content\/uploads\/2022\/08\/GetPaidStock.com-62e2ccf2e78e6.jpg 1000w, https:\/\/dryasinkursadvarsak.com\/wp-content\/uploads\/2022\/08\/GetPaidStock.com-62e2ccf2e78e6-300x116.jpg 300w, https:\/\/dryasinkursadvarsak.com\/wp-content\/uploads\/2022\/08\/GetPaidStock.com-62e2ccf2e78e6-768x296.jpg 768w, https:\/\/dryasinkursadvarsak.com\/wp-content\/uploads\/2022\/08\/GetPaidStock.com-62e2ccf2e78e6-18x7.jpg 18w\" sizes=\"(max-width: 1000px) 100vw, 1000px\" \/>\t\t\t\t\t\t\t\t\t\t\t\t\t\t\t<\/div>\n\t\t\t\t<div class=\"elementor-element elementor-element-0dd9237 elementor-widget elementor-widget-heading\" data-id=\"0dd9237\" data-element_type=\"widget\" data-e-type=\"widget\" data-widget_type=\"heading.default\">\n\t\t\t\t\t<h4 class=\"elementor-heading-title elementor-size-default\">Brow Lift<\/h4>\t\t\t\t<\/div>\n\t\t\t\t<div class=\"elementor-element elementor-element-b3645e0 elementor-widget elementor-widget-text-editor\" data-id=\"b3645e0\" data-element_type=\"widget\" data-e-type=\"widget\" data-widget_type=\"text-editor.default\">\n\t\t\t\t\t\t\t\t\t<p>With aging, the skin begins to lose its elasticity. Wrinkles and sagging are seen in different parts of the body, especially on  the face. Sometimes, this appearance can be observed in young people, when  genetic factors are predominant. The first signs of aging are usually seen in the eyebrow and forehead area. The sagging of the eyebrows and upper eyelids may accumulate over the eyes as we age, and may become disturbing enough to affect the aesthetic appearance and vision.\n\nThe drooping of the eyebrows, which affects the facial expression very much, can also cause a tired, nervous or tense look. Eyebrow lift or temporal lift operation is performed to correct the sagging in these areas in order to make the forehead, eyebrows and upper face area look younger.<\/p>\t\t\t\t\t\t\t\t<\/div>\n\t\t\t\t<div class=\"elementor-element elementor-element-dd0513f elementor-widget elementor-widget-heading\" data-id=\"dd0513f\" data-element_type=\"widget\" data-e-type=\"widget\" data-widget_type=\"heading.default\">\n\t\t\t\t\t<h4 class=\"elementor-heading-title elementor-size-default\">How is Eyebrow lift Operation Performed?<\/h4>\t\t\t\t<\/div>\n\t\t\t\t<div class=\"elementor-element elementor-element-fdfe2b8 elementor-widget elementor-widget-text-editor\" data-id=\"fdfe2b8\" data-element_type=\"widget\" data-e-type=\"widget\" data-widget_type=\"text-editor.default\">\n\t\t\t\t\t\t\t\t\t<p>After  preliminary examination, it is determined whether the person is suitable for this procedure. Eyebrow lifting operation should not be confused with thread lifting techniques. Surgical brow lift operation is a permanent procedure. Under general anesthesia, an incision is made just above the eyebrows, parallel to the eyebrow hairs, and a wedge-shaped skin is removed and the eyebrow is suspended upwards. Another version  of  brow lift is temporal lift surgery. An incision is made just 1 cm  behind the hairlines and the scalp is elevated  in the temporal area . The desired shape is given by pulling the eyebrow up from the scalp. This method can be applied without any surgical scars, and more permanent results are obtained compared to other procedures. Surgery duration  is about 1-1.5 hours. The person can return to his social life 3-5 days after the operation. Stitches can be removed after a week. Incision scars are hidden in the border of the eyebrow line or in the scalp.<\/p>\t\t\t\t\t\t\t\t<\/div>\n\t\t\t\t<div class=\"elementor-element elementor-element-e3c6c97 elementor-widget elementor-widget-image\" data-id=\"e3c6c97\" data-element_type=\"widget\" data-e-type=\"widget\" data-widget_type=\"image.default\">\n\t\t\t\t\t\t\t\t\t\t\t\t\t\t\t<img loading=\"lazy\" decoding=\"async\" width=\"1000\" height=\"400\" src=\"https:\/\/dryasinkursadvarsak.com\/wp-content\/uploads\/2022\/08\/GetPaidStock.com-62e2cdf50d446.jpg\" class=\"attachment-large size-large wp-image-12812\" alt=\"\" srcset=\"https:\/\/dryasinkursadvarsak.com\/wp-content\/uploads\/2022\/08\/GetPaidStock.com-62e2cdf50d446.jpg 1000w, https:\/\/dryasinkursadvarsak.com\/wp-content\/uploads\/2022\/08\/GetPaidStock.com-62e2cdf50d446-300x120.jpg 300w, https:\/\/dryasinkursadvarsak.com\/wp-content\/uploads\/2022\/08\/GetPaidStock.com-62e2cdf50d446-768x307.jpg 768w, https:\/\/dryasinkursadvarsak.com\/wp-content\/uploads\/2022\/08\/GetPaidStock.com-62e2cdf50d446-18x7.jpg 18w\" sizes=\"(max-width: 1000px) 100vw, 1000px\" \/>\t\t\t\t\t\t\t\t\t\t\t\t\t\t\t<\/div>\n\t\t\t\t<div class=\"elementor-element elementor-element-7b2b1b1 elementor-widget elementor-widget-heading\" data-id=\"7b2b1b1\" data-element_type=\"widget\" data-e-type=\"widget\" data-widget_type=\"heading.default\">\n\t\t\t\t\t<h4 class=\"elementor-heading-title elementor-size-default\">Forehead Lifting <\/h4>\t\t\t\t<\/div>\n\t\t\t\t<div class=\"elementor-element elementor-element-a846632 elementor-widget elementor-widget-text-editor\" data-id=\"a846632\" data-element_type=\"widget\" data-e-type=\"widget\" data-widget_type=\"text-editor.default\">\n\t\t\t\t\t\t\t\t\t<p>Aging in the upper face area, which includes the forehead, eyebrows, temporal area and eyelids, appears as a component of the aging face. The mimic lines in the forehead area deepen over time and form vertical or horizontal lines. This look causes a tired and old expression. In addition, with the decrease of collagen under the skin and the loss of tightness of the muscle tissues, the forehead begins to sag downwards. With forehead lift aesthetics, mimic lines are reduced and the person looks younger. At the same time, tension is obtained by lifting the skin and subcutaneous tissue hanging down on the forehead, midline and temporal areas. Today, although it does not provide a permanent effect in the treatment of aging in the upper face, botox has become more preferable due to its ease of application and prevalence. For this reason, forehead lift operations for the frown area and forehead lines are not performed as often as before.<\/p>\t\t\t\t\t\t\t\t<\/div>\n\t\t\t\t<div class=\"elementor-element elementor-element-6ef46e3 elementor-widget elementor-widget-heading\" data-id=\"6ef46e3\" data-element_type=\"widget\" data-e-type=\"widget\" data-widget_type=\"heading.default\">\n\t\t\t\t\t<h4 class=\"elementor-heading-title elementor-size-default\">How is The Forehead Lift Operat\u0131on Performed?<\/h4>\t\t\t\t<\/div>\n\t\t\t\t<div class=\"elementor-element elementor-element-b653b39 elementor-widget elementor-widget-text-editor\" data-id=\"b653b39\" data-element_type=\"widget\" data-e-type=\"widget\" data-widget_type=\"text-editor.default\">\n\t\t\t\t\t\t\t\t\t<p>Forehead lift operation can be performed openly or endoscopically. This operation is usually done under general anesthesia. The skin and subcutaneous tissue of the forehead, which is freed from the skull by entering through a few incisions made through the hairline, is suspended on the bone sheath in the upper regions, and at the same time, the small muscle groups that cause us to frown and wrinkles are rendered dysfunctional. This operation can be combined with temporal and eyebrow lifting. After 1 week -10 days, the stitches are removed and the person can return to her\/his daily life.<\/p>\t\t\t\t\t\t\t\t<\/div>\n\t\t\t\t\t<\/div>\n\t\t<\/div>\n\t\t\t\t\t<\/div>\n\t\t<\/section>\n\t\t\t\t<\/div>","protected":false},"excerpt":{"rendered":"<p>Derin Plan Y\u00fcz Germe Operasyonu Y\u00fcz germe y\u00fcz\u00fcn \u00e7e\u015fitli b\u00f6lgelerinde ya\u015flanma, yer \u00e7ekimi, genetik ve \u00e7evresel fakt\u00f6rlerin etkisiyle olu\u015fan anatomik de\u011fi\u015fikliklerin cerrahi olarak d\u00fczeltilmesi olarak tan\u0131mlanabilir. \u00d6zellikle \u015fakak b\u00f6lgeleri, yanaklar, \u00e7ene hatt\u0131, g\u0131d\u0131 b\u00f6lgesi, boyun, g\u00f6z kapaklar\u0131ndaki de\u011fi\u015fim ki\u015finin ya\u015fl\u0131 bir y\u00fcz g\u00f6r\u00fcn\u00fcm\u00fcne sahip olmas\u0131na neden olmaktad\u0131r. Y\u00fcz germe operasyonunda hedef ki\u015finin ihtiyac\u0131 olan de\u011fi\u015fimi [&hellip;]<\/p>\n","protected":false},"author":3,"featured_media":0,"parent":0,"menu_order":0,"comment_status":"closed","ping_status":"closed","template":"","meta":{"footnotes":""},"class_list":["post-9597","page","type-page","status-publish","hentry"],"_links":{"self":[{"href":"https:\/\/dryasinkursadvarsak.com\/en\/wp-json\/wp\/v2\/pages\/9597","targetHints":{"allow":["GET"]}}],"collection":[{"href":"https:\/\/dryasinkursadvarsak.com\/en\/wp-json\/wp\/v2\/pages"}],"about":[{"href":"https:\/\/dryasinkursadvarsak.com\/en\/wp-json\/wp\/v2\/types\/page"}],"author":[{"embeddable":true,"href":"https:\/\/dryasinkursadvarsak.com\/en\/wp-json\/wp\/v2\/users\/3"}],"replies":[{"embeddable":true,"href":"https:\/\/dryasinkursadvarsak.com\/en\/wp-json\/wp\/v2\/comments?post=9597"}],"version-history":[{"count":22,"href":"https:\/\/dryasinkursadvarsak.com\/en\/wp-json\/wp\/v2\/pages\/9597\/revisions"}],"predecessor-version":[{"id":14154,"href":"https:\/\/dryasinkursadvarsak.com\/en\/wp-json\/wp\/v2\/pages\/9597\/revisions\/14154"}],"wp:attachment":[{"href":"https:\/\/dryasinkursadvarsak.com\/en\/wp-json\/wp\/v2\/media?parent=9597"}],"curies":[{"name":"wp","href":"https:\/\/api.w.org\/{rel}","templated":true}]}}