{"id":9586,"date":"2021-10-29T23:42:24","date_gmt":"2021-10-29T23:42:24","guid":{"rendered":"https:\/\/dryasinkursadvarsak.com\/?page_id=9586"},"modified":"2025-10-08T13:18:35","modified_gmt":"2025-10-08T10:18:35","slug":"bisektomi","status":"publish","type":"page","link":"https:\/\/dryasinkursadvarsak.com\/en\/bisektomi\/","title":{"rendered":"Bichectomy <br>(Hollywood Cheek)"},"content":{"rendered":"<div data-elementor-type=\"wp-page\" data-elementor-id=\"9586\" class=\"elementor elementor-9586\" data-elementor-post-type=\"page\">\n\t\t\t\t\t\t<section class=\"elementor-section elementor-top-section elementor-element elementor-element-5b3384a elementor-section-full_width elementor-section-height-default elementor-section-height-default qodef-elementor-content-no\" data-id=\"5b3384a\" data-element_type=\"section\" data-e-type=\"section\">\n\t\t\t\t\t\t<div class=\"elementor-container elementor-column-gap-default\">\n\t\t\t\t\t<div class=\"elementor-column elementor-col-50 elementor-top-column elementor-element elementor-element-23c40b9\" data-id=\"23c40b9\" data-element_type=\"column\" data-e-type=\"column\">\n\t\t\t<div class=\"elementor-widget-wrap elementor-element-populated\">\n\t\t\t\t\t\t<div class=\"elementor-element elementor-element-196d6d3 elementor-widget elementor-widget-heading\" data-id=\"196d6d3\" data-element_type=\"widget\" data-e-type=\"widget\" data-widget_type=\"heading.default\">\n\t\t\t\t\t<h4 class=\"elementor-heading-title elementor-size-default\">Bichectomy - Cheek Thinning Surgery<\/h4>\t\t\t\t<\/div>\n\t\t\t\t<div class=\"elementor-element elementor-element-2b4cbfb elementor-widget elementor-widget-text-editor\" data-id=\"2b4cbfb\" data-element_type=\"widget\" data-e-type=\"widget\" data-widget_type=\"text-editor.default\">\n\t\t\t\t\t\t\t\t\t<p class=\"translation-block\">Cheek thinning (bishectomy) is the process of removing some of the deep fat called bishet fatty tissue in the cheek area to make the cheekbones more pronounced and the facial lines sharper. People who prefer a bisectomy often have a complete, flat facial line, which we call a square or \"U.\" Contrary to what is accepted in bisectomy surgery, it aims to remove deep fat tissue, not the subcutaneous fat that is superficial. Bisectomy is not a weakening or reduction of the face. This is a styling process performed only by reducing the volume from the cheeks. Bishectomy is a permanent surgery.<\/p>\t\t\t\t\t\t\t\t<\/div>\n\t\t\t\t\t<\/div>\n\t\t<\/div>\n\t\t\t\t<div class=\"elementor-column elementor-col-50 elementor-top-column elementor-element elementor-element-69d768d\" data-id=\"69d768d\" data-element_type=\"column\" data-e-type=\"column\">\n\t\t\t<div class=\"elementor-widget-wrap elementor-element-populated\">\n\t\t\t\t\t\t<div class=\"elementor-element elementor-element-6c63cf6 elementor-widget elementor-widget-image\" data-id=\"6c63cf6\" data-element_type=\"widget\" data-e-type=\"widget\" data-widget_type=\"image.default\">\n\t\t\t\t\t\t\t\t\t\t\t\t\t\t\t<img fetchpriority=\"high\" decoding=\"async\" width=\"776\" height=\"1000\" src=\"https:\/\/dryasinkursadvarsak.com\/wp-content\/uploads\/2022\/08\/GetPaidStock.com-62e2cd39e8058.jpg\" class=\"attachment-large size-large wp-image-12137\" alt=\"Istanbul Facial Plastic Surgery\" srcset=\"https:\/\/dryasinkursadvarsak.com\/wp-content\/uploads\/2022\/08\/GetPaidStock.com-62e2cd39e8058.jpg 776w, https:\/\/dryasinkursadvarsak.com\/wp-content\/uploads\/2022\/08\/GetPaidStock.com-62e2cd39e8058-233x300.jpg 233w, https:\/\/dryasinkursadvarsak.com\/wp-content\/uploads\/2022\/08\/GetPaidStock.com-62e2cd39e8058-768x990.jpg 768w\" sizes=\"(max-width: 776px) 100vw, 776px\" \/>\t\t\t\t\t\t\t\t\t\t\t\t\t\t\t<\/div>\n\t\t\t\t\t<\/div>\n\t\t<\/div>\n\t\t\t\t\t<\/div>\n\t\t<\/section>\n\t\t\t\t<\/div>","protected":false},"excerpt":{"rendered":"<p>Bi\u015fektomi &#8211; Yanak \u0130nceltme Ameliyat\u0131 Bi\u015fektomi yanak inceltme operasyonu, yanak k\u0131sm\u0131nda bulunan bi\u015fet ya\u011f dokusu olarak adland\u0131r\u0131lan derin ya\u011f yast\u0131k\u00e7\u0131\u011f\u0131n\u0131n bir k\u0131sm\u0131n\u0131n al\u0131nmas\u0131 ile elmac\u0131k kemiklerinin daha belirgin ve y\u00fcz hatlar\u0131n\u0131n daha keskin hale getirilmesi i\u015flemidir. Bi\u015fektomi ameliyat\u0131n\u0131 tercih eden ki\u015filer genellikle kare veya \u201cU\u201d \u015feklinde dedi\u011fimiz dolgun, d\u00fcz y\u00fcz hatlar\u0131na sahiptir. Bi\u015fektomi ameliyat\u0131nda san\u0131lan\u0131n [&hellip;]<\/p>\n","protected":false},"author":3,"featured_media":12137,"parent":0,"menu_order":0,"comment_status":"closed","ping_status":"closed","template":"","meta":{"footnotes":""},"class_list":["post-9586","page","type-page","status-publish","has-post-thumbnail","hentry"],"_links":{"self":[{"href":"https:\/\/dryasinkursadvarsak.com\/en\/wp-json\/wp\/v2\/pages\/9586","targetHints":{"allow":["GET"]}}],"collection":[{"href":"https:\/\/dryasinkursadvarsak.com\/en\/wp-json\/wp\/v2\/pages"}],"about":[{"href":"https:\/\/dryasinkursadvarsak.com\/en\/wp-json\/wp\/v2\/types\/page"}],"author":[{"embeddable":true,"href":"https:\/\/dryasinkursadvarsak.com\/en\/wp-json\/wp\/v2\/users\/3"}],"replies":[{"embeddable":true,"href":"https:\/\/dryasinkursadvarsak.com\/en\/wp-json\/wp\/v2\/comments?post=9586"}],"version-history":[{"count":13,"href":"https:\/\/dryasinkursadvarsak.com\/en\/wp-json\/wp\/v2\/pages\/9586\/revisions"}],"predecessor-version":[{"id":14190,"href":"https:\/\/dryasinkursadvarsak.com\/en\/wp-json\/wp\/v2\/pages\/9586\/revisions\/14190"}],"wp:featuredmedia":[{"embeddable":true,"href":"https:\/\/dryasinkursadvarsak.com\/en\/wp-json\/wp\/v2\/media\/12137"}],"wp:attachment":[{"href":"https:\/\/dryasinkursadvarsak.com\/en\/wp-json\/wp\/v2\/media?parent=9586"}],"curies":[{"name":"wp","href":"https:\/\/api.w.org\/{rel}","templated":true}]}}