{"id":9584,"date":"2021-10-29T23:47:57","date_gmt":"2021-10-29T23:47:57","guid":{"rendered":"https:\/\/dryasinkursadvarsak.com\/?page_id=9584"},"modified":"2025-10-08T13:18:03","modified_gmt":"2025-10-08T10:18:03","slug":"profil-estetigi","status":"publish","type":"page","link":"https:\/\/dryasinkursadvarsak.com\/en\/profil-estetigi\/","title":{"rendered":"Profile Aesthetics"},"content":{"rendered":"<div data-elementor-type=\"wp-page\" data-elementor-id=\"9584\" class=\"elementor elementor-9584\" data-elementor-post-type=\"page\">\n\t\t\t\t\t\t<section class=\"elementor-section elementor-top-section elementor-element elementor-element-5b3384a elementor-section-full_width elementor-section-height-default elementor-section-height-default qodef-elementor-content-no\" data-id=\"5b3384a\" data-element_type=\"section\" data-e-type=\"section\">\n\t\t\t\t\t\t<div class=\"elementor-container elementor-column-gap-default\">\n\t\t\t\t\t<div class=\"elementor-column elementor-col-50 elementor-top-column elementor-element elementor-element-23c40b9\" data-id=\"23c40b9\" data-element_type=\"column\" data-e-type=\"column\">\n\t\t\t<div class=\"elementor-widget-wrap elementor-element-populated\">\n\t\t\t\t\t\t<div class=\"elementor-element elementor-element-95040d9 elementor-widget elementor-widget-heading\" data-id=\"95040d9\" data-element_type=\"widget\" data-e-type=\"widget\" data-widget_type=\"heading.default\">\n\t\t\t\t\t<h3 class=\"elementor-heading-title elementor-size-default\">Profile Aesthetics<\/h3>\t\t\t\t<\/div>\n\t\t\t\t<div class=\"elementor-element elementor-element-cb6abf8 elementor-widget elementor-widget-text-editor\" data-id=\"cb6abf8\" data-element_type=\"widget\" data-e-type=\"widget\" data-widget_type=\"text-editor.default\">\n\t\t\t\t\t\t\t\t\t<p>The harmony of the organs in the face area with each other in terms of size, shape and positioning on the face has a great aesthetic importance when viewed from the face and side profile. Profiloplasty; It is the process of evaluating the face profile with all the elements on the face and harmonizing it with each other. Correction of only one element that disturbs a person aesthetically may not give satisfactory results when the entire face is evaluated aesthetically. Especially thanks to rhinoplasty, there can be a very serious change in a person's profile.But rhinoplasty is sometimes not enough to provide profile aesthetics alone. Other problems that disrupt the aesthetics of the profile can be detected and informed to the patient about it, and a more harmonious facial features can be revealed with the procedures that will be performed according to the patient's request. Forehead, eyebrows, eyelids, cheekbones, nose, lips, chin and neck are the areas where changes are made in profiloplasty.<\/p>\t\t\t\t\t\t\t\t<\/div>\n\t\t\t\t<div class=\"elementor-element elementor-element-89a7516 elementor-widget elementor-widget-text-editor\" data-id=\"89a7516\" data-element_type=\"widget\" data-e-type=\"widget\" data-widget_type=\"text-editor.default\">\n\t\t\t\t\t\t\t\t\t<p>By evaluating all these parameters and correcting them together, a correct profiloplasty is made.<\/p><ul><li class=\"translation-block\">Rhinoplasty: correction of the shape of the nose.<\/li><li class=\"translation-block\">Forehead-Brow Area: Eyebrow lifting, forehead filler applications, forehead Hyaluronic acid filler<\/li><li class=\"translation-block\">Eyelid Surgery (Blepharoplasty); drooping eyelids and eye bags can be corrected with local or general anesthesia.<\/li><li><strong>Filling applications to cheekbones<\/strong><\/li><li><strong>Lip filling applications<\/strong><\/li><li><strong>Liplift (lip lift)<\/strong><\/li><li class=\"translation-block\">Mentoplasty (Jaw Surgery): It is the process of reducing and enlarging the chin. It is usually performed together with rhinoplasty. It can be done with filling or implant placement or with piezo (electric filing).<\/li><li><strong>Double chin aesthetics<\/strong><\/li><\/ul>\t\t\t\t\t\t\t\t<\/div>\n\t\t\t\t\t<\/div>\n\t\t<\/div>\n\t\t\t\t<div class=\"elementor-column elementor-col-50 elementor-top-column elementor-element elementor-element-f44fff1\" data-id=\"f44fff1\" data-element_type=\"column\" data-e-type=\"column\">\n\t\t\t<div class=\"elementor-widget-wrap elementor-element-populated\">\n\t\t\t\t\t\t<div class=\"elementor-element elementor-element-c0be813 elementor-widget elementor-widget-image\" data-id=\"c0be813\" data-element_type=\"widget\" data-e-type=\"widget\" data-widget_type=\"image.default\">\n\t\t\t\t\t\t\t\t\t\t\t\t\t\t\t<img fetchpriority=\"high\" decoding=\"async\" width=\"1024\" height=\"958\" src=\"https:\/\/dryasinkursadvarsak.com\/wp-content\/uploads\/2022\/08\/woman-with-ideal-skin-green-gel-cap-pink-background-1024x958.jpg\" class=\"attachment-large size-large wp-image-12151\" alt=\"Istanbul Facial Plastic Surgery\" srcset=\"https:\/\/dryasinkursadvarsak.com\/wp-content\/uploads\/2022\/08\/woman-with-ideal-skin-green-gel-cap-pink-background-1024x958.jpg 1024w, https:\/\/dryasinkursadvarsak.com\/wp-content\/uploads\/2022\/08\/woman-with-ideal-skin-green-gel-cap-pink-background-300x281.jpg 300w, https:\/\/dryasinkursadvarsak.com\/wp-content\/uploads\/2022\/08\/woman-with-ideal-skin-green-gel-cap-pink-background-768x718.jpg 768w, https:\/\/dryasinkursadvarsak.com\/wp-content\/uploads\/2022\/08\/woman-with-ideal-skin-green-gel-cap-pink-background-1536x1436.jpg 1536w, https:\/\/dryasinkursadvarsak.com\/wp-content\/uploads\/2022\/08\/woman-with-ideal-skin-green-gel-cap-pink-background-2048x1915.jpg 2048w\" sizes=\"(max-width: 1024px) 100vw, 1024px\" \/>\t\t\t\t\t\t\t\t\t\t\t\t\t\t\t<\/div>\n\t\t\t\t\t<\/div>\n\t\t<\/div>\n\t\t\t\t\t<\/div>\n\t\t<\/section>\n\t\t\t\t<\/div>","protected":false},"excerpt":{"rendered":"<p>Profil Esteti\u011fi Y\u00fcz b\u00f6lgesi i\u00e7erisine giren organlar\u0131n b\u00fcy\u00fckl\u00fck ,\u015fekil ve y\u00fczde konumland\u0131r\u0131lmas\u0131 a\u00e7\u0131s\u0131ndan birbiri ile olan uyumu, gerek y\u00fcze kar\u015f\u0131dan bak\u0131ld\u0131\u011f\u0131nda gerekse yan profilden bak\u0131ld\u0131\u011f\u0131nda estetik a\u00e7\u0131dan olduk\u00e7a b\u00fcy\u00fck bir \u00f6neme sahiptir. Profil esteti\u011fi; y\u00fcz profilinin ,y\u00fczdeki t\u00fcm unsurlarla birlikte de\u011ferlendirilip, birbirleriyle uyumlu hale getirilmesi i\u015flemidir. Ki\u015fiyi estetik a\u00e7\u0131dan rahats\u0131z eden yaln\u0131zca bir unsurun d\u00fczeltilmesi [&hellip;]<\/p>\n","protected":false},"author":3,"featured_media":0,"parent":0,"menu_order":0,"comment_status":"closed","ping_status":"closed","template":"","meta":{"footnotes":""},"class_list":["post-9584","page","type-page","status-publish","hentry"],"_links":{"self":[{"href":"https:\/\/dryasinkursadvarsak.com\/en\/wp-json\/wp\/v2\/pages\/9584","targetHints":{"allow":["GET"]}}],"collection":[{"href":"https:\/\/dryasinkursadvarsak.com\/en\/wp-json\/wp\/v2\/pages"}],"about":[{"href":"https:\/\/dryasinkursadvarsak.com\/en\/wp-json\/wp\/v2\/types\/page"}],"author":[{"embeddable":true,"href":"https:\/\/dryasinkursadvarsak.com\/en\/wp-json\/wp\/v2\/users\/3"}],"replies":[{"embeddable":true,"href":"https:\/\/dryasinkursadvarsak.com\/en\/wp-json\/wp\/v2\/comments?post=9584"}],"version-history":[{"count":13,"href":"https:\/\/dryasinkursadvarsak.com\/en\/wp-json\/wp\/v2\/pages\/9584\/revisions"}],"predecessor-version":[{"id":14184,"href":"https:\/\/dryasinkursadvarsak.com\/en\/wp-json\/wp\/v2\/pages\/9584\/revisions\/14184"}],"wp:attachment":[{"href":"https:\/\/dryasinkursadvarsak.com\/en\/wp-json\/wp\/v2\/media?parent=9584"}],"curies":[{"name":"wp","href":"https:\/\/api.w.org\/{rel}","templated":true}]}}