{"id":9578,"date":"2021-10-11T04:13:22","date_gmt":"2021-10-11T04:13:22","guid":{"rendered":"https:\/\/dryasinkursadvarsak.com\/?page_id=9578"},"modified":"2025-10-08T13:32:46","modified_gmt":"2025-10-08T10:32:46","slug":"goz-kapagi-estetigi","status":"publish","type":"page","link":"https:\/\/dryasinkursadvarsak.com\/en\/goz-kapagi-estetigi\/","title":{"rendered":"Eyelid Aesthetic"},"content":{"rendered":"<div data-elementor-type=\"wp-page\" data-elementor-id=\"9578\" class=\"elementor elementor-9578\" data-elementor-post-type=\"page\">\n\t\t\t\t\t\t<section class=\"elementor-section elementor-top-section elementor-element elementor-element-b1dcb68 elementor-section-full_width elementor-section-height-default elementor-section-height-default qodef-elementor-content-no\" data-id=\"b1dcb68\" data-element_type=\"section\" data-e-type=\"section\">\n\t\t\t\t\t\t<div class=\"elementor-container elementor-column-gap-default\">\n\t\t\t\t\t<div class=\"elementor-column elementor-col-66 elementor-top-column elementor-element elementor-element-6bb1c93\" data-id=\"6bb1c93\" data-element_type=\"column\" data-e-type=\"column\">\n\t\t\t<div class=\"elementor-widget-wrap elementor-element-populated\">\n\t\t\t\t\t\t<div class=\"elementor-element elementor-element-743ea44 elementor-widget elementor-widget-heading\" data-id=\"743ea44\" data-element_type=\"widget\" data-e-type=\"widget\" data-widget_type=\"heading.default\">\n\t\t\t\t\t<h4 class=\"elementor-heading-title elementor-size-default\">Upper Eyelid Surgery<\/h4>\t\t\t\t<\/div>\n\t\t\t\t<div class=\"elementor-element elementor-element-d71f3ce elementor-widget elementor-widget-text-editor\" data-id=\"d71f3ce\" data-element_type=\"widget\" data-e-type=\"widget\" data-widget_type=\"text-editor.default\">\n\t\t\t\t\t\t\t\t\t<p>With the advancing age, the upper eyelid skin becomes loose and sagging, as well as herniation in the fat tissues in this area occures, which makes the person look old, tired and sad. Eyelid surgery (blepharoplasty) is a surgical procedure used to get rid of the uncomfortable appearance of the person. In upper eyelid surgery, excess skin can be removed, herniated fat tissues can be removed, or the upper eyelid can be made more aesthetically acceptable by transferring it to the empty areas. Satisfaction rates in upper eyelid surgeries can reach up to 80%-90%.<\/p>\t\t\t\t\t\t\t\t<\/div>\n\t\t\t\t<div class=\"elementor-element elementor-element-10b35cf elementor-widget elementor-widget-heading\" data-id=\"10b35cf\" data-element_type=\"widget\" data-e-type=\"widget\" data-widget_type=\"heading.default\">\n\t\t\t\t\t<h4 class=\"elementor-heading-title elementor-size-default\">How is Upper Eyelid Surgery Performed?<\/h4>\t\t\t\t<\/div>\n\t\t\t\t<div class=\"elementor-element elementor-element-6161ae6 elementor-widget elementor-widget-text-editor\" data-id=\"6161ae6\" data-element_type=\"widget\" data-e-type=\"widget\" data-widget_type=\"text-editor.default\">\n\t\t\t\t\t\t\t\t\t<p>The operation can be performed under both local anesthesia and general anesthesia. The operation process is determined in line with the preference and health status of the person. An incision is made in the upper eyelid fold, and the skin, muscle tissue and fat pads are intervened according to the patient's needs. Stitches are removed after 8-10 days, the patient can return to his active life after 10 days.<\/p>\t\t\t\t\t\t\t\t<\/div>\n\t\t\t\t\t<\/div>\n\t\t<\/div>\n\t\t\t\t<div class=\"elementor-column elementor-col-33 elementor-top-column elementor-element elementor-element-eb63a66\" data-id=\"eb63a66\" data-element_type=\"column\" data-e-type=\"column\">\n\t\t\t<div class=\"elementor-widget-wrap elementor-element-populated\">\n\t\t\t\t\t\t<div class=\"elementor-element elementor-element-169ed61 elementor-widget elementor-widget-image\" data-id=\"169ed61\" data-element_type=\"widget\" data-e-type=\"widget\" data-widget_type=\"image.default\">\n\t\t\t\t\t\t\t\t\t\t\t\t\t\t\t<img fetchpriority=\"high\" decoding=\"async\" width=\"1000\" height=\"633\" src=\"https:\/\/dryasinkursadvarsak.com\/wp-content\/uploads\/2022\/08\/GetPaidStock.com-62e2ced213d3f.jpg\" class=\"attachment-large size-large wp-image-12811\" alt=\"\" srcset=\"https:\/\/dryasinkursadvarsak.com\/wp-content\/uploads\/2022\/08\/GetPaidStock.com-62e2ced213d3f.jpg 1000w, https:\/\/dryasinkursadvarsak.com\/wp-content\/uploads\/2022\/08\/GetPaidStock.com-62e2ced213d3f-300x190.jpg 300w, https:\/\/dryasinkursadvarsak.com\/wp-content\/uploads\/2022\/08\/GetPaidStock.com-62e2ced213d3f-768x486.jpg 768w, https:\/\/dryasinkursadvarsak.com\/wp-content\/uploads\/2022\/08\/GetPaidStock.com-62e2ced213d3f-18x12.jpg 18w\" sizes=\"(max-width: 1000px) 100vw, 1000px\" \/>\t\t\t\t\t\t\t\t\t\t\t\t\t\t\t<\/div>\n\t\t\t\t\t<\/div>\n\t\t<\/div>\n\t\t\t\t\t<\/div>\n\t\t<\/section>\n\t\t\t\t<section class=\"elementor-section elementor-top-section elementor-element elementor-element-dc3b89d elementor-section-full_width elementor-section-height-default elementor-section-height-default qodef-elementor-content-no\" data-id=\"dc3b89d\" data-element_type=\"section\" data-e-type=\"section\">\n\t\t\t\t\t\t<div class=\"elementor-container elementor-column-gap-default\">\n\t\t\t\t\t<div class=\"elementor-column elementor-col-33 elementor-top-column elementor-element elementor-element-279f92f\" data-id=\"279f92f\" data-element_type=\"column\" data-e-type=\"column\">\n\t\t\t<div class=\"elementor-widget-wrap elementor-element-populated\">\n\t\t\t\t\t\t<div class=\"elementor-element elementor-element-7bc5b00 elementor-widget elementor-widget-image\" data-id=\"7bc5b00\" data-element_type=\"widget\" data-e-type=\"widget\" data-widget_type=\"image.default\">\n\t\t\t\t\t\t\t\t\t\t\t\t\t\t\t<img decoding=\"async\" width=\"626\" height=\"417\" src=\"https:\/\/dryasinkursadvarsak.com\/wp-content\/uploads\/2022\/08\/macro-view-pretty-blue-eye-caucasian-girl-her-30s-arrows-point-direction-planned-oculoplastic-surgery-tighten-lift-skin-around-eyes_651462-918.webp\" class=\"attachment-large size-large wp-image-12388\" alt=\"\" srcset=\"https:\/\/dryasinkursadvarsak.com\/wp-content\/uploads\/2022\/08\/macro-view-pretty-blue-eye-caucasian-girl-her-30s-arrows-point-direction-planned-oculoplastic-surgery-tighten-lift-skin-around-eyes_651462-918.webp 626w, https:\/\/dryasinkursadvarsak.com\/wp-content\/uploads\/2022\/08\/macro-view-pretty-blue-eye-caucasian-girl-her-30s-arrows-point-direction-planned-oculoplastic-surgery-tighten-lift-skin-around-eyes_651462-918-300x200.webp 300w, https:\/\/dryasinkursadvarsak.com\/wp-content\/uploads\/2022\/08\/macro-view-pretty-blue-eye-caucasian-girl-her-30s-arrows-point-direction-planned-oculoplastic-surgery-tighten-lift-skin-around-eyes_651462-918-18x12.webp 18w\" sizes=\"(max-width: 626px) 100vw, 626px\" \/>\t\t\t\t\t\t\t\t\t\t\t\t\t\t\t<\/div>\n\t\t\t\t\t<\/div>\n\t\t<\/div>\n\t\t\t\t<div class=\"elementor-column elementor-col-66 elementor-top-column elementor-element elementor-element-238aefb\" data-id=\"238aefb\" data-element_type=\"column\" data-e-type=\"column\">\n\t\t\t<div class=\"elementor-widget-wrap elementor-element-populated\">\n\t\t\t\t\t\t<div class=\"elementor-element elementor-element-574225e elementor-widget elementor-widget-heading\" data-id=\"574225e\" data-element_type=\"widget\" data-e-type=\"widget\" data-widget_type=\"heading.default\">\n\t\t\t\t\t<h4 class=\"elementor-heading-title elementor-size-default\">Lower Eyelid Surgery <\/h4>\t\t\t\t<\/div>\n\t\t\t\t<div class=\"elementor-element elementor-element-d0ee7bb elementor-widget elementor-widget-text-editor\" data-id=\"d0ee7bb\" data-element_type=\"widget\" data-e-type=\"widget\" data-widget_type=\"text-editor.default\">\n\t\t\t\t\t\t\t\t\t<p>Lower eyelid problems can occur mostly due to genetics or aging. Under-eye bags, which occur genetically and due to aging, can appear in young ages. Lower eyelid surgery is a more risky and more complex procedure than the upper eyelid. \nUndesirable conditions such as sagging or outward turning of the eyelid may occur in lower eyelid surgery.Various techniques have been developed to minimize these problems. However, choosing the right patient for lower eyelid surgery is very important. Compared to the upper eyelid, it is known that even the best hands have lower satisfaction rates. Lower eyelid surgeries can be applied as part of mid-facelift and facelift operations. Along with lower eyelid aesthetics, fat injection can also be performed around the eye.<\/p>\t\t\t\t\t\t\t\t<\/div>\n\t\t\t\t<div class=\"elementor-element elementor-element-4945e9f elementor-widget elementor-widget-heading\" data-id=\"4945e9f\" data-element_type=\"widget\" data-e-type=\"widget\" data-widget_type=\"heading.default\">\n\t\t\t\t\t<h4 class=\"elementor-heading-title elementor-size-default\">How is Lower Eyelid Surgery Performed?<\/h4>\t\t\t\t<\/div>\n\t\t\t\t<div class=\"elementor-element elementor-element-e3f6df3 elementor-widget elementor-widget-text-editor\" data-id=\"e3f6df3\" data-element_type=\"widget\" data-e-type=\"widget\" data-widget_type=\"text-editor.default\">\n\t\t\t\t\t\t\t\t\t<p>Before the surgery, the patient is examined in detail by the doctor. As a result of the examination, skin sagging in the under-eye area, the amount of subcutaneous fat, excess skin and possible signs of relaxation in the muscles are determined. Although the operation can be performed under local anesthesia, general anesthesia will provide a more comfortable procedure for the patient.  During the surgery, the excess fat tissue and skin are intervened, accompanied by incisions made from the eyelid skin or inside the  eyelids . The determined excess fat is removed or filled into the necessary cavities in detention and skin tension is provided at the desired level. In case the lower eyelid turns outward (ectropion), the lower eyelid is hung to the bone sheath around the eye with permanent sutures.<\/p>\t\t\t\t\t\t\t\t<\/div>\n\t\t\t\t\t<\/div>\n\t\t<\/div>\n\t\t\t\t\t<\/div>\n\t\t<\/section>\n\t\t\t\t<section class=\"elementor-section elementor-top-section elementor-element elementor-element-9b82996 elementor-section-full_width elementor-section-height-default elementor-section-height-default qodef-elementor-content-no\" data-id=\"9b82996\" data-element_type=\"section\" data-e-type=\"section\">\n\t\t\t\t\t\t<div class=\"elementor-container elementor-column-gap-default\">\n\t\t\t\t\t<div class=\"elementor-column elementor-col-66 elementor-top-column elementor-element elementor-element-2276eee\" data-id=\"2276eee\" data-element_type=\"column\" data-e-type=\"column\">\n\t\t\t<div class=\"elementor-widget-wrap elementor-element-populated\">\n\t\t\t\t\t\t<div class=\"elementor-element elementor-element-650e81b elementor-widget elementor-widget-heading\" data-id=\"650e81b\" data-element_type=\"widget\" data-e-type=\"widget\" data-widget_type=\"heading.default\">\n\t\t\t\t\t<h4 class=\"elementor-heading-title elementor-size-default\">Almond Eye Surgery<\/h4>\t\t\t\t<\/div>\n\t\t\t\t<div class=\"elementor-element elementor-element-9b11cbb elementor-widget elementor-widget-text-editor\" data-id=\"9b11cbb\" data-element_type=\"widget\" data-e-type=\"widget\" data-widget_type=\"text-editor.default\">\n\t\t\t\t\t\t\t\t\t<p>Almond eye surgeries, also known as \"fox eye\", has gained popularity in recent years. Actually, this operation is not only applied for aesthetic purposes, but also for the correction of some deformities. In almond eye surgery, the tail part of the eye where the lower and upper eyelids meet is positioned upwards. In other words, almond eye operation is to provide a deeper expression of the gaze by pulling the eye upwards at a certain angle.<\/p>\t\t\t\t\t\t\t\t<\/div>\n\t\t\t\t<div class=\"elementor-element elementor-element-1d822bc elementor-widget elementor-widget-heading\" data-id=\"1d822bc\" data-element_type=\"widget\" data-e-type=\"widget\" data-widget_type=\"heading.default\">\n\t\t\t\t\t<h4 class=\"elementor-heading-title elementor-size-default\">How is Almond Eye Surgery Performed?<\/h4>\t\t\t\t<\/div>\n\t\t\t\t<div class=\"elementor-element elementor-element-5e15f3b elementor-widget elementor-widget-text-editor\" data-id=\"5e15f3b\" data-element_type=\"widget\" data-e-type=\"widget\" data-widget_type=\"text-editor.default\">\n\t\t\t\t\t\t\t\t\t<p>Almond eye surgery is a procedure that can be performed both under local anesthesia alone or in the same session with eyelid surgery and eyebrow lifting under general anesthesia, in a way that does not disturb the harmony and symmetry of the eye and face structure of the person. We recommend this surgery to be performed along with upper eyelid surgery and eyebrow lift to gain much more satisfactory and permanent results.<\/p>\t\t\t\t\t\t\t\t<\/div>\n\t\t\t\t\t<\/div>\n\t\t<\/div>\n\t\t\t\t<div class=\"elementor-column elementor-col-33 elementor-top-column elementor-element elementor-element-d3cd232\" data-id=\"d3cd232\" data-element_type=\"column\" data-e-type=\"column\">\n\t\t\t<div class=\"elementor-widget-wrap elementor-element-populated\">\n\t\t\t\t\t\t<div class=\"elementor-element elementor-element-be2b6a6 elementor-widget elementor-widget-image\" data-id=\"be2b6a6\" data-element_type=\"widget\" data-e-type=\"widget\" data-widget_type=\"image.default\">\n\t\t\t\t\t\t\t\t\t\t\t\t\t\t\t<img decoding=\"async\" width=\"1000\" height=\"633\" src=\"https:\/\/dryasinkursadvarsak.com\/wp-content\/uploads\/2022\/08\/GetPaidStock.com-62e2cc2207a61.jpg\" class=\"attachment-large size-large wp-image-12147\" alt=\"Istanbul Facial Plastic Surgery\" srcset=\"https:\/\/dryasinkursadvarsak.com\/wp-content\/uploads\/2022\/08\/GetPaidStock.com-62e2cc2207a61.jpg 1000w, https:\/\/dryasinkursadvarsak.com\/wp-content\/uploads\/2022\/08\/GetPaidStock.com-62e2cc2207a61-300x190.jpg 300w, https:\/\/dryasinkursadvarsak.com\/wp-content\/uploads\/2022\/08\/GetPaidStock.com-62e2cc2207a61-768x486.jpg 768w\" sizes=\"(max-width: 1000px) 100vw, 1000px\" \/>\t\t\t\t\t\t\t\t\t\t\t\t\t\t\t<\/div>\n\t\t\t\t\t<\/div>\n\t\t<\/div>\n\t\t\t\t\t<\/div>\n\t\t<\/section>\n\t\t\t\t<\/div>","protected":false},"excerpt":{"rendered":"<p>\u00dcst G\u00f6z Kapa\u011f\u0131 Esteti\u011fi Ya\u015f\u0131n ilerlemesi ile birlikte \u00fcst g\u00f6z kapa\u011f\u0131 cildinde bolla\u015fma ve sarkma ayn\u0131 zamanda bu b\u00f6lgedeki ya\u011f dokular\u0131nda f\u0131t\u0131kla\u015fma meydana gelir bununla birlikte ki\u015fiyi ya\u015fl\u0131, yorgun ve \u00fczg\u00fcn olarak g\u00f6sterir. Bu durum ki\u015fiden ki\u015fiye de\u011fi\u015fmekte olsa da hemen hemen herkeste az ya da \u00e7ok ortaya \u00e7\u0131kmaktad\u0131r. G\u00f6z kapa\u011f\u0131 esteti\u011fi (blefaroplasti) ki\u015finin rahats\u0131z [&hellip;]<\/p>\n","protected":false},"author":3,"featured_media":0,"parent":0,"menu_order":0,"comment_status":"closed","ping_status":"closed","template":"","meta":{"footnotes":""},"class_list":["post-9578","page","type-page","status-publish","hentry"],"_links":{"self":[{"href":"https:\/\/dryasinkursadvarsak.com\/en\/wp-json\/wp\/v2\/pages\/9578","targetHints":{"allow":["GET"]}}],"collection":[{"href":"https:\/\/dryasinkursadvarsak.com\/en\/wp-json\/wp\/v2\/pages"}],"about":[{"href":"https:\/\/dryasinkursadvarsak.com\/en\/wp-json\/wp\/v2\/types\/page"}],"author":[{"embeddable":true,"href":"https:\/\/dryasinkursadvarsak.com\/en\/wp-json\/wp\/v2\/users\/3"}],"replies":[{"embeddable":true,"href":"https:\/\/dryasinkursadvarsak.com\/en\/wp-json\/wp\/v2\/comments?post=9578"}],"version-history":[{"count":10,"href":"https:\/\/dryasinkursadvarsak.com\/en\/wp-json\/wp\/v2\/pages\/9578\/revisions"}],"predecessor-version":[{"id":14205,"href":"https:\/\/dryasinkursadvarsak.com\/en\/wp-json\/wp\/v2\/pages\/9578\/revisions\/14205"}],"wp:attachment":[{"href":"https:\/\/dryasinkursadvarsak.com\/en\/wp-json\/wp\/v2\/media?parent=9578"}],"curies":[{"name":"wp","href":"https:\/\/api.w.org\/{rel}","templated":true}]}}