{"id":9565,"date":"2021-10-11T03:56:28","date_gmt":"2021-10-11T03:56:28","guid":{"rendered":"https:\/\/dryasinkursadvarsak.com\/?page_id=9565"},"modified":"2025-10-08T13:16:22","modified_gmt":"2025-10-08T10:16:22","slug":"yuz-feminizasyonu","status":"publish","type":"page","link":"https:\/\/dryasinkursadvarsak.com\/en\/yuz-feminizasyonu\/","title":{"rendered":"Facial Feminization"},"content":{"rendered":"<div data-elementor-type=\"wp-page\" data-elementor-id=\"9565\" class=\"elementor elementor-9565\" data-elementor-post-type=\"page\">\n\t\t\t\t\t\t<section class=\"elementor-section elementor-top-section elementor-element elementor-element-5b3384a elementor-section-full_width elementor-section-height-default elementor-section-height-default qodef-elementor-content-no\" data-id=\"5b3384a\" data-element_type=\"section\" data-e-type=\"section\">\n\t\t\t\t\t\t<div class=\"elementor-container elementor-column-gap-default\">\n\t\t\t\t\t<div class=\"elementor-column elementor-col-50 elementor-top-column elementor-element elementor-element-23c40b9\" data-id=\"23c40b9\" data-element_type=\"column\" data-e-type=\"column\">\n\t\t\t<div class=\"elementor-widget-wrap elementor-element-populated\">\n\t\t\t\t\t\t<div class=\"elementor-element elementor-element-f4462db elementor-widget elementor-widget-heading\" data-id=\"f4462db\" data-element_type=\"widget\" data-e-type=\"widget\" data-widget_type=\"heading.default\">\n\t\t\t\t\t<h4 class=\"elementor-heading-title elementor-size-default\">Facial Feminization<\/h4>\t\t\t\t<\/div>\n\t\t\t\t<div class=\"elementor-element elementor-element-4cfb55f elementor-widget elementor-widget-text-editor\" data-id=\"4cfb55f\" data-element_type=\"widget\" data-e-type=\"widget\" data-widget_type=\"text-editor.default\">\n\t\t\t\t\t\t\t\t\t<p>Facial feminization is an operation to make masculine facial features  feminine as a whole, which is generally preferred by transgender people. However, it is a type of surgery that includes many operations and is applied to all men and women who think that their facial features are too masculine and want to make their facial expression softer. The aim of this operation is to soften the forehead, cheekbones, temporal areas, chin together with the soft tissues of the face (cheeks, lips, etc.) in line with the person's request. Thus, the person can have more feminine facial features. Feminization surgeries in the face and neck region vary with the expectation and desire of the person, following  are the surgeries that should be performed in most of the patients;<\/p>\t\t\t\t\t\t\t\t<\/div>\n\t\t\t\t<div class=\"elementor-element elementor-element-39e9bd4 elementor-widget elementor-widget-text-editor\" data-id=\"39e9bd4\" data-element_type=\"widget\" data-e-type=\"widget\" data-widget_type=\"text-editor.default\">\n\t\t\t\t\t\t\t\t\t<ol><li>Nose job (rhinoplasty)<\/li><li>Brow lift; if the eyebrows are low<\/li><li>Eyelid surgery<\/li><li>Clarification of the temple area<\/li><li>Cheek thinning (bichectomy)<\/li><li>The chin contour<\/li><li>Adam's apple shaving (prominentia laryngea)<\/li><li>Reducing the nose-lip distance (lip lift)<\/li><li>Forehead implant<\/li><li>Cheek bones fillings and prostheses<\/li><li>Hairline positioning.<\/li><\/ol>\t\t\t\t\t\t\t\t<\/div>\n\t\t\t\t\t<\/div>\n\t\t<\/div>\n\t\t\t\t<div class=\"elementor-column elementor-col-50 elementor-top-column elementor-element elementor-element-eafd201\" data-id=\"eafd201\" data-element_type=\"column\" data-e-type=\"column\">\n\t\t\t<div class=\"elementor-widget-wrap elementor-element-populated\">\n\t\t\t\t\t\t<div class=\"elementor-element elementor-element-3cea526 elementor-widget elementor-widget-image\" data-id=\"3cea526\" data-element_type=\"widget\" data-e-type=\"widget\" data-widget_type=\"image.default\">\n\t\t\t\t\t\t\t\t\t\t\t\t\t\t\t<img fetchpriority=\"high\" decoding=\"async\" width=\"1024\" height=\"1024\" src=\"https:\/\/dryasinkursadvarsak.com\/wp-content\/uploads\/2022\/08\/36-1024x1024.png\" class=\"attachment-large size-large wp-image-12122\" alt=\"Istanbul Facial Plastic Surgery\" srcset=\"https:\/\/dryasinkursadvarsak.com\/wp-content\/uploads\/2022\/08\/36-1024x1024.png 1024w, https:\/\/dryasinkursadvarsak.com\/wp-content\/uploads\/2022\/08\/36-300x300.png 300w, https:\/\/dryasinkursadvarsak.com\/wp-content\/uploads\/2022\/08\/36-150x150.png 150w, https:\/\/dryasinkursadvarsak.com\/wp-content\/uploads\/2022\/08\/36-768x768.png 768w, https:\/\/dryasinkursadvarsak.com\/wp-content\/uploads\/2022\/08\/36-650x650.png 650w, https:\/\/dryasinkursadvarsak.com\/wp-content\/uploads\/2022\/08\/36.png 1080w\" sizes=\"(max-width: 1024px) 100vw, 1024px\" \/>\t\t\t\t\t\t\t\t\t\t\t\t\t\t\t<\/div>\n\t\t\t\t\t<\/div>\n\t\t<\/div>\n\t\t\t\t\t<\/div>\n\t\t<\/section>\n\t\t\t\t<\/div>","protected":false},"excerpt":{"rendered":"<p>Y\u00fcz Feminizasyonu Y\u00fcz feminizasyonu genellikle trans bireylerin tercih etti\u011fi ,erkeksi y\u00fcz hatlar\u0131n\u0131n bir b\u00fct\u00fcn olarak daha kad\u0131ns\u0131 hale getirilme operasyonudur. Fakat y\u00fcz hatlar\u0131n\u0131n fazla erkeksi oldu\u011funu d\u00fc\u015f\u00fcnen ve y\u00fcz ifadesini daha yumu\u015fak hale getirmek isteyen t\u00fcm kad\u0131n ve erkeklere uygulanan ve i\u00e7erisinde bir\u00e7ok operasyon bar\u0131nd\u0131ran bir cerrahi t\u00fcr\u00fcd\u00fcr. Bu operasyonda ama\u00e7 ki\u015finin iste\u011fi do\u011frultusunda y\u00fcz [&hellip;]<\/p>\n","protected":false},"author":3,"featured_media":0,"parent":0,"menu_order":0,"comment_status":"closed","ping_status":"closed","template":"","meta":{"footnotes":""},"class_list":["post-9565","page","type-page","status-publish","hentry"],"_links":{"self":[{"href":"https:\/\/dryasinkursadvarsak.com\/en\/wp-json\/wp\/v2\/pages\/9565","targetHints":{"allow":["GET"]}}],"collection":[{"href":"https:\/\/dryasinkursadvarsak.com\/en\/wp-json\/wp\/v2\/pages"}],"about":[{"href":"https:\/\/dryasinkursadvarsak.com\/en\/wp-json\/wp\/v2\/types\/page"}],"author":[{"embeddable":true,"href":"https:\/\/dryasinkursadvarsak.com\/en\/wp-json\/wp\/v2\/users\/3"}],"replies":[{"embeddable":true,"href":"https:\/\/dryasinkursadvarsak.com\/en\/wp-json\/wp\/v2\/comments?post=9565"}],"version-history":[{"count":13,"href":"https:\/\/dryasinkursadvarsak.com\/en\/wp-json\/wp\/v2\/pages\/9565\/revisions"}],"predecessor-version":[{"id":14178,"href":"https:\/\/dryasinkursadvarsak.com\/en\/wp-json\/wp\/v2\/pages\/9565\/revisions\/14178"}],"wp:attachment":[{"href":"https:\/\/dryasinkursadvarsak.com\/en\/wp-json\/wp\/v2\/media?parent=9565"}],"curies":[{"name":"wp","href":"https:\/\/api.w.org\/{rel}","templated":true}]}}