{"id":9559,"date":"2021-10-11T03:50:00","date_gmt":"2021-10-11T03:50:00","guid":{"rendered":"https:\/\/dryasinkursadvarsak.com\/?page_id=9559"},"modified":"2025-10-08T13:18:41","modified_gmt":"2025-10-08T10:18:41","slug":"gamze-estetigi","status":"publish","type":"page","link":"https:\/\/dryasinkursadvarsak.com\/en\/gamze-estetigi\/","title":{"rendered":"Dimple Aesthetics"},"content":{"rendered":"<div data-elementor-type=\"wp-page\" data-elementor-id=\"9559\" class=\"elementor elementor-9559\" data-elementor-post-type=\"page\">\n\t\t\t\t\t\t<section class=\"elementor-section elementor-top-section elementor-element elementor-element-5b3384a elementor-section-full_width elementor-section-height-default elementor-section-height-default qodef-elementor-content-no\" data-id=\"5b3384a\" data-element_type=\"section\" data-e-type=\"section\">\n\t\t\t\t\t\t<div class=\"elementor-container elementor-column-gap-default\">\n\t\t\t\t\t<div class=\"elementor-column elementor-col-50 elementor-top-column elementor-element elementor-element-23c40b9\" data-id=\"23c40b9\" data-element_type=\"column\" data-e-type=\"column\">\n\t\t\t<div class=\"elementor-widget-wrap elementor-element-populated\">\n\t\t\t\t\t\t<div class=\"elementor-element elementor-element-1d3b703 elementor-widget elementor-widget-heading\" data-id=\"1d3b703\" data-element_type=\"widget\" data-e-type=\"widget\" data-widget_type=\"heading.default\">\n\t\t\t\t\t<h4 class=\"elementor-heading-title elementor-size-default\">Dimple Formation Surgery <\/h4>\t\t\t\t<\/div>\n\t\t\t\t<div class=\"elementor-element elementor-element-0843382 elementor-widget elementor-widget-text-editor\" data-id=\"0843382\" data-element_type=\"widget\" data-e-type=\"widget\" data-widget_type=\"text-editor.default\">\n\t\t\t\t\t\t\t\t\t<p>The person is examined by the doctor and it is decided together with the doctor where exactly he \/she wants to have dimples on the cheek.The patient who wants to have a dimple is taken to an operation for an average of 30 minutes. The dimple area is anesthetized with local anesthesia, and some interventions are performed on the muscles that create facial and mouth mimics, and a natural dimple image is tried to be obtained. Finally, the muscles are sutured and the dimple formation operation is completed. After the operation, the stitches in the mouth begin to dissolve on their own after a while. In the same process, the patient's dimple will start to show itself along with her\/his smile. There may be a slight pain after the procedure and this should be considered normal. Your doctor may prescribe antibiotics and pain medications for both pain and the possibility of infection. After this  operation, it is normal for regional swelling and edema to occur in the places where the stitches are placed. Swelling and edema disappear after a maximum of 1 week.<\/p>\t\t\t\t\t\t\t\t<\/div>\n\t\t\t\t\t<\/div>\n\t\t<\/div>\n\t\t\t\t<div class=\"elementor-column elementor-col-50 elementor-top-column elementor-element elementor-element-1ee25f7\" data-id=\"1ee25f7\" data-element_type=\"column\" data-e-type=\"column\">\n\t\t\t<div class=\"elementor-widget-wrap elementor-element-populated\">\n\t\t\t\t\t\t<div class=\"elementor-element elementor-element-f11f7cd elementor-widget elementor-widget-image\" data-id=\"f11f7cd\" data-element_type=\"widget\" data-e-type=\"widget\" data-widget_type=\"image.default\">\n\t\t\t\t\t\t\t\t\t\t\t\t\t\t\t<img fetchpriority=\"high\" decoding=\"async\" width=\"626\" height=\"417\" src=\"https:\/\/dryasinkursadvarsak.com\/wp-content\/uploads\/2022\/08\/beautician-draws-contours-white-pencil-face-patient_199620-12399.webp\" class=\"attachment-large size-large wp-image-12352\" alt=\"\" srcset=\"https:\/\/dryasinkursadvarsak.com\/wp-content\/uploads\/2022\/08\/beautician-draws-contours-white-pencil-face-patient_199620-12399.webp 626w, https:\/\/dryasinkursadvarsak.com\/wp-content\/uploads\/2022\/08\/beautician-draws-contours-white-pencil-face-patient_199620-12399-300x200.webp 300w, https:\/\/dryasinkursadvarsak.com\/wp-content\/uploads\/2022\/08\/beautician-draws-contours-white-pencil-face-patient_199620-12399-18x12.webp 18w\" sizes=\"(max-width: 626px) 100vw, 626px\" \/>\t\t\t\t\t\t\t\t\t\t\t\t\t\t\t<\/div>\n\t\t\t\t\t<\/div>\n\t\t<\/div>\n\t\t\t\t\t<\/div>\n\t\t<\/section>\n\t\t\t\t<\/div>","protected":false},"excerpt":{"rendered":"<p>Gamze Esteti\u011fi Nas\u0131l Yap\u0131l\u0131r ? Gamzeler genellikle y\u00fczde g\u00fcl\u00fcmseyince yanak b\u00f6lgesinde olu\u015fan, ki\u015fiye estetik a\u00e7\u0131dan sevimlilik ve g\u00fczellik katan \u00e7ukurlard\u0131r. Gamze esteti\u011fi yapt\u0131rmak isteyen hastalar, ilk olarak doktor muayenesinden ge\u00e7melidir. Do\u011fu\u015ftan olan gamzeler yanak b\u00f6lgesindeki kas defektlerinden kaynaklan\u0131r. Di\u011fer kozmetik cerrahi i\u015flemlerde olu\u011fu gibi gamze esteti\u011fi de olduk\u00e7a dikkatli karar verilerek yap\u0131lmas\u0131 gereken bir i\u015flemdir. [&hellip;]<\/p>\n","protected":false},"author":3,"featured_media":0,"parent":0,"menu_order":0,"comment_status":"closed","ping_status":"closed","template":"","meta":{"footnotes":""},"class_list":["post-9559","page","type-page","status-publish","hentry"],"_links":{"self":[{"href":"https:\/\/dryasinkursadvarsak.com\/en\/wp-json\/wp\/v2\/pages\/9559","targetHints":{"allow":["GET"]}}],"collection":[{"href":"https:\/\/dryasinkursadvarsak.com\/en\/wp-json\/wp\/v2\/pages"}],"about":[{"href":"https:\/\/dryasinkursadvarsak.com\/en\/wp-json\/wp\/v2\/types\/page"}],"author":[{"embeddable":true,"href":"https:\/\/dryasinkursadvarsak.com\/en\/wp-json\/wp\/v2\/users\/3"}],"replies":[{"embeddable":true,"href":"https:\/\/dryasinkursadvarsak.com\/en\/wp-json\/wp\/v2\/comments?post=9559"}],"version-history":[{"count":13,"href":"https:\/\/dryasinkursadvarsak.com\/en\/wp-json\/wp\/v2\/pages\/9559\/revisions"}],"predecessor-version":[{"id":14193,"href":"https:\/\/dryasinkursadvarsak.com\/en\/wp-json\/wp\/v2\/pages\/9559\/revisions\/14193"}],"wp:attachment":[{"href":"https:\/\/dryasinkursadvarsak.com\/en\/wp-json\/wp\/v2\/media?parent=9559"}],"curies":[{"name":"wp","href":"https:\/\/api.w.org\/{rel}","templated":true}]}}