{"id":9554,"date":"2021-10-11T03:39:29","date_gmt":"2021-10-11T03:39:29","guid":{"rendered":"https:\/\/dryasinkursadvarsak.com\/?page_id=9554"},"modified":"2025-10-08T13:04:51","modified_gmt":"2025-10-08T10:04:51","slug":"erkek-burun-estetigi","status":"publish","type":"page","link":"https:\/\/dryasinkursadvarsak.com\/en\/erkek-burun-estetigi\/","title":{"rendered":"Male Rhinoplasty"},"content":{"rendered":"<div data-elementor-type=\"wp-page\" data-elementor-id=\"9554\" class=\"elementor elementor-9554\" data-elementor-post-type=\"page\">\n\t\t\t\t\t\t<section class=\"elementor-section elementor-top-section elementor-element elementor-element-5b3384a elementor-section-full_width elementor-section-height-default elementor-section-height-default qodef-elementor-content-no\" data-id=\"5b3384a\" data-element_type=\"section\" data-e-type=\"section\">\n\t\t\t\t\t\t<div class=\"elementor-container elementor-column-gap-default\">\n\t\t\t\t\t<div class=\"elementor-column elementor-col-100 elementor-top-column elementor-element elementor-element-23c40b9\" data-id=\"23c40b9\" data-element_type=\"column\" data-e-type=\"column\">\n\t\t\t<div class=\"elementor-widget-wrap elementor-element-populated\">\n\t\t\t\t\t\t<div class=\"elementor-element elementor-element-67ccc03 elementor-widget elementor-widget-heading\" data-id=\"67ccc03\" data-element_type=\"widget\" data-e-type=\"widget\" data-widget_type=\"heading.default\">\n\t\t\t\t\t<h3 class=\"elementor-heading-title elementor-size-default\">Male Rhinoplasty<\/h3>\t\t\t\t<\/div>\n\t\t\t\t<div class=\"elementor-element elementor-element-5bc9ffb elementor-widget elementor-widget-text-editor\" data-id=\"5bc9ffb\" data-element_type=\"widget\" data-e-type=\"widget\" data-widget_type=\"text-editor.default\">\n\t\t\t\t\t\t\t\t\t<p>The most important issue in male rhinoplasty is to obtain a nose that has not lost its characteristic features in harmony with masculine facial features. For this, it is necessary to observe and know the anatomical differences between the male and female nose very well. Techniques that provide to remove the height of the nasal arch in the form of a whole without disturbing the naturalness of the bone and cartilage structure of the nasal ridge are very advantageous for men.<\/p>\t\t\t\t\t\t\t\t<\/div>\n\t\t\t\t<div class=\"elementor-element elementor-element-7e8630d elementor-widget elementor-widget-heading\" data-id=\"7e8630d\" data-element_type=\"widget\" data-e-type=\"widget\" data-widget_type=\"heading.default\">\n\t\t\t\t\t<h3 class=\"elementor-heading-title elementor-size-default\">Are the applications performed on male and female patients the same in rhinoplasty surgery?<\/h3>\t\t\t\t<\/div>\n\t\t\t\t<div class=\"elementor-element elementor-element-92f0079 elementor-widget elementor-widget-text-editor\" data-id=\"92f0079\" data-element_type=\"widget\" data-e-type=\"widget\" data-widget_type=\"text-editor.default\">\n\t\t\t\t\t\t\t\t\t<p>The considered criteria for rhinoplasty differ in men and women.Making an upturned nose with an inward curve in a male patient causes a feminine expression to be placed on the patient's face. Recognizing the natural light reflections of the bones and cartilages under the skin of the nose from the outside are the details that make the nose beautiful. The techniques used to obtain these details gain importance.<\/p>\t\t\t\t\t\t\t\t<\/div>\n\t\t\t\t\t<\/div>\n\t\t<\/div>\n\t\t\t\t\t<\/div>\n\t\t<\/section>\n\t\t\t\t<section class=\"elementor-section elementor-top-section elementor-element elementor-element-93624d9 elementor-section-full_width elementor-section-height-default elementor-section-height-default qodef-elementor-content-no\" data-id=\"93624d9\" data-element_type=\"section\" data-e-type=\"section\">\n\t\t\t\t\t\t<div class=\"elementor-container elementor-column-gap-default\">\n\t\t\t\t\t<div class=\"elementor-column elementor-col-100 elementor-top-column elementor-element elementor-element-230edc9\" data-id=\"230edc9\" data-element_type=\"column\" data-e-type=\"column\">\n\t\t\t<div class=\"elementor-widget-wrap elementor-element-populated\">\n\t\t\t\t\t\t<div class=\"elementor-element elementor-element-249d997 elementor-widget elementor-widget-heading\" data-id=\"249d997\" data-element_type=\"widget\" data-e-type=\"widget\" data-widget_type=\"heading.default\">\n\t\t\t\t\t<h3 class=\"elementor-heading-title elementor-size-default\">The Advantages of Preservative Rhinoplasty for Men <\/h3>\t\t\t\t<\/div>\n\t\t\t\t<div class=\"elementor-element elementor-element-ada1372 elementor-widget elementor-widget-text-editor\" data-id=\"ada1372\" data-element_type=\"widget\" data-e-type=\"widget\" data-widget_type=\"text-editor.default\">\n\t\t\t\t\t\t\t\t\t<p>Compared to classical rhinoplasty, thanks to the nasal ridge protective techniques called push down or let down, results can be obtained in a much more natural and masculine appearance and meeting the patient's expectations. In classical structural rhinoplasty, the cartilage and bone structure of the nasal dorsum is tried to be corrected by disrupting its integrity and reconstructed with cartilage taken from the nose. These processes cause some problems that will be encountered in the long term. The main reason for these problems is the deformities that develop as a result of the melting and deformation of the new cartilages. The disappearance of the recesses and protrusions that provide the masculine structure in the male nose is perceived by the patients as an artificial nose and does not satisfy the people. The use of techniques that ensure the preservation of natural structures as much as possible brings very high satisfaction rates in male rhinoplasty.<\/p>\t\t\t\t\t\t\t\t<\/div>\n\t\t\t\t\t<\/div>\n\t\t<\/div>\n\t\t\t\t\t<\/div>\n\t\t<\/section>\n\t\t\t\t<section class=\"elementor-section elementor-top-section elementor-element elementor-element-6cc756b elementor-section-full_width elementor-section-height-default elementor-section-height-default qodef-elementor-content-no\" data-id=\"6cc756b\" data-element_type=\"section\" data-e-type=\"section\">\n\t\t\t\t\t\t<div class=\"elementor-container elementor-column-gap-default\">\n\t\t\t\t\t<div class=\"elementor-column elementor-col-100 elementor-top-column elementor-element elementor-element-e1ff8fc\" data-id=\"e1ff8fc\" data-element_type=\"column\" data-e-type=\"column\">\n\t\t\t<div class=\"elementor-widget-wrap elementor-element-populated\">\n\t\t\t\t\t\t<section class=\"elementor-section elementor-inner-section elementor-element elementor-element-90e9629 elementor-section-boxed elementor-section-height-default elementor-section-height-default qodef-elementor-content-no\" data-id=\"90e9629\" data-element_type=\"section\" data-e-type=\"section\">\n\t\t\t\t\t\t<div class=\"elementor-container elementor-column-gap-default\">\n\t\t\t\t\t<div class=\"elementor-column elementor-col-100 elementor-inner-column elementor-element elementor-element-659fa9f\" data-id=\"659fa9f\" data-element_type=\"column\" data-e-type=\"column\">\n\t\t\t<div class=\"elementor-widget-wrap\">\n\t\t\t\t\t\t\t<\/div>\n\t\t<\/div>\n\t\t\t\t\t<\/div>\n\t\t<\/section>\n\t\t\t\t\t<\/div>\n\t\t<\/div>\n\t\t\t\t\t<\/div>\n\t\t<\/section>\n\t\t\t\t<\/div>","protected":false},"excerpt":{"rendered":"<p>Erkeklerde Rinoplasti (Burun Esteti\u011fi) Erkek burun esteti\u011finde en \u00f6nemli husus erkeksi y\u00fcz hatlar\u0131yla uyumlu karakteristik \u00f6zelliklerini kaybetmemi\u015f burun elde etmektir. Bunun i\u00e7in de erkek ve kad\u0131n burnu aras\u0131ndaki anatomik farkl\u0131l\u0131klar\u0131 \u00e7ok iyi g\u00f6zlemlemek ve bilmek gerekiyor. Burun s\u0131rt\u0131 kemik ve k\u0131k\u0131rdak yap\u0131s\u0131n\u0131n do\u011fall\u0131\u011f\u0131n\u0131 bozmadan bir b\u00fct\u00fcn \u015feklinde burun kemeri y\u00fcksekli\u011fini gidermeyi sa\u011flayan teknikler erkekler a\u00e7\u0131s\u0131ndan [&hellip;]<\/p>\n","protected":false},"author":3,"featured_media":0,"parent":0,"menu_order":0,"comment_status":"closed","ping_status":"closed","template":"","meta":{"footnotes":""},"class_list":["post-9554","page","type-page","status-publish","hentry"],"_links":{"self":[{"href":"https:\/\/dryasinkursadvarsak.com\/en\/wp-json\/wp\/v2\/pages\/9554","targetHints":{"allow":["GET"]}}],"collection":[{"href":"https:\/\/dryasinkursadvarsak.com\/en\/wp-json\/wp\/v2\/pages"}],"about":[{"href":"https:\/\/dryasinkursadvarsak.com\/en\/wp-json\/wp\/v2\/types\/page"}],"author":[{"embeddable":true,"href":"https:\/\/dryasinkursadvarsak.com\/en\/wp-json\/wp\/v2\/users\/3"}],"replies":[{"embeddable":true,"href":"https:\/\/dryasinkursadvarsak.com\/en\/wp-json\/wp\/v2\/comments?post=9554"}],"version-history":[{"count":13,"href":"https:\/\/dryasinkursadvarsak.com\/en\/wp-json\/wp\/v2\/pages\/9554\/revisions"}],"predecessor-version":[{"id":14142,"href":"https:\/\/dryasinkursadvarsak.com\/en\/wp-json\/wp\/v2\/pages\/9554\/revisions\/14142"}],"wp:attachment":[{"href":"https:\/\/dryasinkursadvarsak.com\/en\/wp-json\/wp\/v2\/media?parent=9554"}],"curies":[{"name":"wp","href":"https:\/\/api.w.org\/{rel}","templated":true}]}}