{"id":9547,"date":"2021-10-11T03:33:11","date_gmt":"2021-10-11T03:33:11","guid":{"rendered":"https:\/\/dryasinkursadvarsak.com\/?page_id=9547"},"modified":"2025-10-08T13:17:16","modified_gmt":"2025-10-08T10:17:16","slug":"yag-enjeksiyonlari","status":"publish","type":"page","link":"https:\/\/dryasinkursadvarsak.com\/en\/yag-enjeksiyonlari\/","title":{"rendered":"Fat Inject\u0131on To Face"},"content":{"rendered":"<div data-elementor-type=\"wp-page\" data-elementor-id=\"9547\" class=\"elementor elementor-9547\" data-elementor-post-type=\"page\">\n\t\t\t\t\t\t<section class=\"elementor-section elementor-top-section elementor-element elementor-element-5b3384a elementor-section-full_width elementor-section-height-default elementor-section-height-default qodef-elementor-content-no\" data-id=\"5b3384a\" data-element_type=\"section\" data-e-type=\"section\">\n\t\t\t\t\t\t<div class=\"elementor-container elementor-column-gap-default\">\n\t\t\t\t\t<div class=\"elementor-column elementor-col-50 elementor-top-column elementor-element elementor-element-23c40b9\" data-id=\"23c40b9\" data-element_type=\"column\" data-e-type=\"column\">\n\t\t\t<div class=\"elementor-widget-wrap elementor-element-populated\">\n\t\t\t\t\t\t<div class=\"elementor-element elementor-element-4f734e9 elementor-widget elementor-widget-heading\" data-id=\"4f734e9\" data-element_type=\"widget\" data-e-type=\"widget\" data-widget_type=\"heading.default\">\n\t\t\t\t\t<h4 class=\"elementor-heading-title elementor-size-default\">Fat Inject\u0131on To Face<\/h4>\t\t\t\t<\/div>\n\t\t\t\t<div class=\"elementor-element elementor-element-e94d3fd elementor-widget elementor-widget-text-editor\" data-id=\"e94d3fd\" data-element_type=\"widget\" data-e-type=\"widget\" data-widget_type=\"text-editor.default\">\n\t\t\t\t\t\t\t\t\t<p>Fat injection is an aesthetic intervention that can be applied not only to the body but also to various parts of the face. The purpose of fat injections is to correct the deformations that occur in the skin for any reason, as well as to eliminate the volume losses in the subcutaneous adipose tissue. On the face  it is preferred  to volumize the lips, remove the superficial and deep wrinkles around the mouth, to define the cheekbones and to increase the volume of the forehead, chin and  to increase the volume of the temples and to make the jaw line more defined . Fat injection is a procedure performed to have a more aesthetic appearance on the face and to get rid of the undesired effects of the  aging face.<\/p>\t\t\t\t\t\t\t\t<\/div>\n\t\t\t\t<div class=\"elementor-element elementor-element-c725b8d elementor-widget elementor-widget-heading\" data-id=\"c725b8d\" data-element_type=\"widget\" data-e-type=\"widget\" data-widget_type=\"heading.default\">\n\t\t\t\t\t<h4 class=\"elementor-heading-title elementor-size-default\">How is Fat Injection Made in the Face Area?<\/h4>\t\t\t\t<\/div>\n\t\t\t\t<div class=\"elementor-element elementor-element-dca7752 elementor-widget elementor-widget-text-editor\" data-id=\"dca7752\" data-element_type=\"widget\" data-e-type=\"widget\" data-widget_type=\"text-editor.default\">\n\t\t\t\t\t\t\t\t\t<p>The fat to be used for fat injection in the face area is taken from the person's own body. Since the abdomen is the most common area of fat accumulation for almost everyone, it is generally preferred to collect the fat to be injected into the face from the belly area . However, fat can also be collected from the waist or thigh to inject into the face. Fat inject\u0131on can be performed under local anesthesia or, if a series of interventions are to be performed, under general anesthesia. The collected fat is subjected to various processes such as washing and centrifugation before it is injected into the area where intervention is required, then the fat is transferred under the skin via an injector. The approximate operation time may vary depending on the area applied, and this time is approximately 1,5 hour. Although the permanence of this process depends on the person's maintaining his body weight, the applied fat will certainly lose volume during the adaptation process to the new region. Permanence of fat filling may vary from person to person.<\/p>\t\t\t\t\t\t\t\t<\/div>\n\t\t\t\t\t<\/div>\n\t\t<\/div>\n\t\t\t\t<div class=\"elementor-column elementor-col-50 elementor-top-column elementor-element elementor-element-6bb039f\" data-id=\"6bb039f\" data-element_type=\"column\" data-e-type=\"column\">\n\t\t\t<div class=\"elementor-widget-wrap elementor-element-populated\">\n\t\t\t\t\t\t<div class=\"elementor-element elementor-element-b4ddf3c elementor-widget elementor-widget-image\" data-id=\"b4ddf3c\" data-element_type=\"widget\" data-e-type=\"widget\" data-widget_type=\"image.default\">\n\t\t\t\t\t\t\t\t\t\t\t\t\t\t\t<img fetchpriority=\"high\" decoding=\"async\" width=\"626\" height=\"417\" src=\"https:\/\/dryasinkursadvarsak.com\/wp-content\/uploads\/2022\/08\/beautician-draws-contours-white-pencil-face-patient_199620-12399.webp\" class=\"attachment-large size-large wp-image-12352\" alt=\"\" srcset=\"https:\/\/dryasinkursadvarsak.com\/wp-content\/uploads\/2022\/08\/beautician-draws-contours-white-pencil-face-patient_199620-12399.webp 626w, https:\/\/dryasinkursadvarsak.com\/wp-content\/uploads\/2022\/08\/beautician-draws-contours-white-pencil-face-patient_199620-12399-300x200.webp 300w, https:\/\/dryasinkursadvarsak.com\/wp-content\/uploads\/2022\/08\/beautician-draws-contours-white-pencil-face-patient_199620-12399-18x12.webp 18w\" sizes=\"(max-width: 626px) 100vw, 626px\" \/>\t\t\t\t\t\t\t\t\t\t\t\t\t\t\t<\/div>\n\t\t\t\t\t<\/div>\n\t\t<\/div>\n\t\t\t\t\t<\/div>\n\t\t<\/section>\n\t\t\t\t<\/div>","protected":false},"excerpt":{"rendered":"<p>Ya\u011f Enjeksiyonlar\u0131 Ya\u011f enjeksiyonu, sadece v\u00fccut de\u011fil ayn\u0131 zamanda y\u00fcz\u00fcn \u00e7e\u015fitli b\u00f6lgelerine de uygulanabilen estetik bir m\u00fcdahaledir. Ya\u011f enjeksiyonlar\u0131n\u0131n amac\u0131, herhangi bir nedenle ciltte meydana gelen deformasyonlar\u0131 d\u00fczeltmekle birlikte cilt alt\u0131 ya\u011f dokusunda meydana gelen vol\u00fcm kay\u0131plar\u0131n\u0131 gidermektir. Bu kapsamda dudaklar\u0131 dolgunla\u015ft\u0131rmak ,a\u011f\u0131z \u00e7evresindeki derin k\u0131r\u0131\u015f\u0131kl\u0131klar\u0131n g\u00f6r\u00fcn\u00fcm\u00fcn\u00fc hafifletmek, elmac\u0131k kemiklerini belirginle\u015ftirmek ve al\u0131n bombesini ve [&hellip;]<\/p>\n","protected":false},"author":3,"featured_media":0,"parent":0,"menu_order":0,"comment_status":"closed","ping_status":"closed","template":"","meta":{"footnotes":""},"class_list":["post-9547","page","type-page","status-publish","hentry"],"_links":{"self":[{"href":"https:\/\/dryasinkursadvarsak.com\/en\/wp-json\/wp\/v2\/pages\/9547","targetHints":{"allow":["GET"]}}],"collection":[{"href":"https:\/\/dryasinkursadvarsak.com\/en\/wp-json\/wp\/v2\/pages"}],"about":[{"href":"https:\/\/dryasinkursadvarsak.com\/en\/wp-json\/wp\/v2\/types\/page"}],"author":[{"embeddable":true,"href":"https:\/\/dryasinkursadvarsak.com\/en\/wp-json\/wp\/v2\/users\/3"}],"replies":[{"embeddable":true,"href":"https:\/\/dryasinkursadvarsak.com\/en\/wp-json\/wp\/v2\/comments?post=9547"}],"version-history":[{"count":13,"href":"https:\/\/dryasinkursadvarsak.com\/en\/wp-json\/wp\/v2\/pages\/9547\/revisions"}],"predecessor-version":[{"id":14181,"href":"https:\/\/dryasinkursadvarsak.com\/en\/wp-json\/wp\/v2\/pages\/9547\/revisions\/14181"}],"wp:attachment":[{"href":"https:\/\/dryasinkursadvarsak.com\/en\/wp-json\/wp\/v2\/media?parent=9547"}],"curies":[{"name":"wp","href":"https:\/\/api.w.org\/{rel}","templated":true}]}}