{"id":169,"date":"2020-02-04T14:17:37","date_gmt":"2020-02-04T14:17:37","guid":{"rendered":"https:\/\/touchup.qodeinteractive.com\/?page_id=169"},"modified":"2025-10-08T13:33:19","modified_gmt":"2025-10-08T10:33:19","slug":"faq","status":"publish","type":"page","link":"https:\/\/dryasinkursadvarsak.com\/en\/faq\/","title":{"rendered":"FAQ"},"content":{"rendered":"<div data-elementor-type=\"wp-page\" data-elementor-id=\"169\" class=\"elementor elementor-169\" data-elementor-post-type=\"page\">\n\t\t\t\t\t\t<section class=\"elementor-section elementor-top-section elementor-element elementor-element-eda1a3e qodef-elementor-content-grid elementor-section-boxed elementor-section-height-default elementor-section-height-default\" data-id=\"eda1a3e\" data-element_type=\"section\" data-e-type=\"section\">\n\t\t\t\t\t\t<div class=\"elementor-container elementor-column-gap-default\">\n\t\t\t\t\t<div class=\"elementor-column elementor-col-100 elementor-top-column elementor-element elementor-element-f2ed0df\" data-id=\"f2ed0df\" data-element_type=\"column\" data-e-type=\"column\">\n\t\t\t<div class=\"elementor-widget-wrap elementor-element-populated\">\n\t\t\t\t\t\t<div class=\"elementor-element elementor-element-18452e0 elementor-widget elementor-widget-touchup_core_section_title\" data-id=\"18452e0\" data-element_type=\"widget\" data-e-type=\"widget\" data-widget_type=\"touchup_core_section_title.default\">\n\t\t\t\t<div class=\"elementor-widget-container\">\n\t\t\t\t\t<div class=\"qodef-shortcode qodef-m  qodef-section-title qodef-alignment--center\">\n\t\t<h1 class=\"qodef-m-title\" >\n\t\t\t\t\tFrequently Asked Questions\t\t\t<\/h1>\n\t\t<p class=\"qodef-m-text\" >You can contact us 24\/7 for all the topics you want to learn about the main information you need to know.<\/p>\n<\/div>\t\t\t\t<\/div>\n\t\t\t\t<\/div>\n\t\t\t\t\t<\/div>\n\t\t<\/div>\n\t\t\t\t\t<\/div>\n\t\t<\/section>\n\t\t\t\t<section class=\"elementor-section elementor-top-section elementor-element elementor-element-cc234cc qodef-elementor-content-grid elementor-section-boxed elementor-section-height-default elementor-section-height-default\" data-id=\"cc234cc\" data-element_type=\"section\" data-e-type=\"section\" data-settings=\"{&quot;background_background&quot;:&quot;classic&quot;}\">\n\t\t\t\t\t\t<div class=\"elementor-container elementor-column-gap-default\">\n\t\t\t\t\t<div class=\"elementor-column elementor-col-50 elementor-top-column elementor-element elementor-element-6ae63a0\" data-id=\"6ae63a0\" data-element_type=\"column\" data-e-type=\"column\">\n\t\t\t<div class=\"elementor-widget-wrap elementor-element-populated\">\n\t\t\t\t\t\t<div class=\"elementor-element elementor-element-96bf9eb elementor-widget__width-auto elementor-widget elementor-widget-wp-widget-media_image\" data-id=\"96bf9eb\" data-element_type=\"widget\" data-e-type=\"widget\" data-widget_type=\"wp-widget-media_image.default\">\n\t\t\t\t<div class=\"elementor-widget-container\">\n\t\t\t\t\t<img fetchpriority=\"high\" decoding=\"async\" width=\"3787\" height=\"1442\" src=\"https:\/\/dryasinkursadvarsak.com\/wp-content\/uploads\/2024\/03\/BLACKLOGO-1.png\" class=\"image wp-image-13626  attachment-full size-full\" alt=\"\" style=\"max-width: 100%; height: auto;\" srcset=\"https:\/\/dryasinkursadvarsak.com\/wp-content\/uploads\/2024\/03\/BLACKLOGO-1.png 3787w, https:\/\/dryasinkursadvarsak.com\/wp-content\/uploads\/2024\/03\/BLACKLOGO-1-300x114.png 300w, https:\/\/dryasinkursadvarsak.com\/wp-content\/uploads\/2024\/03\/BLACKLOGO-1-1024x390.png 1024w, https:\/\/dryasinkursadvarsak.com\/wp-content\/uploads\/2024\/03\/BLACKLOGO-1-768x292.png 768w, https:\/\/dryasinkursadvarsak.com\/wp-content\/uploads\/2024\/03\/BLACKLOGO-1-1536x585.png 1536w, https:\/\/dryasinkursadvarsak.com\/wp-content\/uploads\/2024\/03\/BLACKLOGO-1-2048x780.png 2048w, https:\/\/dryasinkursadvarsak.com\/wp-content\/uploads\/2024\/03\/BLACKLOGO-1-18x7.png 18w\" sizes=\"(max-width: 3787px) 100vw, 3787px\" \/>\t\t\t\t<\/div>\n\t\t\t\t<\/div>\n\t\t\t\t\t<\/div>\n\t\t<\/div>\n\t\t\t\t<div class=\"elementor-column elementor-col-50 elementor-top-column elementor-element elementor-element-a481224\" data-id=\"a481224\" data-element_type=\"column\" data-e-type=\"column\">\n\t\t\t<div class=\"elementor-widget-wrap elementor-element-populated\">\n\t\t\t\t\t\t<div class=\"elementor-element elementor-element-5945280 elementor-widget elementor-widget-touchup_core_accordion\" data-id=\"5945280\" data-element_type=\"widget\" data-e-type=\"widget\" data-widget_type=\"touchup_core_accordion.default\">\n\t\t\t\t<div class=\"elementor-widget-container\">\n\t\t\t\t\t<div class=\"qodef-shortcode qodef-m  qodef-accordion clear qodef-behavior--accordion qodef-layout--simple\">\n\t<h4 class=\"qodef-accordion-title\">\n\t<span class=\"qodef-accordion-mark\">\n\t\t<span class=\"qodef-icon--plus\">+<\/span>\n\t\t<span class=\"qodef-icon--minus\">-<\/span>\n\t<\/span>\n\t<span class=\"qodef-tab-title\">\n\t\tWhat should I pay attention to before the operation?\t<\/span>\n<\/h4>\n<div class=\"qodef-accordion-content\">\n\t<div class=\"qodef-accordion-content-inner\">\n\t\t<ol><li>Stop smoking<\/li><li>Stop drinking alcohol<\/li><li>Reduce caffeine in take<\/li><li>Check your vitamins and supllements.<\/li><li>Stop taking blood thinner (like an aspirin) before 1-2 weeks.<\/li><li>Stop eating garlic or cherry before 1 week.(natural blood thinner)<\/li><\/ol>\t<\/div>\n<\/div><h4 class=\"qodef-accordion-title\">\n\t<span class=\"qodef-accordion-mark\">\n\t\t<span class=\"qodef-icon--plus\">+<\/span>\n\t\t<span class=\"qodef-icon--minus\">-<\/span>\n\t<\/span>\n\t<span class=\"qodef-tab-title\">\n\t\tWill there be a team to assist me when I arrive Turkey ?\t<\/span>\n<\/h4>\n<div class=\"qodef-accordion-content\">\n\t<div class=\"qodef-accordion-content-inner\">\n\t\t<p>Our team will meet you and accompany you to your hotel from the moment you land at the airport. In our hospital, the international patient team will welcome you and will be with you in all your procedures. You can reach us whenever you need.<\/p>\t<\/div>\n<\/div><h4 class=\"qodef-accordion-title\">\n\t<span class=\"qodef-accordion-mark\">\n\t\t<span class=\"qodef-icon--plus\">+<\/span>\n\t\t<span class=\"qodef-icon--minus\">-<\/span>\n\t<\/span>\n\t<span class=\"qodef-tab-title\">\n\t\tDo I Need General Anesthesia?\t<\/span>\n<\/h4>\n<div class=\"qodef-accordion-content\">\n\t<div class=\"qodef-accordion-content-inner\">\n\t\t<p>Facelift, necklift, rhinoplasty, facial feminization, facial implants and  lower eyelid surgery are performed under general anesthesia. But operations such as upper eyelid surgery, liplift, direct browlift, otoplasty, buccal fat removal can be  performed under local anesthesia.<\/p>\t<\/div>\n<\/div><h4 class=\"qodef-accordion-title\">\n\t<span class=\"qodef-accordion-mark\">\n\t\t<span class=\"qodef-icon--plus\">+<\/span>\n\t\t<span class=\"qodef-icon--minus\">-<\/span>\n\t<\/span>\n\t<span class=\"qodef-tab-title\">\n\t\t Will  I be in Pain?\t<\/span>\n<\/h4>\n<div class=\"qodef-accordion-content\">\n\t<div class=\"qodef-accordion-content-inner\">\n\t\t<p>During your surgery, wether under local or general anesthesia,  anesthetic medications  ensures you are comfortable and without pain. For most procedures you will be asleep for the entire time. After surgery you will be prescribed medication for any discomfort. These symptoms usually subside within a matter of days.<\/p>\t<\/div>\n<\/div><h4 class=\"qodef-accordion-title\">\n\t<span class=\"qodef-accordion-mark\">\n\t\t<span class=\"qodef-icon--plus\">+<\/span>\n\t\t<span class=\"qodef-icon--minus\">-<\/span>\n\t<\/span>\n\t<span class=\"qodef-tab-title\">\n\t\tWill be there scars?\t<\/span>\n<\/h4>\n<div class=\"qodef-accordion-content\">\n\t<div class=\"qodef-accordion-content-inner\">\n\t\t<p>You will have scars, but they are not usually noticeable. Meticulous closure of skin incisions are crucial  to keep scars to a minimum and hide them in natural lines and creases in your skin. Over the course of time, your scars will fade and become barely noticeable.<\/p>\t<\/div>\n<\/div><h4 class=\"qodef-accordion-title\">\n\t<span class=\"qodef-accordion-mark\">\n\t\t<span class=\"qodef-icon--plus\">+<\/span>\n\t\t<span class=\"qodef-icon--minus\">-<\/span>\n\t<\/span>\n\t<span class=\"qodef-tab-title\">\n\t\tHow Long is the duration of the procedure?\t<\/span>\n<\/h4>\n<div class=\"qodef-accordion-content\">\n\t<div class=\"qodef-accordion-content-inner\">\n\t\t<p>Most procedures take only a few hours and require an overnight stay. You can leave the hospital the next day to go to hotel.<\/p>\t<\/div>\n<\/div><h4 class=\"qodef-accordion-title\">\n\t<span class=\"qodef-accordion-mark\">\n\t\t<span class=\"qodef-icon--plus\">+<\/span>\n\t\t<span class=\"qodef-icon--minus\">-<\/span>\n\t<\/span>\n\t<span class=\"qodef-tab-title\">\n\t\tHow many days do \u0131 need to stay in Turkey ?\t<\/span>\n<\/h4>\n<div class=\"qodef-accordion-content\">\n\t<div class=\"qodef-accordion-content-inner\">\n\t\t<p>You need to see the anesthesiologyst one day before surgery and Although It depends greatly on the procedure.patients can usually return back to their country 7-9 days after surgery. therefore 8-10 day stay in turkey is enough.<\/p>\t<\/div>\n<\/div><\/div>\t\t\t\t<\/div>\n\t\t\t\t<\/div>\n\t\t\t\t\t<\/div>\n\t\t<\/div>\n\t\t\t\t\t<\/div>\n\t\t<\/section>\n\t\t\t\t<\/div>","protected":false},"excerpt":{"rendered":"<p>S\u0131k\u00e7a Sorulan Sorular Ba\u015fl\u0131ca bilmeniz grenken bilgiler \u00f6\u011frenmek istedi\u011finiz t\u00fcm konular i\u00e7in bizimle ileti\u015fime 7\/24 ge\u00e7ebilirsiniz. + &#8211; Ameliyat olmadan \u00f6nce nelere dikkat etmeliyim? Sigara kullan\u0131lmamas\u0131 \u00f6nerilir Alkol al\u0131m\u0131 b\u0131rak\u0131lmal\u0131d\u0131r. Kafein t\u00fcketimi azalt\u0131labilinir Vitaminler ve takviye ediciler kontrol edilmelidir Kan suland\u0131r\u0131c\u0131 ameliyattan 1-2 hafta \u00f6nce b\u0131rak\u0131lmal\u0131 Sar\u0131msak, kiraz t\u00fcketimi 1 hafta \u00f6nce b\u0131rak\u0131lmal\u0131 ,yenmemelidir. + [&hellip;]<\/p>\n","protected":false},"author":3,"featured_media":0,"parent":0,"menu_order":0,"comment_status":"closed","ping_status":"closed","template":"page-full-width.php","meta":{"footnotes":""},"class_list":["post-169","page","type-page","status-publish","hentry"],"_links":{"self":[{"href":"https:\/\/dryasinkursadvarsak.com\/en\/wp-json\/wp\/v2\/pages\/169","targetHints":{"allow":["GET"]}}],"collection":[{"href":"https:\/\/dryasinkursadvarsak.com\/en\/wp-json\/wp\/v2\/pages"}],"about":[{"href":"https:\/\/dryasinkursadvarsak.com\/en\/wp-json\/wp\/v2\/types\/page"}],"author":[{"embeddable":true,"href":"https:\/\/dryasinkursadvarsak.com\/en\/wp-json\/wp\/v2\/users\/3"}],"replies":[{"embeddable":true,"href":"https:\/\/dryasinkursadvarsak.com\/en\/wp-json\/wp\/v2\/comments?post=169"}],"version-history":[{"count":19,"href":"https:\/\/dryasinkursadvarsak.com\/en\/wp-json\/wp\/v2\/pages\/169\/revisions"}],"predecessor-version":[{"id":14208,"href":"https:\/\/dryasinkursadvarsak.com\/en\/wp-json\/wp\/v2\/pages\/169\/revisions\/14208"}],"wp:attachment":[{"href":"https:\/\/dryasinkursadvarsak.com\/en\/wp-json\/wp\/v2\/media?parent=169"}],"curies":[{"name":"wp","href":"https:\/\/api.w.org\/{rel}","templated":true}]}}