{"id":12915,"date":"2022-08-10T21:11:12","date_gmt":"2022-08-10T21:11:12","guid":{"rendered":"https:\/\/dryasinkursadvarsak.com\/?page_id=12915"},"modified":"2025-10-08T13:15:51","modified_gmt":"2025-10-08T10:15:51","slug":"badem-goz-estetigi","status":"publish","type":"page","link":"https:\/\/dryasinkursadvarsak.com\/en\/badem-goz-estetigi\/","title":{"rendered":"Almond Eye Surgery"},"content":{"rendered":"<div data-elementor-type=\"wp-page\" data-elementor-id=\"12915\" class=\"elementor elementor-12915\" data-elementor-post-type=\"page\">\n\t\t\t\t\t\t<section class=\"elementor-section elementor-top-section elementor-element elementor-element-9b82996 elementor-section-full_width elementor-section-height-default elementor-section-height-default qodef-elementor-content-no\" data-id=\"9b82996\" data-element_type=\"section\" data-e-type=\"section\">\n\t\t\t\t\t\t<div class=\"elementor-container elementor-column-gap-default\">\n\t\t\t\t\t<div class=\"elementor-column elementor-col-66 elementor-top-column elementor-element elementor-element-2276eee\" data-id=\"2276eee\" data-element_type=\"column\" data-e-type=\"column\">\n\t\t\t<div class=\"elementor-widget-wrap elementor-element-populated\">\n\t\t\t\t\t\t<div class=\"elementor-element elementor-element-650e81b elementor-widget elementor-widget-heading\" data-id=\"650e81b\" data-element_type=\"widget\" data-e-type=\"widget\" data-widget_type=\"heading.default\">\n\t\t\t\t\t<h4 class=\"elementor-heading-title elementor-size-default\">Almond Eye Surgery<\/h4>\t\t\t\t<\/div>\n\t\t\t\t<div class=\"elementor-element elementor-element-9b11cbb elementor-widget elementor-widget-text-editor\" data-id=\"9b11cbb\" data-element_type=\"widget\" data-e-type=\"widget\" data-widget_type=\"text-editor.default\">\n\t\t\t\t\t\t\t\t\t<p>Almond eye surgeries, also known as \"fox eye\", has gained popularity in recent years. Actually, this operation is not only applied for aesthetic purposes, but also for the correction of some deformities. In almond eye surgery, the tail part of the eye where the lower and upper eyelids meet is positioned upwards. In other words, almond eye operation is to provide a deeper expression of the gaze by pulling the eye upwards at a certain angle.<\/p>\t\t\t\t\t\t\t\t<\/div>\n\t\t\t\t<div class=\"elementor-element elementor-element-1d822bc elementor-widget elementor-widget-heading\" data-id=\"1d822bc\" data-element_type=\"widget\" data-e-type=\"widget\" data-widget_type=\"heading.default\">\n\t\t\t\t\t<h4 class=\"elementor-heading-title elementor-size-default\">How is Almond Eye Surgery Performed?<\/h4>\t\t\t\t<\/div>\n\t\t\t\t<div class=\"elementor-element elementor-element-5e15f3b elementor-widget elementor-widget-text-editor\" data-id=\"5e15f3b\" data-element_type=\"widget\" data-e-type=\"widget\" data-widget_type=\"text-editor.default\">\n\t\t\t\t\t\t\t\t\t<p>Almond eye surgery is a procedure that can be performed both under local anesthesia alone or in the same session with eyelid surgery and eyebrow lifting under general anesthesia, in a way that does not disturb the harmony and symmetry of the eye and face structure of the person. We recommend this surgery to be performed along with upper eyelid surgery and eyebrow lift to gain much more satisfactory and permanent results.<\/p>\t\t\t\t\t\t\t\t<\/div>\n\t\t\t\t\t<\/div>\n\t\t<\/div>\n\t\t\t\t<div class=\"elementor-column elementor-col-33 elementor-top-column elementor-element elementor-element-d3cd232\" data-id=\"d3cd232\" data-element_type=\"column\" data-e-type=\"column\">\n\t\t\t<div class=\"elementor-widget-wrap elementor-element-populated\">\n\t\t\t\t\t\t<div class=\"elementor-element elementor-element-be2b6a6 elementor-widget elementor-widget-image\" data-id=\"be2b6a6\" data-element_type=\"widget\" data-e-type=\"widget\" data-widget_type=\"image.default\">\n\t\t\t\t\t\t\t\t\t\t\t\t\t\t\t<img fetchpriority=\"high\" decoding=\"async\" width=\"1000\" height=\"633\" src=\"https:\/\/dryasinkursadvarsak.com\/wp-content\/uploads\/2022\/08\/GetPaidStock.com-62e2cc2207a61.jpg\" class=\"attachment-large size-large wp-image-12147\" alt=\"Istanbul Facial Plastic Surgery\" srcset=\"https:\/\/dryasinkursadvarsak.com\/wp-content\/uploads\/2022\/08\/GetPaidStock.com-62e2cc2207a61.jpg 1000w, https:\/\/dryasinkursadvarsak.com\/wp-content\/uploads\/2022\/08\/GetPaidStock.com-62e2cc2207a61-300x190.jpg 300w, https:\/\/dryasinkursadvarsak.com\/wp-content\/uploads\/2022\/08\/GetPaidStock.com-62e2cc2207a61-768x486.jpg 768w\" sizes=\"(max-width: 1000px) 100vw, 1000px\" \/>\t\t\t\t\t\t\t\t\t\t\t\t\t\t\t<\/div>\n\t\t\t\t\t<\/div>\n\t\t<\/div>\n\t\t\t\t\t<\/div>\n\t\t<\/section>\n\t\t\t\t<\/div>","protected":false},"excerpt":{"rendered":"<p>Badem G\u00f6z Esteti\u011fi (Lateral Kantoplasti \/Kantopeksi) Bir di\u011fer ad\u0131yla \u201cfox eye\u201d olarak bilinen badem g\u00f6z (almond eye) esteti\u011fi son y\u0131llarda olduk\u00e7a pop\u00fclerlik kazanm\u0131\u015ft\u0131r.Asl\u0131nda bu operasyon sadece estetik ama\u00e7l\u0131 de\u011fil ayr\u0131ca bir tak\u0131m deformitelerin d\u00fczeltilmesi amac\u0131yla da uygulanmaktad\u0131r.Badem g\u00f6z esteti\u011finde alt ve \u00fcst g\u00f6z kapa\u011f\u0131n\u0131n birle\u015fti\u011fi g\u00f6z\u00fcn kuyruk k\u0131sm\u0131n\u0131n daha y\u00fcksek seviyeye konumland\u0131r\u0131lmas\u0131 i\u015flemidir.Bir di\u011fer ifadeyle [&hellip;]<\/p>\n","protected":false},"author":3,"featured_media":0,"parent":0,"menu_order":0,"comment_status":"closed","ping_status":"closed","template":"","meta":{"footnotes":""},"class_list":["post-12915","page","type-page","status-publish","hentry"],"_links":{"self":[{"href":"https:\/\/dryasinkursadvarsak.com\/en\/wp-json\/wp\/v2\/pages\/12915","targetHints":{"allow":["GET"]}}],"collection":[{"href":"https:\/\/dryasinkursadvarsak.com\/en\/wp-json\/wp\/v2\/pages"}],"about":[{"href":"https:\/\/dryasinkursadvarsak.com\/en\/wp-json\/wp\/v2\/types\/page"}],"author":[{"embeddable":true,"href":"https:\/\/dryasinkursadvarsak.com\/en\/wp-json\/wp\/v2\/users\/3"}],"replies":[{"embeddable":true,"href":"https:\/\/dryasinkursadvarsak.com\/en\/wp-json\/wp\/v2\/comments?post=12915"}],"version-history":[{"count":13,"href":"https:\/\/dryasinkursadvarsak.com\/en\/wp-json\/wp\/v2\/pages\/12915\/revisions"}],"predecessor-version":[{"id":14175,"href":"https:\/\/dryasinkursadvarsak.com\/en\/wp-json\/wp\/v2\/pages\/12915\/revisions\/14175"}],"wp:attachment":[{"href":"https:\/\/dryasinkursadvarsak.com\/en\/wp-json\/wp\/v2\/media?parent=12915"}],"curies":[{"name":"wp","href":"https:\/\/api.w.org\/{rel}","templated":true}]}}