{"id":12910,"date":"2022-08-10T21:09:05","date_gmt":"2022-08-10T21:09:05","guid":{"rendered":"https:\/\/dryasinkursadvarsak.com\/?page_id=12910"},"modified":"2025-10-08T13:15:17","modified_gmt":"2025-10-08T10:15:17","slug":"alt-goz-kapagi-estetigi-3","status":"publish","type":"page","link":"https:\/\/dryasinkursadvarsak.com\/en\/alt-goz-kapagi-estetigi-3\/","title":{"rendered":"Lower Eyelid Surgery"},"content":{"rendered":"<div data-elementor-type=\"wp-page\" data-elementor-id=\"12910\" class=\"elementor elementor-12910\" data-elementor-post-type=\"page\">\n\t\t\t\t\t\t<section class=\"elementor-section elementor-top-section elementor-element elementor-element-dc3b89d elementor-section-full_width elementor-section-height-default elementor-section-height-default qodef-elementor-content-no\" data-id=\"dc3b89d\" data-element_type=\"section\" data-e-type=\"section\">\n\t\t\t\t\t\t<div class=\"elementor-container elementor-column-gap-default\">\n\t\t\t\t\t<div class=\"elementor-column elementor-col-33 elementor-top-column elementor-element elementor-element-279f92f\" data-id=\"279f92f\" data-element_type=\"column\" data-e-type=\"column\">\n\t\t\t<div class=\"elementor-widget-wrap elementor-element-populated\">\n\t\t\t\t\t\t<div class=\"elementor-element elementor-element-7bc5b00 elementor-widget elementor-widget-image\" data-id=\"7bc5b00\" data-element_type=\"widget\" data-e-type=\"widget\" data-widget_type=\"image.default\">\n\t\t\t\t\t\t\t\t\t\t\t\t\t\t\t<img fetchpriority=\"high\" decoding=\"async\" width=\"626\" height=\"417\" src=\"https:\/\/dryasinkursadvarsak.com\/wp-content\/uploads\/2022\/08\/macro-view-pretty-blue-eye-caucasian-girl-her-30s-arrows-point-direction-planned-oculoplastic-surgery-tighten-lift-skin-around-eyes_651462-918.webp\" class=\"attachment-large size-large wp-image-12388\" alt=\"\" srcset=\"https:\/\/dryasinkursadvarsak.com\/wp-content\/uploads\/2022\/08\/macro-view-pretty-blue-eye-caucasian-girl-her-30s-arrows-point-direction-planned-oculoplastic-surgery-tighten-lift-skin-around-eyes_651462-918.webp 626w, https:\/\/dryasinkursadvarsak.com\/wp-content\/uploads\/2022\/08\/macro-view-pretty-blue-eye-caucasian-girl-her-30s-arrows-point-direction-planned-oculoplastic-surgery-tighten-lift-skin-around-eyes_651462-918-300x200.webp 300w, https:\/\/dryasinkursadvarsak.com\/wp-content\/uploads\/2022\/08\/macro-view-pretty-blue-eye-caucasian-girl-her-30s-arrows-point-direction-planned-oculoplastic-surgery-tighten-lift-skin-around-eyes_651462-918-18x12.webp 18w\" sizes=\"(max-width: 626px) 100vw, 626px\" \/>\t\t\t\t\t\t\t\t\t\t\t\t\t\t\t<\/div>\n\t\t\t\t\t<\/div>\n\t\t<\/div>\n\t\t\t\t<div class=\"elementor-column elementor-col-66 elementor-top-column elementor-element elementor-element-238aefb\" data-id=\"238aefb\" data-element_type=\"column\" data-e-type=\"column\">\n\t\t\t<div class=\"elementor-widget-wrap elementor-element-populated\">\n\t\t\t\t\t\t<div class=\"elementor-element elementor-element-574225e elementor-widget elementor-widget-heading\" data-id=\"574225e\" data-element_type=\"widget\" data-e-type=\"widget\" data-widget_type=\"heading.default\">\n\t\t\t\t\t<h4 class=\"elementor-heading-title elementor-size-default\">Lower Eyelid Surgery <\/h4>\t\t\t\t<\/div>\n\t\t\t\t<div class=\"elementor-element elementor-element-d0ee7bb elementor-widget elementor-widget-text-editor\" data-id=\"d0ee7bb\" data-element_type=\"widget\" data-e-type=\"widget\" data-widget_type=\"text-editor.default\">\n\t\t\t\t\t\t\t\t\t<p>Lower eyelid problems can occur mostly due to genetics or aging. Under-eye bags, which occur genetically and due to aging, can appear in young ages. Lower eyelid surgery is a more risky and more complex procedure than the upper eyelid. \nUndesirable conditions such as sagging or outward turning of the eyelid may occur in lower eyelid surgery.Various techniques have been developed to minimize these problems. However, choosing the right patient for lower eyelid surgery is very important. Compared to the upper eyelid, it is known that even the best hands have lower satisfaction rates. Lower eyelid surgeries can be applied as part of mid-facelift and facelift operations. Along with lower eyelid aesthetics, fat injection can also be performed around the eye.<\/p>\t\t\t\t\t\t\t\t<\/div>\n\t\t\t\t<div class=\"elementor-element elementor-element-4945e9f elementor-widget elementor-widget-heading\" data-id=\"4945e9f\" data-element_type=\"widget\" data-e-type=\"widget\" data-widget_type=\"heading.default\">\n\t\t\t\t\t<h4 class=\"elementor-heading-title elementor-size-default\">How is Lower Eyelid Surgery Performed?<\/h4>\t\t\t\t<\/div>\n\t\t\t\t<div class=\"elementor-element elementor-element-e3f6df3 elementor-widget elementor-widget-text-editor\" data-id=\"e3f6df3\" data-element_type=\"widget\" data-e-type=\"widget\" data-widget_type=\"text-editor.default\">\n\t\t\t\t\t\t\t\t\t<p>Before the surgery, the patient is examined in detail by the doctor. As a result of the examination, skin sagging in the under-eye area, the amount of subcutaneous fat, excess skin and possible signs of relaxation in the muscles are determined. Although the operation can be performed under local anesthesia, general anesthesia will provide a more comfortable procedure for the patient.  During the surgery, the excess fat tissue and skin are intervened, accompanied by incisions made from the eyelid skin or inside the  eyelids . The determined excess fat is removed or filled into the necessary cavities in detention and skin tension is provided at the desired level. In case the lower eyelid turns outward (ectropion), the lower eyelid is hung to the bone sheath around the eye with permanent sutures.<\/p>\t\t\t\t\t\t\t\t<\/div>\n\t\t\t\t\t<\/div>\n\t\t<\/div>\n\t\t\t\t\t<\/div>\n\t\t<\/section>\n\t\t\t\t<\/div>","protected":false},"excerpt":{"rendered":"<p>Alt G\u00f6z Kapa\u011f\u0131 Esteti\u011fi Alt g\u00f6z kapa\u011f\u0131 problemleri daha \u00e7ok genetik ya da ya\u015flanma sebebiyle ortaya \u00e7\u0131kabilir. Genetik olarak ve ya\u015flanmaya ba\u011fl\u0131 olarak olu\u015fan g\u00f6z alt\u0131 torbalar\u0131 gen\u00e7 ve ileri ya\u015flarda kendini g\u00f6sterebilir. Ki\u015fiyi sosyal hayat\u0131yla birlikte psikolojik olarak da etkileyen bu belirtiler alt g\u00f6z kapa\u011f\u0131 esteti\u011fi ile giderilebilir.Alt g\u00f6z kapa\u011f\u0131 esteti\u011fi \u00fcst g\u00f6z kapa\u011f\u0131n\u0131 [&hellip;]<\/p>\n","protected":false},"author":3,"featured_media":0,"parent":0,"menu_order":0,"comment_status":"closed","ping_status":"closed","template":"","meta":{"footnotes":""},"class_list":["post-12910","page","type-page","status-publish","hentry"],"_links":{"self":[{"href":"https:\/\/dryasinkursadvarsak.com\/en\/wp-json\/wp\/v2\/pages\/12910","targetHints":{"allow":["GET"]}}],"collection":[{"href":"https:\/\/dryasinkursadvarsak.com\/en\/wp-json\/wp\/v2\/pages"}],"about":[{"href":"https:\/\/dryasinkursadvarsak.com\/en\/wp-json\/wp\/v2\/types\/page"}],"author":[{"embeddable":true,"href":"https:\/\/dryasinkursadvarsak.com\/en\/wp-json\/wp\/v2\/users\/3"}],"replies":[{"embeddable":true,"href":"https:\/\/dryasinkursadvarsak.com\/en\/wp-json\/wp\/v2\/comments?post=12910"}],"version-history":[{"count":16,"href":"https:\/\/dryasinkursadvarsak.com\/en\/wp-json\/wp\/v2\/pages\/12910\/revisions"}],"predecessor-version":[{"id":14172,"href":"https:\/\/dryasinkursadvarsak.com\/en\/wp-json\/wp\/v2\/pages\/12910\/revisions\/14172"}],"wp:attachment":[{"href":"https:\/\/dryasinkursadvarsak.com\/en\/wp-json\/wp\/v2\/media?parent=12910"}],"curies":[{"name":"wp","href":"https:\/\/api.w.org\/{rel}","templated":true}]}}