{"id":12905,"date":"2022-08-10T21:06:33","date_gmt":"2022-08-10T21:06:33","guid":{"rendered":"https:\/\/dryasinkursadvarsak.com\/?page_id=12905"},"modified":"2025-10-08T13:14:46","modified_gmt":"2025-10-08T10:14:46","slug":"ust-goz-kapagi-estetigi","status":"publish","type":"page","link":"https:\/\/dryasinkursadvarsak.com\/en\/ust-goz-kapagi-estetigi\/","title":{"rendered":"Upper Eyelid Surgery"},"content":{"rendered":"<div data-elementor-type=\"wp-page\" data-elementor-id=\"12905\" class=\"elementor elementor-12905\" data-elementor-post-type=\"page\">\n\t\t\t\t\t\t<section class=\"elementor-section elementor-top-section elementor-element elementor-element-b1dcb68 elementor-section-full_width elementor-section-height-default elementor-section-height-default qodef-elementor-content-no\" data-id=\"b1dcb68\" data-element_type=\"section\" data-e-type=\"section\">\n\t\t\t\t\t\t<div class=\"elementor-container elementor-column-gap-default\">\n\t\t\t\t\t<div class=\"elementor-column elementor-col-66 elementor-top-column elementor-element elementor-element-6bb1c93\" data-id=\"6bb1c93\" data-element_type=\"column\" data-e-type=\"column\">\n\t\t\t<div class=\"elementor-widget-wrap elementor-element-populated\">\n\t\t\t\t\t\t<div class=\"elementor-element elementor-element-743ea44 elementor-widget elementor-widget-heading\" data-id=\"743ea44\" data-element_type=\"widget\" data-e-type=\"widget\" data-widget_type=\"heading.default\">\n\t\t\t\t\t<h4 class=\"elementor-heading-title elementor-size-default\">Upper Eyelid Surgery<\/h4>\t\t\t\t<\/div>\n\t\t\t\t<div class=\"elementor-element elementor-element-d71f3ce elementor-widget elementor-widget-text-editor\" data-id=\"d71f3ce\" data-element_type=\"widget\" data-e-type=\"widget\" data-widget_type=\"text-editor.default\">\n\t\t\t\t\t\t\t\t\t<p>With the advancing age, the upper eyelid skin becomes loose and sagging, as well as herniation in the fat tissues in this area occures, which makes the person look old, tired and sad. Eyelid surgery (blepharoplasty) is a surgical procedure used to get rid of the uncomfortable appearance of the person. In upper eyelid surgery, excess skin can be removed, herniated fat tissues can be removed, or the upper eyelid can be made more aesthetically acceptable by transferring it to the empty areas. Satisfaction rates in upper eyelid surgeries can reach up to 80%-90%.<\/p>\t\t\t\t\t\t\t\t<\/div>\n\t\t\t\t<div class=\"elementor-element elementor-element-10b35cf elementor-widget elementor-widget-heading\" data-id=\"10b35cf\" data-element_type=\"widget\" data-e-type=\"widget\" data-widget_type=\"heading.default\">\n\t\t\t\t\t<h4 class=\"elementor-heading-title elementor-size-default\">How is Upper Eyelid Surgery Performed?<\/h4>\t\t\t\t<\/div>\n\t\t\t\t<div class=\"elementor-element elementor-element-6161ae6 elementor-widget elementor-widget-text-editor\" data-id=\"6161ae6\" data-element_type=\"widget\" data-e-type=\"widget\" data-widget_type=\"text-editor.default\">\n\t\t\t\t\t\t\t\t\t<p>The operation can be performed under both local anesthesia and general anesthesia. The operation process is determined in line with the preference and health status of the person. An incision is made in the upper eyelid fold, and the skin, muscle tissue and fat pads are intervened according to the patient's needs. Stitches are removed after 8-10 days, the patient can return to his active life after 10 days.<\/p>\t\t\t\t\t\t\t\t<\/div>\n\t\t\t\t\t<\/div>\n\t\t<\/div>\n\t\t\t\t<div class=\"elementor-column elementor-col-33 elementor-top-column elementor-element elementor-element-eb63a66\" data-id=\"eb63a66\" data-element_type=\"column\" data-e-type=\"column\">\n\t\t\t<div class=\"elementor-widget-wrap elementor-element-populated\">\n\t\t\t\t\t\t<div class=\"elementor-element elementor-element-169ed61 elementor-widget elementor-widget-image\" data-id=\"169ed61\" data-element_type=\"widget\" data-e-type=\"widget\" data-widget_type=\"image.default\">\n\t\t\t\t\t\t\t\t\t\t\t\t\t\t\t<img fetchpriority=\"high\" decoding=\"async\" width=\"1000\" height=\"633\" src=\"https:\/\/dryasinkursadvarsak.com\/wp-content\/uploads\/2022\/08\/GetPaidStock.com-62e2ced213d3f.jpg\" class=\"attachment-large size-large wp-image-12811\" alt=\"\" srcset=\"https:\/\/dryasinkursadvarsak.com\/wp-content\/uploads\/2022\/08\/GetPaidStock.com-62e2ced213d3f.jpg 1000w, https:\/\/dryasinkursadvarsak.com\/wp-content\/uploads\/2022\/08\/GetPaidStock.com-62e2ced213d3f-300x190.jpg 300w, https:\/\/dryasinkursadvarsak.com\/wp-content\/uploads\/2022\/08\/GetPaidStock.com-62e2ced213d3f-768x486.jpg 768w, https:\/\/dryasinkursadvarsak.com\/wp-content\/uploads\/2022\/08\/GetPaidStock.com-62e2ced213d3f-18x12.jpg 18w\" sizes=\"(max-width: 1000px) 100vw, 1000px\" \/>\t\t\t\t\t\t\t\t\t\t\t\t\t\t\t<\/div>\n\t\t\t\t\t<\/div>\n\t\t<\/div>\n\t\t\t\t\t<\/div>\n\t\t<\/section>\n\t\t\t\t<\/div>","protected":false},"excerpt":{"rendered":"<p>\u00dcst G\u00f6z Kapa\u011f\u0131 Esteti\u011fi Ya\u015f\u0131n ilerlemesi ile birlikte \u00fcst g\u00f6z kapa\u011f\u0131 cildinde bolla\u015fma ve sarkma ayn\u0131 zamanda bu b\u00f6lgedeki ya\u011f dokular\u0131nda f\u0131t\u0131kla\u015fma meydana gelir bununla birlikte ki\u015fiyi ya\u015fl\u0131, yorgun ve \u00fczg\u00fcn olarak g\u00f6sterir. Bu durum ki\u015fiden ki\u015fiye de\u011fi\u015fmekte olsa da hemen hemen herkeste az ya da \u00e7ok ortaya \u00e7\u0131kmaktad\u0131r. G\u00f6z kapa\u011f\u0131 esteti\u011fi (blefaroplasti) ki\u015finin rahats\u0131z [&hellip;]<\/p>\n","protected":false},"author":3,"featured_media":0,"parent":0,"menu_order":0,"comment_status":"closed","ping_status":"closed","template":"","meta":{"footnotes":""},"class_list":["post-12905","page","type-page","status-publish","hentry"],"_links":{"self":[{"href":"https:\/\/dryasinkursadvarsak.com\/en\/wp-json\/wp\/v2\/pages\/12905","targetHints":{"allow":["GET"]}}],"collection":[{"href":"https:\/\/dryasinkursadvarsak.com\/en\/wp-json\/wp\/v2\/pages"}],"about":[{"href":"https:\/\/dryasinkursadvarsak.com\/en\/wp-json\/wp\/v2\/types\/page"}],"author":[{"embeddable":true,"href":"https:\/\/dryasinkursadvarsak.com\/en\/wp-json\/wp\/v2\/users\/3"}],"replies":[{"embeddable":true,"href":"https:\/\/dryasinkursadvarsak.com\/en\/wp-json\/wp\/v2\/comments?post=12905"}],"version-history":[{"count":16,"href":"https:\/\/dryasinkursadvarsak.com\/en\/wp-json\/wp\/v2\/pages\/12905\/revisions"}],"predecessor-version":[{"id":14169,"href":"https:\/\/dryasinkursadvarsak.com\/en\/wp-json\/wp\/v2\/pages\/12905\/revisions\/14169"}],"wp:attachment":[{"href":"https:\/\/dryasinkursadvarsak.com\/en\/wp-json\/wp\/v2\/media?parent=12905"}],"curies":[{"name":"wp","href":"https:\/\/api.w.org\/{rel}","templated":true}]}}