{"id":12900,"date":"2022-08-10T20:54:59","date_gmt":"2022-08-10T20:54:59","guid":{"rendered":"https:\/\/dryasinkursadvarsak.com\/?page_id=12900"},"modified":"2025-10-08T13:13:29","modified_gmt":"2025-10-08T10:13:29","slug":"alin-germe","status":"publish","type":"page","link":"https:\/\/dryasinkursadvarsak.com\/en\/alin-germe\/","title":{"rendered":"Forehead Lifting"},"content":{"rendered":"<div data-elementor-type=\"wp-page\" data-elementor-id=\"12900\" class=\"elementor elementor-12900\" data-elementor-post-type=\"page\">\n\t\t\t\t\t\t<section class=\"elementor-section elementor-top-section elementor-element elementor-element-76464e7 elementor-section-full_width elementor-section-height-default elementor-section-height-default qodef-elementor-content-no\" data-id=\"76464e7\" data-element_type=\"section\" data-e-type=\"section\">\n\t\t\t\t\t\t<div class=\"elementor-container elementor-column-gap-default\">\n\t\t\t\t\t<div class=\"elementor-column elementor-col-100 elementor-top-column elementor-element elementor-element-a941206\" data-id=\"a941206\" data-element_type=\"column\" data-e-type=\"column\">\n\t\t\t<div class=\"elementor-widget-wrap elementor-element-populated\">\n\t\t\t\t\t\t<div class=\"elementor-element elementor-element-e3c6c97 elementor-widget elementor-widget-image\" data-id=\"e3c6c97\" data-element_type=\"widget\" data-e-type=\"widget\" data-widget_type=\"image.default\">\n\t\t\t\t\t\t\t\t\t\t\t\t\t\t\t<img fetchpriority=\"high\" decoding=\"async\" width=\"1000\" height=\"400\" src=\"https:\/\/dryasinkursadvarsak.com\/wp-content\/uploads\/2022\/08\/GetPaidStock.com-62e2cdf50d446.jpg\" class=\"attachment-large size-large wp-image-12812\" alt=\"\" srcset=\"https:\/\/dryasinkursadvarsak.com\/wp-content\/uploads\/2022\/08\/GetPaidStock.com-62e2cdf50d446.jpg 1000w, https:\/\/dryasinkursadvarsak.com\/wp-content\/uploads\/2022\/08\/GetPaidStock.com-62e2cdf50d446-300x120.jpg 300w, https:\/\/dryasinkursadvarsak.com\/wp-content\/uploads\/2022\/08\/GetPaidStock.com-62e2cdf50d446-768x307.jpg 768w, https:\/\/dryasinkursadvarsak.com\/wp-content\/uploads\/2022\/08\/GetPaidStock.com-62e2cdf50d446-18x7.jpg 18w\" sizes=\"(max-width: 1000px) 100vw, 1000px\" \/>\t\t\t\t\t\t\t\t\t\t\t\t\t\t\t<\/div>\n\t\t\t\t<div class=\"elementor-element elementor-element-7b2b1b1 elementor-widget elementor-widget-heading\" data-id=\"7b2b1b1\" data-element_type=\"widget\" data-e-type=\"widget\" data-widget_type=\"heading.default\">\n\t\t\t\t\t<h4 class=\"elementor-heading-title elementor-size-default\">Forehead Lifting <\/h4>\t\t\t\t<\/div>\n\t\t\t\t<div class=\"elementor-element elementor-element-a846632 elementor-widget elementor-widget-text-editor\" data-id=\"a846632\" data-element_type=\"widget\" data-e-type=\"widget\" data-widget_type=\"text-editor.default\">\n\t\t\t\t\t\t\t\t\t<p>Aging in the upper face area, which includes the forehead, eyebrows, temporal area and eyelids, appears as a component of the aging face. The mimic lines in the forehead area deepen over time and form vertical or horizontal lines. This look causes a tired and old expression. In addition, with the decrease of collagen under the skin and the loss of tightness of the muscle tissues, the forehead begins to sag downwards. With forehead lift aesthetics, mimic lines are reduced and the person looks younger. At the same time, tension is obtained by lifting the skin and subcutaneous tissue hanging down on the forehead, midline and temporal areas. Today, although it does not provide a permanent effect in the treatment of aging in the upper face, botox has become more preferable due to its ease of application and prevalence. For this reason, forehead lift operations for the frown area and forehead lines are not performed as often as before.<\/p>\t\t\t\t\t\t\t\t<\/div>\n\t\t\t\t<div class=\"elementor-element elementor-element-6ef46e3 elementor-widget elementor-widget-heading\" data-id=\"6ef46e3\" data-element_type=\"widget\" data-e-type=\"widget\" data-widget_type=\"heading.default\">\n\t\t\t\t\t<h4 class=\"elementor-heading-title elementor-size-default\">How is The Forehead Lift Operat\u0131on Performed?<\/h4>\t\t\t\t<\/div>\n\t\t\t\t<div class=\"elementor-element elementor-element-b653b39 elementor-widget elementor-widget-text-editor\" data-id=\"b653b39\" data-element_type=\"widget\" data-e-type=\"widget\" data-widget_type=\"text-editor.default\">\n\t\t\t\t\t\t\t\t\t<p>Forehead lift operation can be performed openly or endoscopically. This operation is usually done under general anesthesia. The skin and subcutaneous tissue of the forehead, which is freed from the skull by entering through a few incisions made through the hairline, is suspended on the bone sheath in the upper regions, and at the same time, the small muscle groups that cause us to frown and wrinkles are rendered dysfunctional. This operation can be combined with temporal and eyebrow lifting. After 1 week -10 days, the stitches are removed and the person can return to her\/his daily life.<\/p>\t\t\t\t\t\t\t\t<\/div>\n\t\t\t\t\t<\/div>\n\t\t<\/div>\n\t\t\t\t\t<\/div>\n\t\t<\/section>\n\t\t\t\t<\/div>","protected":false},"excerpt":{"rendered":"<p>Al\u0131n Germe Al\u0131n, ka\u015flar, \u015fakak b\u00f6lgeleri ve g\u00f6z kapaklar\u0131n\u0131 i\u00e7ine alan \u00fcst y\u00fcz b\u00f6lgesinde ya\u015flanma, ya\u015flanan y\u00fcz\u00fcn bir komponenti olarak kar\u015f\u0131m\u0131za \u00e7\u0131kar. Al\u0131n b\u00f6lgesindeki mimik \u00e7izgileri zamanla derinle\u015ferek dikey veya yatay \u00e7izgiler meydana getirir. Bu g\u00f6r\u00fcn\u00fcm yorgun ve ya\u015fl\u0131 bir ifadeye neden olur. Ayr\u0131ca deri alt\u0131nda kolajenin azalmas\u0131 ve kas dokular\u0131n\u0131n s\u0131k\u0131l\u0131\u011f\u0131n\u0131 yitirmesiyle al\u0131n a\u015fa\u011f\u0131 [&hellip;]<\/p>\n","protected":false},"author":3,"featured_media":0,"parent":0,"menu_order":0,"comment_status":"closed","ping_status":"closed","template":"","meta":{"footnotes":""},"class_list":["post-12900","page","type-page","status-publish","hentry"],"_links":{"self":[{"href":"https:\/\/dryasinkursadvarsak.com\/en\/wp-json\/wp\/v2\/pages\/12900","targetHints":{"allow":["GET"]}}],"collection":[{"href":"https:\/\/dryasinkursadvarsak.com\/en\/wp-json\/wp\/v2\/pages"}],"about":[{"href":"https:\/\/dryasinkursadvarsak.com\/en\/wp-json\/wp\/v2\/types\/page"}],"author":[{"embeddable":true,"href":"https:\/\/dryasinkursadvarsak.com\/en\/wp-json\/wp\/v2\/users\/3"}],"replies":[{"embeddable":true,"href":"https:\/\/dryasinkursadvarsak.com\/en\/wp-json\/wp\/v2\/comments?post=12900"}],"version-history":[{"count":13,"href":"https:\/\/dryasinkursadvarsak.com\/en\/wp-json\/wp\/v2\/pages\/12900\/revisions"}],"predecessor-version":[{"id":14163,"href":"https:\/\/dryasinkursadvarsak.com\/en\/wp-json\/wp\/v2\/pages\/12900\/revisions\/14163"}],"wp:attachment":[{"href":"https:\/\/dryasinkursadvarsak.com\/en\/wp-json\/wp\/v2\/media?parent=12900"}],"curies":[{"name":"wp","href":"https:\/\/api.w.org\/{rel}","templated":true}]}}