{"id":12895,"date":"2022-08-10T20:49:57","date_gmt":"2022-08-10T20:49:57","guid":{"rendered":"https:\/\/dryasinkursadvarsak.com\/?page_id=12895"},"modified":"2025-10-08T13:14:05","modified_gmt":"2025-10-08T10:14:05","slug":"kas-kaldirma","status":"publish","type":"page","link":"https:\/\/dryasinkursadvarsak.com\/en\/kas-kaldirma\/","title":{"rendered":"Brow Lift"},"content":{"rendered":"<div data-elementor-type=\"wp-page\" data-elementor-id=\"12895\" class=\"elementor elementor-12895\" data-elementor-post-type=\"page\">\n\t\t\t\t\t\t<section class=\"elementor-section elementor-top-section elementor-element elementor-element-76464e7 elementor-section-full_width elementor-section-height-default elementor-section-height-default qodef-elementor-content-no\" data-id=\"76464e7\" data-element_type=\"section\" data-e-type=\"section\">\n\t\t\t\t\t\t<div class=\"elementor-container elementor-column-gap-default\">\n\t\t\t\t\t<div class=\"elementor-column elementor-col-50 elementor-top-column elementor-element elementor-element-a941206\" data-id=\"a941206\" data-element_type=\"column\" data-e-type=\"column\">\n\t\t\t<div class=\"elementor-widget-wrap elementor-element-populated\">\n\t\t\t\t\t\t<div class=\"elementor-element elementor-element-24021d0 elementor-widget elementor-widget-image\" data-id=\"24021d0\" data-element_type=\"widget\" data-e-type=\"widget\" data-widget_type=\"image.default\">\n\t\t\t\t\t\t\t\t\t\t\t\t\t\t\t<img fetchpriority=\"high\" decoding=\"async\" width=\"1000\" height=\"385\" src=\"https:\/\/dryasinkursadvarsak.com\/wp-content\/uploads\/2022\/08\/GetPaidStock.com-62e2ccf2e78e6.jpg\" class=\"attachment-large size-large wp-image-12814\" alt=\"\" srcset=\"https:\/\/dryasinkursadvarsak.com\/wp-content\/uploads\/2022\/08\/GetPaidStock.com-62e2ccf2e78e6.jpg 1000w, https:\/\/dryasinkursadvarsak.com\/wp-content\/uploads\/2022\/08\/GetPaidStock.com-62e2ccf2e78e6-300x116.jpg 300w, https:\/\/dryasinkursadvarsak.com\/wp-content\/uploads\/2022\/08\/GetPaidStock.com-62e2ccf2e78e6-768x296.jpg 768w, https:\/\/dryasinkursadvarsak.com\/wp-content\/uploads\/2022\/08\/GetPaidStock.com-62e2ccf2e78e6-18x7.jpg 18w\" sizes=\"(max-width: 1000px) 100vw, 1000px\" \/>\t\t\t\t\t\t\t\t\t\t\t\t\t\t\t<\/div>\n\t\t\t\t<div class=\"elementor-element elementor-element-0dd9237 elementor-widget elementor-widget-heading\" data-id=\"0dd9237\" data-element_type=\"widget\" data-e-type=\"widget\" data-widget_type=\"heading.default\">\n\t\t\t\t\t<h4 class=\"elementor-heading-title elementor-size-default\">Brow Lift<\/h4>\t\t\t\t<\/div>\n\t\t\t\t<div class=\"elementor-element elementor-element-b3645e0 elementor-widget elementor-widget-text-editor\" data-id=\"b3645e0\" data-element_type=\"widget\" data-e-type=\"widget\" data-widget_type=\"text-editor.default\">\n\t\t\t\t\t\t\t\t\t<p>With aging, the skin begins to lose its elasticity. Wrinkles and sagging are seen in different parts of the body, especially on  the face. Sometimes, this appearance can be observed in young people, when  genetic factors are predominant. The first signs of aging are usually seen in the eyebrow and forehead area. The sagging of the eyebrows and upper eyelids may accumulate over the eyes as we age, and may become disturbing enough to affect the aesthetic appearance and vision.\n\nThe drooping of the eyebrows, which affects the facial expression very much, can also cause a tired, nervous or tense look. Eyebrow lift or temporal lift operation is performed to correct the sagging in these areas in order to make the forehead, eyebrows and upper face area look younger.<\/p>\t\t\t\t\t\t\t\t<\/div>\n\t\t\t\t\t<\/div>\n\t\t<\/div>\n\t\t\t\t<div class=\"elementor-column elementor-col-50 elementor-top-column elementor-element elementor-element-ad21739\" data-id=\"ad21739\" data-element_type=\"column\" data-e-type=\"column\">\n\t\t\t<div class=\"elementor-widget-wrap elementor-element-populated\">\n\t\t\t\t\t\t<div class=\"elementor-element elementor-element-3b93fb4 elementor-widget elementor-widget-heading\" data-id=\"3b93fb4\" data-element_type=\"widget\" data-e-type=\"widget\" data-widget_type=\"heading.default\">\n\t\t\t\t\t<h4 class=\"elementor-heading-title elementor-size-default\">How is Eyebrow lift Operation Performed?<\/h4>\t\t\t\t<\/div>\n\t\t\t\t<div class=\"elementor-element elementor-element-e422bcb elementor-widget elementor-widget-text-editor\" data-id=\"e422bcb\" data-element_type=\"widget\" data-e-type=\"widget\" data-widget_type=\"text-editor.default\">\n\t\t\t\t\t\t\t\t\t<p>After  preliminary examination, it is determined whether the person is suitable for this procedure. Eyebrow lifting operation should not be confused with thread lifting techniques. Surgical brow lift operation is a permanent procedure. Under general anesthesia, an incision is made just above the eyebrows, parallel to the eyebrow hairs, and a wedge-shaped skin is removed and the eyebrow is suspended upwards. Another version  of  brow lift is temporal lift surgery. An incision is made just 1 cm  behind the hairlines and the scalp is elevated  in the temporal area . The desired shape is given by pulling the eyebrow up from the scalp. This method can be applied without any surgical scars, and more permanent results are obtained compared to other procedures. Surgery duration  is about 1-1.5 hours. The person can return to his social life 3-5 days after the operation. Stitches can be removed after a week. Incision scars are hidden in the border of the eyebrow line or in the scalp.<\/p>\t\t\t\t\t\t\t\t<\/div>\n\t\t\t\t\t<\/div>\n\t\t<\/div>\n\t\t\t\t\t<\/div>\n\t\t<\/section>\n\t\t\t\t<\/div>","protected":false},"excerpt":{"rendered":"<p>Ka\u015f Kald\u0131rma Ya\u015f ilerlemesi ile birlikte cilt elastikiyetini kaybetmeye ba\u015flar. Y\u00fcz ba\u015fta olmak \u00fczere v\u00fccudun farkl\u0131 yerlerinde k\u0131r\u0131\u015f\u0131kl\u0131klar ve sarkmalar g\u00f6r\u00fcl\u00fcr. Bazen genetik fakt\u00f6rlerde etkili oldu\u011fundan gen\u00e7 ya\u015ftaki ki\u015filerde de bu g\u00f6r\u00fcn\u00fcm g\u00f6zlenebilir. \u0130lk ya\u015flanma belirtilerine genellikle ka\u015f ve al\u0131n b\u00f6lgesinde rastlan\u0131r. Ka\u015flardaki ve \u00fcst g\u00f6z kapaklardaki sarkmalar, zaman ge\u00e7tik\u00e7e g\u00f6zlerin \u00fcst\u00fcnde toplanabilir, estetik g\u00f6r\u00fcn\u00fcm\u00fc [&hellip;]<\/p>\n","protected":false},"author":3,"featured_media":0,"parent":0,"menu_order":0,"comment_status":"closed","ping_status":"closed","template":"","meta":{"footnotes":""},"class_list":["post-12895","page","type-page","status-publish","hentry"],"_links":{"self":[{"href":"https:\/\/dryasinkursadvarsak.com\/en\/wp-json\/wp\/v2\/pages\/12895","targetHints":{"allow":["GET"]}}],"collection":[{"href":"https:\/\/dryasinkursadvarsak.com\/en\/wp-json\/wp\/v2\/pages"}],"about":[{"href":"https:\/\/dryasinkursadvarsak.com\/en\/wp-json\/wp\/v2\/types\/page"}],"author":[{"embeddable":true,"href":"https:\/\/dryasinkursadvarsak.com\/en\/wp-json\/wp\/v2\/users\/3"}],"replies":[{"embeddable":true,"href":"https:\/\/dryasinkursadvarsak.com\/en\/wp-json\/wp\/v2\/comments?post=12895"}],"version-history":[{"count":13,"href":"https:\/\/dryasinkursadvarsak.com\/en\/wp-json\/wp\/v2\/pages\/12895\/revisions"}],"predecessor-version":[{"id":14166,"href":"https:\/\/dryasinkursadvarsak.com\/en\/wp-json\/wp\/v2\/pages\/12895\/revisions\/14166"}],"wp:attachment":[{"href":"https:\/\/dryasinkursadvarsak.com\/en\/wp-json\/wp\/v2\/media?parent=12895"}],"curies":[{"name":"wp","href":"https:\/\/api.w.org\/{rel}","templated":true}]}}