{"id":12890,"date":"2022-08-10T20:45:37","date_gmt":"2022-08-10T20:45:37","guid":{"rendered":"https:\/\/dryasinkursadvarsak.com\/?page_id=12890"},"modified":"2025-10-08T13:12:53","modified_gmt":"2025-10-08T10:12:53","slug":"boyun-germe","status":"publish","type":"page","link":"https:\/\/dryasinkursadvarsak.com\/en\/boyun-germe\/","title":{"rendered":"Neck Lift"},"content":{"rendered":"<div data-elementor-type=\"wp-page\" data-elementor-id=\"12890\" class=\"elementor elementor-12890\" data-elementor-post-type=\"page\">\n\t\t\t\t\t\t<section class=\"elementor-section elementor-top-section elementor-element elementor-element-76464e7 elementor-section-full_width elementor-section-height-default elementor-section-height-default qodef-elementor-content-no\" data-id=\"76464e7\" data-element_type=\"section\" data-e-type=\"section\">\n\t\t\t\t\t\t<div class=\"elementor-container elementor-column-gap-default\">\n\t\t\t\t\t<div class=\"elementor-column elementor-col-50 elementor-top-column elementor-element elementor-element-ed1e2c4\" data-id=\"ed1e2c4\" data-element_type=\"column\" data-e-type=\"column\">\n\t\t\t<div class=\"elementor-widget-wrap elementor-element-populated\">\n\t\t\t\t\t\t<div class=\"elementor-element elementor-element-c89022e elementor-widget elementor-widget-heading\" data-id=\"c89022e\" data-element_type=\"widget\" data-e-type=\"widget\" data-widget_type=\"heading.default\">\n\t\t\t\t\t<h4 class=\"elementor-heading-title elementor-size-default\">Neck Lift Surgery and Deep Plane Jowl Lift <\/h4>\t\t\t\t<\/div>\n\t\t\t\t<div class=\"elementor-element elementor-element-8854427 elementor-widget elementor-widget-text-editor\" data-id=\"8854427\" data-element_type=\"widget\" data-e-type=\"widget\" data-widget_type=\"text-editor.default\">\n\t\t\t\t\t\t\t\t\t<p>The neck skin is a thin skin and is located on a very thin muscle called the platysma. With aging, this muscle loses its tension and begins to sag with the effect of gravity, and wrinkles develop on the neck skin. Decrease in skin elasticity and increase in deep fat tissue in this area cause jowl formation. The loosening of the connective tissues in the neck area causes the loss of a youthful-looking straight jaw line and the formation of sagging called chin. With neck lift surgery, a chin line that provides a smooth and younger appearance is created, the jowl is removed and the neck skin is stretched. During jowl removal, it is essential to remove the deep fat tissue under the platysma muscle rather than the subcutaneous fat tissue. In liposuction procedures to remove the jowl, only a thin layer of subcutaneous adipose tissue is reduced and the jowl is tried to be removed. This process may cause irregularities under the skin, and there should never be an adequate procedure to remove the jowl.<\/p>\t\t\t\t\t\t\t\t<\/div>\n\t\t\t\t<div class=\"elementor-element elementor-element-cfd72cc elementor-widget elementor-widget-image\" data-id=\"cfd72cc\" data-element_type=\"widget\" data-e-type=\"widget\" data-widget_type=\"image.default\">\n\t\t\t\t\t\t\t\t\t\t\t\t\t\t\t<img fetchpriority=\"high\" decoding=\"async\" width=\"1000\" height=\"367\" src=\"https:\/\/dryasinkursadvarsak.com\/wp-content\/uploads\/2022\/08\/GetPaidStock.com-62e2ce836f22b.jpg\" class=\"attachment-large size-large wp-image-12810\" alt=\"\" srcset=\"https:\/\/dryasinkursadvarsak.com\/wp-content\/uploads\/2022\/08\/GetPaidStock.com-62e2ce836f22b.jpg 1000w, https:\/\/dryasinkursadvarsak.com\/wp-content\/uploads\/2022\/08\/GetPaidStock.com-62e2ce836f22b-300x110.jpg 300w, https:\/\/dryasinkursadvarsak.com\/wp-content\/uploads\/2022\/08\/GetPaidStock.com-62e2ce836f22b-768x282.jpg 768w, https:\/\/dryasinkursadvarsak.com\/wp-content\/uploads\/2022\/08\/GetPaidStock.com-62e2ce836f22b-18x7.jpg 18w\" sizes=\"(max-width: 1000px) 100vw, 1000px\" \/>\t\t\t\t\t\t\t\t\t\t\t\t\t\t\t<\/div>\n\t\t\t\t\t<\/div>\n\t\t<\/div>\n\t\t\t\t<div class=\"elementor-column elementor-col-50 elementor-top-column elementor-element elementor-element-a941206\" data-id=\"a941206\" data-element_type=\"column\" data-e-type=\"column\">\n\t\t\t<div class=\"elementor-widget-wrap elementor-element-populated\">\n\t\t\t\t\t\t<div class=\"elementor-element elementor-element-51e2334 elementor-widget elementor-widget-image\" data-id=\"51e2334\" data-element_type=\"widget\" data-e-type=\"widget\" data-widget_type=\"image.default\">\n\t\t\t\t\t\t\t\t\t\t\t\t\t\t\t<img decoding=\"async\" width=\"1000\" height=\"305\" src=\"https:\/\/dryasinkursadvarsak.com\/wp-content\/uploads\/2022\/08\/GetPaidStock.com-62e2cd703a574.jpg\" class=\"attachment-large size-large wp-image-12813\" alt=\"\" srcset=\"https:\/\/dryasinkursadvarsak.com\/wp-content\/uploads\/2022\/08\/GetPaidStock.com-62e2cd703a574.jpg 1000w, https:\/\/dryasinkursadvarsak.com\/wp-content\/uploads\/2022\/08\/GetPaidStock.com-62e2cd703a574-300x92.jpg 300w, https:\/\/dryasinkursadvarsak.com\/wp-content\/uploads\/2022\/08\/GetPaidStock.com-62e2cd703a574-768x234.jpg 768w, https:\/\/dryasinkursadvarsak.com\/wp-content\/uploads\/2022\/08\/GetPaidStock.com-62e2cd703a574-18x5.jpg 18w\" sizes=\"(max-width: 1000px) 100vw, 1000px\" \/>\t\t\t\t\t\t\t\t\t\t\t\t\t\t\t<\/div>\n\t\t\t\t<div class=\"elementor-element elementor-element-5caa235 elementor-widget elementor-widget-heading\" data-id=\"5caa235\" data-element_type=\"widget\" data-e-type=\"widget\" data-widget_type=\"heading.default\">\n\t\t\t\t\t<h4 class=\"elementor-heading-title elementor-size-default\">How is Neck Lift Surgery and Skin Plane Jowl Removal Performed?<\/h4>\t\t\t\t<\/div>\n\t\t\t\t<div class=\"elementor-element elementor-element-12df104 elementor-widget elementor-widget-text-editor\" data-id=\"12df104\" data-element_type=\"widget\" data-e-type=\"widget\" data-widget_type=\"text-editor.default\">\n\t\t\t\t\t\t\t\t\t<p class=\"translation-block\">For chin removal, an incision of approximately 2 cm is made under the chin and is entered between the subcutaneous tissue and the platysma muscle. The fat layer that makes the main jowl in the deep of the platysma muscle is removed. Then digastric muscles in the deep plane can be shaved. If the salivary glands are larger than normal in volume, the salivary glands can be reduced. The deep neck tissues are stretched by incisions and stitches to the platysma muscle. When the stretching process is completed, the excess skin is removed and the incisions are closed with aesthetic sutures.<\/p>\t\t\t\t\t\t\t\t<\/div>\n\t\t\t\t\t<\/div>\n\t\t<\/div>\n\t\t\t\t\t<\/div>\n\t\t<\/section>\n\t\t\t\t<\/div>","protected":false},"excerpt":{"rendered":"<p>Boyun Germe Ameliyat\u0131 ve Derin Plan G\u0131d\u0131 Germe Boyun derisi ince bir deri olup platysma denilen \u00e7ok ince bir kas\u0131n \u00fczerinde yer al\u0131r. Bu kas ya\u015flanma ile birlikte gerginli\u011fini yitirip yer \u00e7ekimi etkisi ile sarkmaya ba\u015flar ve boyun cildinde k\u0131r\u0131\u015f\u0131kl\u0131lar geli\u015fir. Deri elastisitesinde azalma ve bu b\u00f6lgedeki derin ya\u011f dokusu art\u0131\u015f\u0131 g\u0131d\u0131 olu\u015fumuna sebebiyet verir. [&hellip;]<\/p>\n","protected":false},"author":3,"featured_media":0,"parent":0,"menu_order":0,"comment_status":"closed","ping_status":"closed","template":"","meta":{"footnotes":""},"class_list":["post-12890","page","type-page","status-publish","hentry"],"_links":{"self":[{"href":"https:\/\/dryasinkursadvarsak.com\/en\/wp-json\/wp\/v2\/pages\/12890","targetHints":{"allow":["GET"]}}],"collection":[{"href":"https:\/\/dryasinkursadvarsak.com\/en\/wp-json\/wp\/v2\/pages"}],"about":[{"href":"https:\/\/dryasinkursadvarsak.com\/en\/wp-json\/wp\/v2\/types\/page"}],"author":[{"embeddable":true,"href":"https:\/\/dryasinkursadvarsak.com\/en\/wp-json\/wp\/v2\/users\/3"}],"replies":[{"embeddable":true,"href":"https:\/\/dryasinkursadvarsak.com\/en\/wp-json\/wp\/v2\/comments?post=12890"}],"version-history":[{"count":13,"href":"https:\/\/dryasinkursadvarsak.com\/en\/wp-json\/wp\/v2\/pages\/12890\/revisions"}],"predecessor-version":[{"id":14160,"href":"https:\/\/dryasinkursadvarsak.com\/en\/wp-json\/wp\/v2\/pages\/12890\/revisions\/14160"}],"wp:attachment":[{"href":"https:\/\/dryasinkursadvarsak.com\/en\/wp-json\/wp\/v2\/media?parent=12890"}],"curies":[{"name":"wp","href":"https:\/\/api.w.org\/{rel}","templated":true}]}}