{"id":12885,"date":"2022-08-10T20:41:18","date_gmt":"2022-08-10T20:41:18","guid":{"rendered":"https:\/\/dryasinkursadvarsak.com\/?page_id=12885"},"modified":"2025-10-08T13:12:05","modified_gmt":"2025-10-08T10:12:05","slug":"derin-plan-orta-yuz-germe","status":"publish","type":"page","link":"https:\/\/dryasinkursadvarsak.com\/en\/derin-plan-orta-yuz-germe\/","title":{"rendered":"Deep Plane Neck Lift Surgery"},"content":{"rendered":"<div data-elementor-type=\"wp-page\" data-elementor-id=\"12885\" class=\"elementor elementor-12885\" data-elementor-post-type=\"page\">\n\t\t\t\t\t\t<section class=\"elementor-section elementor-top-section elementor-element elementor-element-76464e7 elementor-section-full_width elementor-section-height-default elementor-section-height-default qodef-elementor-content-no\" data-id=\"76464e7\" data-element_type=\"section\" data-e-type=\"section\">\n\t\t\t\t\t\t<div class=\"elementor-container elementor-column-gap-default\">\n\t\t\t\t\t<div class=\"elementor-column elementor-col-50 elementor-top-column elementor-element elementor-element-ed1e2c4\" data-id=\"ed1e2c4\" data-element_type=\"column\" data-e-type=\"column\">\n\t\t\t<div class=\"elementor-widget-wrap elementor-element-populated\">\n\t\t\t\t\t\t<div class=\"elementor-element elementor-element-f06a2b0 elementor-widget elementor-widget-heading\" data-id=\"f06a2b0\" data-element_type=\"widget\" data-e-type=\"widget\" data-widget_type=\"heading.default\">\n\t\t\t\t\t<h4 class=\"elementor-heading-title elementor-size-default\">Deep Plane Neck Lift Surgery<\/h4>\t\t\t\t<\/div>\n\t\t\t\t<div class=\"elementor-element elementor-element-211b485 elementor-widget elementor-widget-text-editor\" data-id=\"211b485\" data-element_type=\"widget\" data-e-type=\"widget\" data-widget_type=\"text-editor.default\">\n\t\t\t\t\t\t\t\t\t<p>For double chin removal, an incision of approximately 2 cm is made under the chin and is entered between the subcutaneous tissue and the platysma muscle. The fat layer that makes the double chin, deep underneath the platysma muscle is removed. Then the digastric muscles in the deep plane can be shaved. If the salivary glands are larger than normal in volume, reduction of the salivary glands can be added.<\/p>\t\t\t\t\t\t\t\t<\/div>\n\t\t\t\t\t<\/div>\n\t\t<\/div>\n\t\t\t\t<div class=\"elementor-column elementor-col-50 elementor-top-column elementor-element elementor-element-a941206\" data-id=\"a941206\" data-element_type=\"column\" data-e-type=\"column\">\n\t\t\t<div class=\"elementor-widget-wrap elementor-element-populated\">\n\t\t\t\t\t\t<div class=\"elementor-element elementor-element-93d7121 elementor-widget elementor-widget-image\" data-id=\"93d7121\" data-element_type=\"widget\" data-e-type=\"widget\" data-widget_type=\"image.default\">\n\t\t\t\t\t\t\t\t\t\t\t\t\t\t\t<img fetchpriority=\"high\" decoding=\"async\" width=\"1000\" height=\"367\" src=\"https:\/\/dryasinkursadvarsak.com\/wp-content\/uploads\/2022\/08\/GetPaidStock.com-62e2ce836f22b.jpg\" class=\"attachment-large size-large wp-image-12810\" alt=\"\" srcset=\"https:\/\/dryasinkursadvarsak.com\/wp-content\/uploads\/2022\/08\/GetPaidStock.com-62e2ce836f22b.jpg 1000w, https:\/\/dryasinkursadvarsak.com\/wp-content\/uploads\/2022\/08\/GetPaidStock.com-62e2ce836f22b-300x110.jpg 300w, https:\/\/dryasinkursadvarsak.com\/wp-content\/uploads\/2022\/08\/GetPaidStock.com-62e2ce836f22b-768x282.jpg 768w, https:\/\/dryasinkursadvarsak.com\/wp-content\/uploads\/2022\/08\/GetPaidStock.com-62e2ce836f22b-18x7.jpg 18w\" sizes=\"(max-width: 1000px) 100vw, 1000px\" \/>\t\t\t\t\t\t\t\t\t\t\t\t\t\t\t<\/div>\n\t\t\t\t<div class=\"elementor-element elementor-element-341ccb7 elementor-widget elementor-widget-heading\" data-id=\"341ccb7\" data-element_type=\"widget\" data-e-type=\"widget\" data-widget_type=\"heading.default\">\n\t\t\t\t\t<h4 class=\"elementor-heading-title elementor-size-default\">How is Deep Plan Mid-Face Lift Operation Performed?<\/h4>\t\t\t\t<\/div>\n\t\t\t\t<div class=\"elementor-element elementor-element-dacee10 elementor-widget elementor-widget-text-editor\" data-id=\"dacee10\" data-element_type=\"widget\" data-e-type=\"widget\" data-widget_type=\"text-editor.default\">\n\t\t\t\t\t\t\t\t\t<p>The important thing in the mid-face lift operation is to release the muscle layer and other deep tissues in this region and to ensure that they are permanently suspended at higher points in order to correct the sagging on the cheek. The facial nerve (facial nerve), which provides facial facial expressions, is quite superficial. Deep plane mid-face lift operations are slightly more risky and less performed because of the facial nerve course. In the deep plan mid-face lift procedure, it is carefully worked away from the facial nerve and proceeds to the corner of the mouth and nose. In this way, it is possible to treat these areas. Later suspension procedures and skin closure techniques are the same as in the classical face lift operation.<\/p>\t\t\t\t\t\t\t\t<\/div>\n\t\t\t\t\t<\/div>\n\t\t<\/div>\n\t\t\t\t\t<\/div>\n\t\t<\/section>\n\t\t\t\t<\/div>","protected":false},"excerpt":{"rendered":"<p>Derin Plan Orta Y\u00fcz Germe Operasyonu Orta y\u00fcz; burnun yan kom\u015fulu\u011funda yer alan ve g\u00f6zlerin tam alt\u0131na denk gelen y\u00fcz\u00fcn merkez b\u00f6lgesidir. Orta y\u00fcz b\u00f6lgesindeki hacim kayb\u0131 ve ya\u015flanma s\u00fcrecinde orta y\u00fcz yumu\u015fak dokular\u0131n\u0131n yer \u00e7ekimi etkisi ile a\u015fa\u011f\u0131 sarkmas\u0131 ile yanakta a\u015fa\u011f\u0131 do\u011fru konumlanma dikkati \u00e7eker. Bu durum nazolabial sulkus denilen burun a\u011f\u0131z k\u00f6\u015fesi [&hellip;]<\/p>\n","protected":false},"author":3,"featured_media":0,"parent":0,"menu_order":0,"comment_status":"closed","ping_status":"closed","template":"","meta":{"footnotes":""},"class_list":["post-12885","page","type-page","status-publish","hentry"],"_links":{"self":[{"href":"https:\/\/dryasinkursadvarsak.com\/en\/wp-json\/wp\/v2\/pages\/12885","targetHints":{"allow":["GET"]}}],"collection":[{"href":"https:\/\/dryasinkursadvarsak.com\/en\/wp-json\/wp\/v2\/pages"}],"about":[{"href":"https:\/\/dryasinkursadvarsak.com\/en\/wp-json\/wp\/v2\/types\/page"}],"author":[{"embeddable":true,"href":"https:\/\/dryasinkursadvarsak.com\/en\/wp-json\/wp\/v2\/users\/3"}],"replies":[{"embeddable":true,"href":"https:\/\/dryasinkursadvarsak.com\/en\/wp-json\/wp\/v2\/comments?post=12885"}],"version-history":[{"count":19,"href":"https:\/\/dryasinkursadvarsak.com\/en\/wp-json\/wp\/v2\/pages\/12885\/revisions"}],"predecessor-version":[{"id":14157,"href":"https:\/\/dryasinkursadvarsak.com\/en\/wp-json\/wp\/v2\/pages\/12885\/revisions\/14157"}],"wp:attachment":[{"href":"https:\/\/dryasinkursadvarsak.com\/en\/wp-json\/wp\/v2\/media?parent=12885"}],"curies":[{"name":"wp","href":"https:\/\/api.w.org\/{rel}","templated":true}]}}