{"id":12875,"date":"2022-08-10T20:12:43","date_gmt":"2022-08-10T20:12:43","guid":{"rendered":"https:\/\/dryasinkursadvarsak.com\/?page_id=12875"},"modified":"2025-10-08T13:10:05","modified_gmt":"2025-10-08T10:10:05","slug":"derin-plan-yuz-germe","status":"publish","type":"page","link":"https:\/\/dryasinkursadvarsak.com\/en\/derin-plan-yuz-germe\/","title":{"rendered":"Deep Plane Face Lift"},"content":{"rendered":"<div data-elementor-type=\"wp-page\" data-elementor-id=\"12875\" class=\"elementor elementor-12875\" data-elementor-post-type=\"page\">\n\t\t\t\t\t\t<section class=\"elementor-section elementor-top-section elementor-element elementor-element-3dc72ae elementor-section-full_width elementor-section-height-default elementor-section-height-default qodef-elementor-content-no\" data-id=\"3dc72ae\" data-element_type=\"section\" data-e-type=\"section\">\n\t\t\t\t\t\t<div class=\"elementor-container elementor-column-gap-default\">\n\t\t\t\t\t<div class=\"elementor-column elementor-col-33 elementor-top-column elementor-element elementor-element-c531a99\" data-id=\"c531a99\" data-element_type=\"column\" data-e-type=\"column\">\n\t\t\t<div class=\"elementor-widget-wrap elementor-element-populated\">\n\t\t\t\t\t\t<div class=\"elementor-element elementor-element-a7f985b elementor-widget elementor-widget-image\" data-id=\"a7f985b\" data-element_type=\"widget\" data-e-type=\"widget\" data-widget_type=\"image.default\">\n\t\t\t\t\t\t\t\t\t\t\t\t\t\t\t<img fetchpriority=\"high\" decoding=\"async\" width=\"1024\" height=\"1024\" src=\"https:\/\/dryasinkursadvarsak.com\/wp-content\/uploads\/2022\/08\/smiley-mature-woman-with-make-up-posing-with-hand-face-1024x1024.jpg\" class=\"attachment-large size-large wp-image-12344\" alt=\"\" srcset=\"https:\/\/dryasinkursadvarsak.com\/wp-content\/uploads\/2022\/08\/smiley-mature-woman-with-make-up-posing-with-hand-face-1024x1024.jpg 1024w, https:\/\/dryasinkursadvarsak.com\/wp-content\/uploads\/2022\/08\/smiley-mature-woman-with-make-up-posing-with-hand-face-300x300.jpg 300w, https:\/\/dryasinkursadvarsak.com\/wp-content\/uploads\/2022\/08\/smiley-mature-woman-with-make-up-posing-with-hand-face-150x150.jpg 150w, https:\/\/dryasinkursadvarsak.com\/wp-content\/uploads\/2022\/08\/smiley-mature-woman-with-make-up-posing-with-hand-face-768x768.jpg 768w, https:\/\/dryasinkursadvarsak.com\/wp-content\/uploads\/2022\/08\/smiley-mature-woman-with-make-up-posing-with-hand-face-1536x1536.jpg 1536w, https:\/\/dryasinkursadvarsak.com\/wp-content\/uploads\/2022\/08\/smiley-mature-woman-with-make-up-posing-with-hand-face-2048x2048.jpg 2048w, https:\/\/dryasinkursadvarsak.com\/wp-content\/uploads\/2022\/08\/smiley-mature-woman-with-make-up-posing-with-hand-face-12x12.jpg 12w, https:\/\/dryasinkursadvarsak.com\/wp-content\/uploads\/2022\/08\/smiley-mature-woman-with-make-up-posing-with-hand-face-650x650.jpg 650w, https:\/\/dryasinkursadvarsak.com\/wp-content\/uploads\/2022\/08\/smiley-mature-woman-with-make-up-posing-with-hand-face-1300x1300.jpg 1300w\" sizes=\"(max-width: 1024px) 100vw, 1024px\" \/>\t\t\t\t\t\t\t\t\t\t\t\t\t\t\t<\/div>\n\t\t\t\t\t<\/div>\n\t\t<\/div>\n\t\t\t\t<div class=\"elementor-column elementor-col-66 elementor-top-column elementor-element elementor-element-3267cf9\" data-id=\"3267cf9\" data-element_type=\"column\" data-e-type=\"column\">\n\t\t\t<div class=\"elementor-widget-wrap elementor-element-populated\">\n\t\t\t\t\t\t<div class=\"elementor-element elementor-element-8f33f11 elementor-widget elementor-widget-heading\" data-id=\"8f33f11\" data-element_type=\"widget\" data-e-type=\"widget\" data-widget_type=\"heading.default\">\n\t\t\t\t\t<h4 class=\"elementor-heading-title elementor-size-default\">Deep Plane Face-Lift Operation<\/h4>\t\t\t\t<\/div>\n\t\t\t\t<div class=\"elementor-element elementor-element-a989e34 elementor-widget elementor-widget-text-editor\" data-id=\"a989e34\" data-element_type=\"widget\" data-e-type=\"widget\" data-widget_type=\"text-editor.default\">\n\t\t\t\t\t\t\t\t\t<p>Facelift can be defined as the surgical correction of anatomical changes in various parts of the face caused by aging, gravity, genetic and environmental factors. Especially the changes in the cheeks, jaw line, jowl area, neck, eyelids cause the person to have an old face appearance. The aim of the face lift operation is to achieve the change needed by the person without disturbing the natural facial features. The way to make this change permanent is to understand the aging face syndrome correctly and to use the right methods.\nIt is not possible to correct the sagging of the subcutaneous connective tissues only by hanging or stretching the skin. For this reason, more satisfactory and permanent results can be obtained when the muscles and connective tissues attached to the facial bones are hung together with the skin as a whole in the surgical facelift procedure.<\/p>\t\t\t\t\t\t\t\t<\/div>\n\t\t\t\t<div class=\"elementor-element elementor-element-46531a2 elementor-widget elementor-widget-heading\" data-id=\"46531a2\" data-element_type=\"widget\" data-e-type=\"widget\" data-widget_type=\"heading.default\">\n\t\t\t\t\t<h4 class=\"elementor-heading-title elementor-size-default\">How is Deep Plan Mid-Face Lift Operation Performed?<\/h4>\t\t\t\t<\/div>\n\t\t\t\t<div class=\"elementor-element elementor-element-3f3e094 elementor-widget elementor-widget-text-editor\" data-id=\"3f3e094\" data-element_type=\"widget\" data-e-type=\"widget\" data-widget_type=\"text-editor.default\">\n\t\t\t\t\t\t\t\t\t<p>Mid face; It is the central region of the face, which is located next to the nose and coincides with the right under the eyes. The loss of volume in the mid-face area and the sagging of the mid-face soft tissues with the effect of gravity during the aging process and the downward positioning of the cheek draw attention. This situation causes the groove between the corner of the nose and mouth, called the nasolabial sulcus, and the under-eye circles to become prominent, as well as the appearance of under-eye bags.<\/p>\t\t\t\t\t\t\t\t<\/div>\n\t\t\t\t\t<\/div>\n\t\t<\/div>\n\t\t\t\t\t<\/div>\n\t\t<\/section>\n\t\t\t\t<\/div>","protected":false},"excerpt":{"rendered":"<p>Derin Plan Y\u00fcz Germe Operasyonu Y\u00fcz germe y\u00fcz\u00fcn \u00e7e\u015fitli b\u00f6lgelerinde ya\u015flanma, yer \u00e7ekimi, genetik ve \u00e7evresel fakt\u00f6rlerin etkisiyle olu\u015fan anatomik de\u011fi\u015fikliklerin cerrahi olarak d\u00fczeltilmesi olarak tan\u0131mlanabilir. \u00d6zellikle \u015fakak b\u00f6lgeleri, yanaklar, \u00e7ene hatt\u0131, g\u0131d\u0131 b\u00f6lgesi, boyun, g\u00f6z kapaklar\u0131ndaki de\u011fi\u015fim ki\u015finin ya\u015fl\u0131 bir y\u00fcz g\u00f6r\u00fcn\u00fcm\u00fcne sahip olmas\u0131na neden olmaktad\u0131r. Y\u00fcz germe operasyonunda hedef ki\u015finin ihtiyac\u0131 olan de\u011fi\u015fimi [&hellip;]<\/p>\n","protected":false},"author":3,"featured_media":0,"parent":0,"menu_order":0,"comment_status":"closed","ping_status":"closed","template":"","meta":{"footnotes":""},"class_list":["post-12875","page","type-page","status-publish","hentry"],"_links":{"self":[{"href":"https:\/\/dryasinkursadvarsak.com\/en\/wp-json\/wp\/v2\/pages\/12875","targetHints":{"allow":["GET"]}}],"collection":[{"href":"https:\/\/dryasinkursadvarsak.com\/en\/wp-json\/wp\/v2\/pages"}],"about":[{"href":"https:\/\/dryasinkursadvarsak.com\/en\/wp-json\/wp\/v2\/types\/page"}],"author":[{"embeddable":true,"href":"https:\/\/dryasinkursadvarsak.com\/en\/wp-json\/wp\/v2\/users\/3"}],"replies":[{"embeddable":true,"href":"https:\/\/dryasinkursadvarsak.com\/en\/wp-json\/wp\/v2\/comments?post=12875"}],"version-history":[{"count":13,"href":"https:\/\/dryasinkursadvarsak.com\/en\/wp-json\/wp\/v2\/pages\/12875\/revisions"}],"predecessor-version":[{"id":14151,"href":"https:\/\/dryasinkursadvarsak.com\/en\/wp-json\/wp\/v2\/pages\/12875\/revisions\/14151"}],"wp:attachment":[{"href":"https:\/\/dryasinkursadvarsak.com\/en\/wp-json\/wp\/v2\/media?parent=12875"}],"curies":[{"name":"wp","href":"https:\/\/api.w.org\/{rel}","templated":true}]}}