{"id":12413,"date":"2022-08-07T19:22:50","date_gmt":"2022-08-07T19:22:50","guid":{"rendered":"https:\/\/dryasinkursadvarsak.com\/?page_id=12413"},"modified":"2025-10-08T13:31:31","modified_gmt":"2025-10-08T10:31:31","slug":"yuz-bolgesinde-nevus-ben-alma-islemi","status":"publish","type":"page","link":"https:\/\/dryasinkursadvarsak.com\/en\/yuz-bolgesinde-nevus-ben-alma-islemi\/","title":{"rendered":"Percent Nevus Removal Treatment"},"content":{"rendered":"<div data-elementor-type=\"wp-page\" data-elementor-id=\"12413\" class=\"elementor elementor-12413\" data-elementor-post-type=\"page\">\n\t\t\t\t\t\t<section class=\"elementor-section elementor-top-section elementor-element elementor-element-6551a59 elementor-section-full_width elementor-section-height-default elementor-section-height-default qodef-elementor-content-no\" data-id=\"6551a59\" data-element_type=\"section\" data-e-type=\"section\">\n\t\t\t\t\t\t<div class=\"elementor-container elementor-column-gap-default\">\n\t\t\t\t\t<div class=\"elementor-column elementor-col-66 elementor-top-column elementor-element elementor-element-15ba62c\" data-id=\"15ba62c\" data-element_type=\"column\" data-e-type=\"column\">\n\t\t\t<div class=\"elementor-widget-wrap elementor-element-populated\">\n\t\t\t\t\t\t<div class=\"elementor-element elementor-element-2644b73 elementor-widget elementor-widget-heading\" data-id=\"2644b73\" data-element_type=\"widget\" data-e-type=\"widget\" data-widget_type=\"heading.default\">\n\t\t\t\t\t<h4 class=\"elementor-heading-title elementor-size-default\">Nevus Removal In The Face Region<\/h4>\t\t\t\t<\/div>\n\t\t\t\t<div class=\"elementor-element elementor-element-bf6e598 elementor-widget elementor-widget-text-editor\" data-id=\"bf6e598\" data-element_type=\"widget\" data-e-type=\"widget\" data-widget_type=\"text-editor.default\">\n\t\t\t\t\t\t\t\t\t<p>Nevuses are dark-colored formations on the skin that spoil the aesthetic appearance. They are mostly seen in black, dark and light brown colors. They occur due to the collection and clustering of melanin under the skin for various reasons. Flat moles, moles and moles that are seen as bulky can be removed by various methods. But the most healthy and non-scarring method is the method of self-removal by surgery. Nevuses are removed not only to eliminate aesthetic concerns. It is important to take moles to take precautions for malignant spots that may occur in the future.<\/p>\t\t\t\t\t\t\t\t<\/div>\n\t\t\t\t<div class=\"elementor-element elementor-element-3d13de7 elementor-widget elementor-widget-heading\" data-id=\"3d13de7\" data-element_type=\"widget\" data-e-type=\"widget\" data-widget_type=\"heading.default\">\n\t\t\t\t\t<h4 class=\"elementor-heading-title elementor-size-default\">How Is the Nevus Removal Surgery Performed?<\/h4>\t\t\t\t<\/div>\n\t\t\t\t<div class=\"elementor-element elementor-element-07c44e9 elementor-widget elementor-widget-text-editor\" data-id=\"07c44e9\" data-element_type=\"widget\" data-e-type=\"widget\" data-widget_type=\"text-editor.default\">\n\t\t\t\t\t\t\t\t\t<p>Nevus removal is carried out in the course of a surgical procedure. Under local anesthesia, the problematic area is removed and the nevus removal area is repaired aesthetically.\nIn order to remove the nevuses, a certain size incision is made to surround them. The cut mole skin piece is removed and the operation is terminated with aesthetic stitches. The mole removal operation can be applied to women and men who have nevus problems and who do not mind taking local anesthesia. After the nevus removal operation, there may be minor scars. If there is a scar after the operation and the remaining scar is disturbing to you, you can see scar and stain treatments after the nevus removal surgery is healed and after the operated tissue completely recovers itself.<\/p>\t\t\t\t\t\t\t\t<\/div>\n\t\t\t\t<div class=\"elementor-element elementor-element-b8e3d08 elementor-widget elementor-widget-heading\" data-id=\"b8e3d08\" data-element_type=\"widget\" data-e-type=\"widget\" data-widget_type=\"heading.default\">\n\t\t\t\t\t<h4 class=\"elementor-heading-title elementor-size-default\">Is Nevus Removal A Permanent Procedure?<\/h4>\t\t\t\t<\/div>\n\t\t\t\t<div class=\"elementor-element elementor-element-630e913 elementor-widget elementor-widget-text-editor\" data-id=\"630e913\" data-element_type=\"widget\" data-e-type=\"widget\" data-widget_type=\"text-editor.default\">\n\t\t\t\t\t\t\t\t\t<p>The removed nevuses are completely removed by cutting with the surgical method, so it is impossible for the same nevus (mole)spot to reappear. However, due to some reasons that create moles, new moles can be seen in other regions or close to the operation area. This situation is not related to the success or permanence of the operation.<\/p>\t\t\t\t\t\t\t\t<\/div>\n\t\t\t\t\t<\/div>\n\t\t<\/div>\n\t\t\t\t<div class=\"elementor-column elementor-col-33 elementor-top-column elementor-element elementor-element-e83a833\" data-id=\"e83a833\" data-element_type=\"column\" data-e-type=\"column\">\n\t\t\t<div class=\"elementor-widget-wrap elementor-element-populated\">\n\t\t\t\t\t\t<div class=\"elementor-element elementor-element-d1d2f93 elementor-widget elementor-widget-image\" data-id=\"d1d2f93\" data-element_type=\"widget\" data-e-type=\"widget\" data-widget_type=\"image.default\">\n\t\t\t\t\t\t\t\t\t\t\t\t\t\t\t<img fetchpriority=\"high\" decoding=\"async\" width=\"1024\" height=\"1024\" src=\"https:\/\/dryasinkursadvarsak.com\/wp-content\/uploads\/2022\/08\/38-1024x1024.png\" class=\"attachment-large size-large wp-image-12417\" alt=\"\" srcset=\"https:\/\/dryasinkursadvarsak.com\/wp-content\/uploads\/2022\/08\/38-1024x1024.png 1024w, https:\/\/dryasinkursadvarsak.com\/wp-content\/uploads\/2022\/08\/38-300x300.png 300w, https:\/\/dryasinkursadvarsak.com\/wp-content\/uploads\/2022\/08\/38-150x150.png 150w, https:\/\/dryasinkursadvarsak.com\/wp-content\/uploads\/2022\/08\/38-768x768.png 768w, https:\/\/dryasinkursadvarsak.com\/wp-content\/uploads\/2022\/08\/38-12x12.png 12w, https:\/\/dryasinkursadvarsak.com\/wp-content\/uploads\/2022\/08\/38-650x650.png 650w, https:\/\/dryasinkursadvarsak.com\/wp-content\/uploads\/2022\/08\/38.png 1080w\" sizes=\"(max-width: 1024px) 100vw, 1024px\" \/>\t\t\t\t\t\t\t\t\t\t\t\t\t\t\t<\/div>\n\t\t\t\t\t<\/div>\n\t\t<\/div>\n\t\t\t\t\t<\/div>\n\t\t<\/section>\n\t\t\t\t<\/div>","protected":false},"excerpt":{"rendered":"<p>Y\u00fcz B\u00f6lgesinde Nev\u00fcs (Ben) Alma \u0130\u015flemi Benler, deri \u00fczerinde yer alan ve estetik g\u00f6r\u00fcn\u00fcm\u00fc bozan koyu renkli olu\u015fumlard\u0131r. \u00c7o\u011fu kez siyah, koyu ve a\u00e7\u0131k kahve renklerinde g\u00f6r\u00fcl\u00fcrler. Deri alt\u0131ndaki melaninlerin toplanmas\u0131 ve k\u00fcmelenmesi ile \u00e7e\u015fitli sebeplere ba\u011fl\u0131 olarak olu\u015furlar. Yass\u0131 ben, et beni ve hacimsiz olarak g\u00f6r\u00fclen benler \u00e7e\u015fitli y\u00f6ntemler ile al\u0131nabilir. Fakat en sa\u011fl\u0131kl\u0131 [&hellip;]<\/p>\n","protected":false},"author":3,"featured_media":0,"parent":0,"menu_order":0,"comment_status":"closed","ping_status":"closed","template":"","meta":{"footnotes":""},"class_list":["post-12413","page","type-page","status-publish","hentry"],"_links":{"self":[{"href":"https:\/\/dryasinkursadvarsak.com\/en\/wp-json\/wp\/v2\/pages\/12413","targetHints":{"allow":["GET"]}}],"collection":[{"href":"https:\/\/dryasinkursadvarsak.com\/en\/wp-json\/wp\/v2\/pages"}],"about":[{"href":"https:\/\/dryasinkursadvarsak.com\/en\/wp-json\/wp\/v2\/types\/page"}],"author":[{"embeddable":true,"href":"https:\/\/dryasinkursadvarsak.com\/en\/wp-json\/wp\/v2\/users\/3"}],"replies":[{"embeddable":true,"href":"https:\/\/dryasinkursadvarsak.com\/en\/wp-json\/wp\/v2\/comments?post=12413"}],"version-history":[{"count":16,"href":"https:\/\/dryasinkursadvarsak.com\/en\/wp-json\/wp\/v2\/pages\/12413\/revisions"}],"predecessor-version":[{"id":14199,"href":"https:\/\/dryasinkursadvarsak.com\/en\/wp-json\/wp\/v2\/pages\/12413\/revisions\/14199"}],"wp:attachment":[{"href":"https:\/\/dryasinkursadvarsak.com\/en\/wp-json\/wp\/v2\/media?parent=12413"}],"curies":[{"name":"wp","href":"https:\/\/api.w.org\/{rel}","templated":true}]}}